{"id":8546,"date":"2025-05-30T12:01:49","date_gmt":"2025-05-30T12:01:49","guid":{"rendered":"https:\/\/aussenduschen.ch\/?post_type=product&#038;p=8546"},"modified":"2025-06-20T07:53:09","modified_gmt":"2025-06-20T07:53:09","slug":"solardusche-solare-charbon","status":"publish","type":"product","link":"https:\/\/aussenduschen.ch\/it\/product\/solardusche-solare-charbon\/","title":{"rendered":"Doccia solare Charbon solare"},"content":{"rendered":"","protected":false},"excerpt":{"rendered":"<p><strong>Doccia solare Solare Charbon di Ama Luxury Docce<\/strong><br \/>\n<em>L'eleganza incontra l'innovazione: la doccia solare di qualit\u00e0 superiore per ambienti esterni di classe<\/em><\/p>\n<p>Il Solar Charbon di Ama Luxury Showers combina un sorprendente design italiano con una tecnologia sostenibile e i pi\u00f9 alti standard di qualit\u00e0. Questo modello \u00e8 un vero e proprio fiore all'occhiello per giardini, aree piscina e zone spa, dove l'estetica e la durata sono al centro dell'attenzione.<\/p>\n<p><strong>Caratteristiche speciali in sintesi<\/strong><\/p>\n<ul>\n<li><strong>Materiali e lavorazione di alta qualit\u00e0:<\/strong> Realizzato in acciaio inox AISI 304 di 3 mm di spessore, laccato a forno, completamente privo di componenti in plastica. La verniciatura a polvere nera conferisce un aspetto elegante e una protezione ottimale dagli agenti atmosferici.<\/li>\n<li><strong>Serbatoio dell'acqua calda:<\/strong> Il serbatoio integrato, con un volume di 28 litri, sfrutta l'energia solare per riscaldare in modo affidabile l'acqua a una temperatura gradevole, senza bisogno di elettricit\u00e0.<\/li>\n<li><strong>Design:<\/strong> Linee chiare e minimali e un look robusto e minimalista creano accenti di stile. Con le sue superfici nere opache, Solar Charbon \u00e8 un vero e proprio richiamo visivo e si integra armoniosamente nelle moderne aree esterne.<\/li>\n<li><strong>Comfort della doccia:<\/strong> L'ampio soffione con ugelli in silicone autopulenti previene i depositi di calcare e garantisce una piacevole esperienza di doccia. Il regolatore di temperatura a variazione continua assicura opzioni di regolazione precise.<\/li>\n<li><strong>Dimensioni e installazione:<\/strong> Con un'altezza di 226 cm (soffione a 211 cm) e un peso di 19 kg, la doccia \u00e8 sicura e stabile. Pu\u00f2 essere montata saldamente sul pavimento, con una flangia o in modo flessibile utilizzando un tubo da giardino o un tubo fisso.<\/li>\n<\/ul>\n<p><strong>I vantaggi in sintesi<\/strong><\/p>\n<ul>\n<li>Rispettoso dell'ambiente: riscaldamento esclusivamente a energia solare<\/li>\n<li>Estremamente resistente: Acciaio inossidabile di alta qualit\u00e0, prodotto interamente in Italia<\/li>\n<li>Pronto per l'uso immediato: consegnato preassemblato<\/li>\n<li>Manutenzione ridotta: i pezzi di ricambio sono sempre disponibili<\/li>\n<\/ul>\n<p><strong>Ideale per chi?<\/strong><br \/>\nIl Solar Charbon si rivolge a proprietari di giardini e piscine esigenti che apprezzano design, qualit\u00e0 e sostenibilit\u00e0. \u00c8 perfetto sia per i giardini privati che per le aree esterne commerciali, dai lussuosi paesaggi delle piscine alle eleganti aree benessere.<\/p>\n<p><strong>Istruzioni per la cura<\/strong><\/p>\n<ul>\n<li>Pulire con un detergente delicato e un panno morbido<\/li>\n<li>Proteggere dal gelo: Svuotare l'acqua e lasciare il rubinetto aperto<\/li>\n<\/ul>\n<p><strong>Conclusione finale<\/strong><br \/>\nLa Solar Charbon di Ama Luxury Showers \u00e8 pi\u00f9 di una semplice doccia da esterno: \u00e8 un capolavoro architettonico che combina sapientemente funzionalit\u00e0 e lusso. Grazie alla sua struttura robusta, al design elegante e alla tecnologia solare ad alta efficienza energetica, stabilisce nuovi standard per l'esclusivo bagno all'aperto.<\/p>\n<p><strong><a href=\"https:\/\/aussenduschen.ch\/wp-content\/uploads\/2025\/05\/Spolare-Carbon_Installatonsanleitung.pdf\">DOWNLOAD: ISTRUZIONI PER L'INSTALLAZIONE<\/a><\/strong><\/p>\n<p>&nbsp;<\/p>","protected":false},"featured_media":8556,"template":"","meta":[],"product_brand":[],"product_cat":[15,132],"product_tag":[],"class_list":{"0":"post-8546","1":"product","2":"type-product","3":"status-publish","4":"has-post-thumbnail","6":"product_cat-gartenduschen","7":"product_cat-solardusche","9":"first","10":"instock","11":"taxable","12":"shipping-taxable","13":"purchasable","14":"product-type-simple"},"_links":{"self":[{"href":"https:\/\/aussenduschen.ch\/it\/wp-json\/wp\/v2\/product\/8546","targetHints":{"allow":["GET"]}}],"collection":[{"href":"https:\/\/aussenduschen.ch\/it\/wp-json\/wp\/v2\/product"}],"about":[{"href":"https:\/\/aussenduschen.ch\/it\/wp-json\/wp\/v2\/types\/product"}],"version-history":[{"count":1,"href":"https:\/\/aussenduschen.ch\/it\/wp-json\/wp\/v2\/product\/8546\/revisions"}],"predecessor-version":[{"id":8554,"href":"https:\/\/aussenduschen.ch\/it\/wp-json\/wp\/v2\/product\/8546\/revisions\/8554"}],"wp:featuredmedia":[{"embeddable":true,"href":"https:\/\/aussenduschen.ch\/it\/wp-json\/wp\/v2\/media\/8556"}],"wp:attachment":[{"href":"https:\/\/aussenduschen.ch\/it\/wp-json\/wp\/v2\/media?parent=8546"}],"wp:term":[{"taxonomy":"product_brand","embeddable":true,"href":"https:\/\/aussenduschen.ch\/it\/wp-json\/wp\/v2\/product_brand?post=8546"},{"taxonomy":"product_cat","embeddable":true,"href":"https:\/\/aussenduschen.ch\/it\/wp-json\/wp\/v2\/product_cat?post=8546"},{"taxonomy":"product_tag","embeddable":true,"href":"https:\/\/aussenduschen.ch\/it\/wp-json\/wp\/v2\/product_tag?post=8546"}],"curies":[{"name":"wp","href":"https:\/\/api.w.org\/{rel}","templated":true}]}}