{"id":6610,"date":"2023-11-01T08:15:11","date_gmt":"2023-11-01T08:15:11","guid":{"rendered":"https:\/\/aussenduschen.ch\/?post_type=product&#038;p=6610"},"modified":"2025-01-27T09:45:19","modified_gmt":"2025-01-27T09:45:19","slug":"boss-wide-wanddusche-w444","status":"publish","type":"product","link":"https:\/\/aussenduschen.ch\/it\/product\/boss-wide-wanddusche-w444\/","title":{"rendered":"Boss Wide W444"},"content":{"rendered":"","protected":false},"excerpt":{"rendered":"<div class=\"_message-item__content_16jsp_9\">\n<div class=\"_message-content_1yhhc_2 _message-content--markdown_1yhhc_19\">\n<p>Boss Wide per il montaggio a parete \u00e8 la soluzione perfetta per una lussuosa esperienza di doccia all'interno e all'esterno. Grazie al miscelatore di alta qualit\u00e0 per acqua calda e fredda, \u00e8 possibile regolare la temperatura dell'acqua in base alle proprie preferenze.<\/p>\n<p>La doccia da esterno Boss Wide \u00e8 dotata di un imponente soffione da 300 mm, realizzato in resistente acciaio inox V4A. Questo non solo garantisce una lunga durata, ma conferisce alla doccia un aspetto moderno e attraente. Sono disponibili anche diversi rivestimenti PVD per un look davvero speciale.<\/p>\n<p>La doccetta aggiuntiva opzionale offre ancora pi\u00f9 flessibilit\u00e0 e comfort durante la doccia. La doccetta pu\u00f2 essere facilmente fissata al supporto a parete della doccia esterna e utilizzata come si desidera.<\/p>\n<p>Che siate alla ricerca di una doccia rinfrescante all'aperto o di un'esperienza rilassante all'interno, Boss Wide vi offre entrambe le cose. Le finiture di alta qualit\u00e0 e le funzioni versatili fanno di questa doccia un vero prodotto di lusso per la vostra casa.<\/p>\n<\/div>\n<\/div>","protected":false},"featured_media":6613,"template":"","meta":[],"product_brand":[],"product_cat":[124,154,153,134,126,150,139,125,127,135,123,128,129,71],"product_tag":[],"class_list":{"0":"post-6610","1":"product","2":"type-product","3":"status-publish","4":"has-post-thumbnail","6":"product_cat-duschbrause","7":"product_cat-duschbrause-sanitaerzubehoer","8":"product_cat-duschstange","9":"product_cat-duschsystem","10":"product_cat-garten-dusche","11":"product_cat-mischbatterie-dusche","12":"product_cat-oeffentliche-dusche","13":"product_cat-outdoor-dusche","14":"product_cat-pool-dusche","15":"product_cat-regendusche-outdoor-dusche","16":"product_cat-regendusche","17":"product_cat-sauna-dusche","18":"product_cat-wanddusche","19":"product_cat-wandduschen","21":"first","22":"instock","23":"taxable","24":"shipping-taxable","25":"purchasable","26":"product-type-simple"},"_links":{"self":[{"href":"https:\/\/aussenduschen.ch\/it\/wp-json\/wp\/v2\/product\/6610","targetHints":{"allow":["GET"]}}],"collection":[{"href":"https:\/\/aussenduschen.ch\/it\/wp-json\/wp\/v2\/product"}],"about":[{"href":"https:\/\/aussenduschen.ch\/it\/wp-json\/wp\/v2\/types\/product"}],"version-history":[{"count":3,"href":"https:\/\/aussenduschen.ch\/it\/wp-json\/wp\/v2\/product\/6610\/revisions"}],"predecessor-version":[{"id":6616,"href":"https:\/\/aussenduschen.ch\/it\/wp-json\/wp\/v2\/product\/6610\/revisions\/6616"}],"wp:featuredmedia":[{"embeddable":true,"href":"https:\/\/aussenduschen.ch\/it\/wp-json\/wp\/v2\/media\/6613"}],"wp:attachment":[{"href":"https:\/\/aussenduschen.ch\/it\/wp-json\/wp\/v2\/media?parent=6610"}],"wp:term":[{"taxonomy":"product_brand","embeddable":true,"href":"https:\/\/aussenduschen.ch\/it\/wp-json\/wp\/v2\/product_brand?post=6610"},{"taxonomy":"product_cat","embeddable":true,"href":"https:\/\/aussenduschen.ch\/it\/wp-json\/wp\/v2\/product_cat?post=6610"},{"taxonomy":"product_tag","embeddable":true,"href":"https:\/\/aussenduschen.ch\/it\/wp-json\/wp\/v2\/product_tag?post=6610"}],"curies":[{"name":"wp","href":"https:\/\/api.w.org\/{rel}","templated":true}]}}