{"id":6569,"date":"2023-10-09T10:49:41","date_gmt":"2023-10-09T10:49:41","guid":{"rendered":"https:\/\/aussenduschen.ch\/?post_type=product&#038;p=6569"},"modified":"2025-07-19T12:47:42","modified_gmt":"2025-07-19T12:47:42","slug":"flamingo-f60","status":"publish","type":"product","link":"https:\/\/aussenduschen.ch\/it\/product\/flamingo-f60\/","title":{"rendered":"Flamingo F60 con rivestimento PVD di alta qualit\u00e0"},"content":{"rendered":"","protected":false},"excerpt":{"rendered":"<p><strong>FENICOTTERO F60 (PVD)<\/strong><\/p>\n<div class=\"_message-item__content_16jsp_9\">\n<div class=\"_message-content_1yhhc_2 _message-content--markdown_1yhhc_19\">\n<p><strong>Nota: a causa dei limiti di spazio del processo PVD, la doccia \u00e8 prodotta in tre parti. La doccia viene fornita assemblata.<\/strong><\/p>\n<p>La doccia da esterno Flamingo, l'ultimo progetto di Fontealta, \u00e8 la scelta perfetta per una squisita esperienza di doccia interna ed esterna. Ispirata alla grazia e all'eleganza di un fenicottero, questa doccia presenta un design elegante e delicato che valorizzer\u00e0 qualsiasi ambiente o giardino.<\/p>\n<p>La doccia da esterno Flamingo \u00e8 disponibile con un comodo miscelatore monocomando che consente di regolare la temperatura dell'acqua in base alle proprie esigenze e preferenze. Sia che desideriate una doccia rinfrescante con acqua fredda o che preferiate una doccia calda rivitalizzante, questa doccia vi offre la flessibilit\u00e0 che desiderate.<\/p>\n<p>La doccia da esterno Flamingo \u00e8 realizzata in acciaio inox V4A di alta qualit\u00e0, che non solo assicura una durata eccezionale, ma garantisce anche un aspetto di prima classe. In opzione sono disponibili rivestimenti in PVD per un look davvero speciale.<\/p>\n<p>Per una maggiore comodit\u00e0 e versatilit\u00e0, \u00e8 possibile dotare la doccia da esterno Flamingo di una doccetta aggiuntiva. Facile da montare, consente di effettuare pulizie mirate o momenti di relax a seconda delle esigenze.<\/p>\n<p>Che si tratti di una doccia rinfrescante all'aperto o di una doccia energizzante in casa, il Flamingo non lascia nulla a desiderare. Con il suo design inconfondibile e le finiture di alta qualit\u00e0, aggiunge un tocco di lusso al vostro giardino.<\/p>\n<p>Scoprite la raffinata eleganza e la funzionalit\u00e0 del Flamingo di Fontealta. Provate la sensazione dell'acqua rinfrescante sulla pelle e godetevi un'esperienza doccia eccezionale che vi offre relax e ristoro.<\/p>\n<\/div>\n<p><a href=\"https:\/\/aussenduschen.ch\/wp-content\/uploads\/2023\/10\/Flamingo_Installation.pdf\">Istruzioni per l'installazione<\/a><\/p>\n<\/div>","protected":false},"featured_media":6622,"template":"","meta":[],"product_brand":[],"product_cat":[15,133,126,139,125,127,128,130],"product_tag":[],"class_list":{"0":"post-6569","1":"product","2":"type-product","3":"status-publish","4":"has-post-thumbnail","6":"product_cat-gartenduschen","7":"product_cat-duschsaeule","8":"product_cat-garten-dusche","9":"product_cat-oeffentliche-dusche","10":"product_cat-outdoor-dusche","11":"product_cat-pool-dusche","12":"product_cat-sauna-dusche","13":"product_cat-schwimmbad-dusche","15":"first","16":"instock","17":"taxable","18":"shipping-taxable","19":"purchasable","20":"product-type-simple"},"_links":{"self":[{"href":"https:\/\/aussenduschen.ch\/it\/wp-json\/wp\/v2\/product\/6569","targetHints":{"allow":["GET"]}}],"collection":[{"href":"https:\/\/aussenduschen.ch\/it\/wp-json\/wp\/v2\/product"}],"about":[{"href":"https:\/\/aussenduschen.ch\/it\/wp-json\/wp\/v2\/types\/product"}],"version-history":[{"count":7,"href":"https:\/\/aussenduschen.ch\/it\/wp-json\/wp\/v2\/product\/6569\/revisions"}],"predecessor-version":[{"id":8761,"href":"https:\/\/aussenduschen.ch\/it\/wp-json\/wp\/v2\/product\/6569\/revisions\/8761"}],"wp:featuredmedia":[{"embeddable":true,"href":"https:\/\/aussenduschen.ch\/it\/wp-json\/wp\/v2\/media\/6622"}],"wp:attachment":[{"href":"https:\/\/aussenduschen.ch\/it\/wp-json\/wp\/v2\/media?parent=6569"}],"wp:term":[{"taxonomy":"product_brand","embeddable":true,"href":"https:\/\/aussenduschen.ch\/it\/wp-json\/wp\/v2\/product_brand?post=6569"},{"taxonomy":"product_cat","embeddable":true,"href":"https:\/\/aussenduschen.ch\/it\/wp-json\/wp\/v2\/product_cat?post=6569"},{"taxonomy":"product_tag","embeddable":true,"href":"https:\/\/aussenduschen.ch\/it\/wp-json\/wp\/v2\/product_tag?post=6569"}],"curies":[{"name":"wp","href":"https:\/\/api.w.org\/{rel}","templated":true}]}}