{"id":6003,"date":"2022-08-17T08:22:18","date_gmt":"2022-08-17T08:22:18","guid":{"rendered":"https:\/\/aussenduschen.ch\/?post_type=product&#038;p=6003"},"modified":"2024-06-13T07:29:15","modified_gmt":"2024-06-13T07:29:15","slug":"idra-c140-2","status":"publish","type":"product","link":"https:\/\/aussenduschen.ch\/it\/product\/idra-c140-2\/","title":{"rendered":"IDRA C140.2"},"content":{"rendered":"","protected":false},"excerpt":{"rendered":"<p><strong>IDRA C140.2<\/strong><br \/>\nDue bracci che fuoriescono da un robusto zoccolo e terminano con due soffioni doccia in ABS (cromati). Ideale per l'uso in piscine (pubbliche) o bagni in riva al lago, Idra, come tutte le nostre docce, \u00e8 realizzata in acciaio inox di alta qualit\u00e0; i due soffioni sono forniti di serie in plastica ABS. Il C140.2 ha una forma classica e affascina per la sua semplicit\u00e0 con la massima facilit\u00e0 d'uso. Idra \u00e8 disponibile per acqua premiscelata o acqua fredda e, a scelta, con valvole a chiusura automatica.<\/p>\n<p>&nbsp;<\/p>\n<p>Utilizzo: piscina a lago, piscina, lido, piscine pubbliche<br \/>\nTipo: Doccia ad acqua fredda<br \/>\nSoffione: \u00f8 130 Soffioni in ABS<br \/>\nValvola: 2 pezzi. Valvole per l'acqua fredda<br \/>\nLinea di connessione: filettatura interna da 3\/4<br \/>\nPressione dell'acqua: 1 - 5 bar<\/p>\n<p>&nbsp;<\/p>\n<p><a href=\"https:\/\/aussenduschen.ch\/wp-content\/uploads\/2022\/08\/Installation_IdraC140.pdf\" target=\"_blank\" rel=\"noopener\">ISTRUZIONI PER L'INSTALLAZIONE<\/a><\/p>","protected":false},"featured_media":6005,"template":"","meta":[],"product_brand":[],"product_cat":[139,130,82],"product_tag":[87,86,83,84,85,88],"class_list":{"0":"post-6003","1":"product","2":"type-product","3":"status-publish","4":"has-post-thumbnail","6":"product_cat-oeffentliche-dusche","7":"product_cat-schwimmbad-dusche","8":"product_cat-schwimmbadduschen","9":"product_tag-hallenbad","10":"product_tag-schwimmbad","11":"product_tag-schwimmbaddusche","12":"product_tag-seebad","13":"product_tag-strandbad","14":"product_tag-wellness","16":"first","17":"instock","18":"taxable","19":"shipping-taxable","20":"purchasable","21":"product-type-simple"},"_links":{"self":[{"href":"https:\/\/aussenduschen.ch\/it\/wp-json\/wp\/v2\/product\/6003","targetHints":{"allow":["GET"]}}],"collection":[{"href":"https:\/\/aussenduschen.ch\/it\/wp-json\/wp\/v2\/product"}],"about":[{"href":"https:\/\/aussenduschen.ch\/it\/wp-json\/wp\/v2\/types\/product"}],"version-history":[{"count":1,"href":"https:\/\/aussenduschen.ch\/it\/wp-json\/wp\/v2\/product\/6003\/revisions"}],"predecessor-version":[{"id":6007,"href":"https:\/\/aussenduschen.ch\/it\/wp-json\/wp\/v2\/product\/6003\/revisions\/6007"}],"wp:featuredmedia":[{"embeddable":true,"href":"https:\/\/aussenduschen.ch\/it\/wp-json\/wp\/v2\/media\/6005"}],"wp:attachment":[{"href":"https:\/\/aussenduschen.ch\/it\/wp-json\/wp\/v2\/media?parent=6003"}],"wp:term":[{"taxonomy":"product_brand","embeddable":true,"href":"https:\/\/aussenduschen.ch\/it\/wp-json\/wp\/v2\/product_brand?post=6003"},{"taxonomy":"product_cat","embeddable":true,"href":"https:\/\/aussenduschen.ch\/it\/wp-json\/wp\/v2\/product_cat?post=6003"},{"taxonomy":"product_tag","embeddable":true,"href":"https:\/\/aussenduschen.ch\/it\/wp-json\/wp\/v2\/product_tag?post=6003"}],"curies":[{"name":"wp","href":"https:\/\/api.w.org\/{rel}","templated":true}]}}