{"id":3787,"date":"2020-08-21T15:47:14","date_gmt":"2020-08-21T15:47:14","guid":{"rendered":"https:\/\/aussenduschen.ch\/product\/waterline-shower-w60\/"},"modified":"2025-01-27T09:52:41","modified_gmt":"2025-01-27T09:52:41","slug":"waterline-shower-w60","status":"publish","type":"product","link":"https:\/\/aussenduschen.ch\/it\/product\/waterline-shower-w60\/","title":{"rendered":"Doccia Waterline W630"},"content":{"rendered":"","protected":false},"excerpt":{"rendered":"<p><strong>Linea d'acqua W630<\/strong><\/p>\n<p>Waterline W630.E \u00e8 una doccia da giardino di alta qualit\u00e0, sviluppata appositamente per l'uso in giardino, in piscina e nella sauna. Questa doccia convince per la sua qualit\u00e0 e il suo design unico. Realizzata in acciaio inox V4A (Inox Aisi 316), offre un'eccezionale resistenza alla corrosione e durata.<\/p>\n<p>Una funzione speciale del Waterline W630.E \u00e8 il miscelatore a due mani, che consente di aprire separatamente l'acqua fredda e quella calda. Ci\u00f2 \u00e8 particolarmente pratico nelle saune o quando si utilizzano vasche di contrasto, per avere a disposizione acqua fredda in modo rapido e affidabile.<\/p>\n<p>Il generoso soffione a pioggia da 300 mm di diametro fornisce un delicato getto d'acqua che ricorda le morbide gocce di una pioggia estiva. I nodi in silicone anticalcare riducono al minimo la formazione di calcare e contribuiscono alla durata del soffione in acciaio inox. Inoltre, la doccia \u00e8 dotata di un'elegante doccetta.<\/p>\n<p>Il Waterline W630.E pu\u00f2 essere lasciato all'esterno in inverno senza dover essere smontato. Tuttavia, si consiglia di rimuovere le parti mobili come il soffione e la doccetta durante la stagione invernale.<\/p>\n<p>\u00c8 possibile scegliere tra due finiture: lucida e spazzolata. Per chi preferisce una doccia senza doccetta, \u00e8 disponibile il modello Waterline W630.<\/p>\n<p>Provate una straordinaria doccia da giardino con Waterline W60.E, che combina perfettamente qualit\u00e0, funzionalit\u00e0 e design elegante.<\/p>\n<p>&nbsp;<\/p>\n<p><em>Materiale:<\/em>\u00a0Acciaio inox V4A<\/p>\n<p><em>Soffione doccia:<\/em> Soffione a pioggia \u00f8 300 mm<\/p>\n<p><em>Valvola:<\/em> Miscelatore doccia a due mani \/ per acqua fredda e calda<\/p>\n<p><em>Pressione dell'acqua:<\/em>\u00a01-5 bar<\/p>\n<p><em>Linea di connessione:<\/em>\u00a01\/2\u2033<\/p>\n<p><em>Approvvigionamento idrico:<\/em>\u00a0Alimentazione idrica a parete standard<\/p>","protected":false},"featured_media":3785,"template":"","meta":[],"product_brand":[],"product_cat":[154,153,134,126,150,125,127,135,128,129,71],"product_tag":[],"class_list":{"0":"post-3787","1":"product","2":"type-product","3":"status-publish","4":"has-post-thumbnail","6":"product_cat-duschbrause-sanitaerzubehoer","7":"product_cat-duschstange","8":"product_cat-duschsystem","9":"product_cat-garten-dusche","10":"product_cat-mischbatterie-dusche","11":"product_cat-outdoor-dusche","12":"product_cat-pool-dusche","13":"product_cat-regendusche-outdoor-dusche","14":"product_cat-sauna-dusche","15":"product_cat-wanddusche","16":"product_cat-wandduschen","18":"first","19":"instock","20":"taxable","21":"shipping-taxable","22":"purchasable","23":"product-type-simple"},"_links":{"self":[{"href":"https:\/\/aussenduschen.ch\/it\/wp-json\/wp\/v2\/product\/3787","targetHints":{"allow":["GET"]}}],"collection":[{"href":"https:\/\/aussenduschen.ch\/it\/wp-json\/wp\/v2\/product"}],"about":[{"href":"https:\/\/aussenduschen.ch\/it\/wp-json\/wp\/v2\/types\/product"}],"version-history":[{"count":2,"href":"https:\/\/aussenduschen.ch\/it\/wp-json\/wp\/v2\/product\/3787\/revisions"}],"predecessor-version":[{"id":6754,"href":"https:\/\/aussenduschen.ch\/it\/wp-json\/wp\/v2\/product\/3787\/revisions\/6754"}],"wp:featuredmedia":[{"embeddable":true,"href":"https:\/\/aussenduschen.ch\/it\/wp-json\/wp\/v2\/media\/3785"}],"wp:attachment":[{"href":"https:\/\/aussenduschen.ch\/it\/wp-json\/wp\/v2\/media?parent=3787"}],"wp:term":[{"taxonomy":"product_brand","embeddable":true,"href":"https:\/\/aussenduschen.ch\/it\/wp-json\/wp\/v2\/product_brand?post=3787"},{"taxonomy":"product_cat","embeddable":true,"href":"https:\/\/aussenduschen.ch\/it\/wp-json\/wp\/v2\/product_cat?post=3787"},{"taxonomy":"product_tag","embeddable":true,"href":"https:\/\/aussenduschen.ch\/it\/wp-json\/wp\/v2\/product_tag?post=3787"}],"curies":[{"name":"wp","href":"https:\/\/api.w.org\/{rel}","templated":true}]}}