{"id":3737,"date":"2020-08-21T15:46:06","date_gmt":"2020-08-21T15:46:06","guid":{"rendered":"https:\/\/aussenduschen.ch\/product\/origo-all-steel-shower-c50as\/"},"modified":"2025-06-04T14:03:32","modified_gmt":"2025-06-04T14:03:32","slug":"origo-all-steel-shower-c50as","status":"publish","type":"product","link":"https:\/\/aussenduschen.ch\/it\/product\/origo-all-steel-shower-c50as\/","title":{"rendered":"Origo All Steel C50AS"},"content":{"rendered":"","protected":false},"excerpt":{"rendered":"<p><strong>ORIGO ALL STEEL CS50AS colonna doccia di Fontealta - Descrizione unica del prodotto<\/strong><\/p>\n<p>La colonna doccia ORIGO ALL STEEL CS50AS di Fontealta \u00e8 un esempio di design italiano, qualit\u00e0 senza compromessi e raffinatezza tecnica. Realizzata in acciaio inox V4A (AISI 316) di prima qualit\u00e0, questa doccia da esterno garantisce durata e massima resistenza alla corrosione, anche nelle regioni costiere salate, nelle piscine o nelle aree termali pi\u00f9 esigenti.<\/p>\n<p><strong>Design e comfort<\/strong><br \/>\nCon la sua silhouette sottile e moderna, ORIGO ALL STEEL CS50AS si inserisce armoniosamente in qualsiasi giardino o paesaggio wellness. Il generoso soffione di 200 mm di diametro assicura un'esperienza di doccia lussuosa e raggiunge senza sforzo tutte le parti del corpo. La colonna doccia \u00e8 disponibile sia in versione lucida che spazzolata ed \u00e8 100 % made in Italy - una garanzia di lavorazione esclusiva ed eleganza senza tempo.<\/p>\n<p><strong>Informazioni tecniche<\/strong><\/p>\n<ul>\n<li><strong>Materiale:<\/strong> Acciaio inox V4A (AISI 316) - antiruggine, resistente al calcare, facile da pulire<\/li>\n<li><strong>Altezza totale:<\/strong> 240 cm<\/li>\n<li><strong>Altezza del soffione:<\/strong> 210 cm<\/li>\n<li><strong>Soffione doccia:<\/strong> \u00d8 200 mm, autopulente per un flusso d'acqua uniforme<\/li>\n<li><strong>Allacciamento all'acqua:<\/strong>\n<ul>\n<li>Opzionalmente per acqua fredda o per acqua fredda e calda (versione mista)<\/li>\n<li>Attacchi da 1\/2\u2033, lato pavimento<\/li>\n<\/ul>\n<\/li>\n<li><strong>Opzioni:<\/strong>\n<ul>\n<li>Doccetta separata (con Mix Extra)<\/li>\n<li>Possibilit\u00e0 di rubinetto aggiuntivo da giardino con filettatura da 3\/4\u2033 per il collegamento del tubo flessibile<\/li>\n<\/ul>\n<\/li>\n<li><strong>Superficie:<\/strong> Lucido o finemente spazzolato<\/li>\n<li><strong>Protezione antigelo:<\/strong> Facile da svuotare in inverno per evitare danni da gelo<\/li>\n<\/ul>\n<p><strong>Sostenibilit\u00e0 e cura<\/strong><br \/>\nLa lavorazione di alta qualit\u00e0 e il materiale robusto rendono ORIGO ALL STEEL CS50AS la scelta ideale per un uso prolungato all'aperto. La pulizia \u00e8 semplice: \u00c8 sufficiente un panno morbido e un prodotto per la cura dell'acciaio inossidabile; per il calcare ostinato si consiglia un detergente a base di aceto.<\/p>\n<p><strong>Conclusione<\/strong><br \/>\nLa colonna doccia Fontealta ORIGO ALL STEEL CS50AS combina artigianato italiano, materiali pregiati e funzionalit\u00e0 sofisticata. \u00c8 il complemento perfetto per le aree esterne sofisticate che apprezzano il design, il comfort e la durata.<\/p>","protected":false},"featured_media":3733,"template":"","meta":[],"product_brand":[],"product_cat":[15,133,126,139,125,127,128],"product_tag":[99,90,91,92,100,94,103,89,102,93,97,96,101,95,98],"class_list":{"0":"post-3737","1":"product","2":"type-product","3":"status-publish","4":"has-post-thumbnail","6":"product_cat-gartenduschen","7":"product_cat-duschsaeule","8":"product_cat-garten-dusche","9":"product_cat-oeffentliche-dusche","10":"product_cat-outdoor-dusche","11":"product_cat-pool-dusche","12":"product_cat-sauna-dusche","13":"product_tag-aisi316","14":"product_tag-aussendusche","15":"product_tag-aussendusche-edelstahl","16":"product_tag-aussendusche-schweiz","17":"product_tag-edelstahl","18":"product_tag-fontealta","19":"product_tag-fontealta-aussenduschen","20":"product_tag-gartendusche","21":"product_tag-gartendusche-fontealta","22":"product_tag-gartendusche-schweiz","23":"product_tag-gartenduschen-schweiz","24":"product_tag-outdoor-duschen","25":"product_tag-spiegelpoliert","26":"product_tag-terrassen-dusche","27":"product_tag-v4a-edelstahl","29":"first","30":"instock","31":"taxable","32":"shipping-taxable","33":"purchasable","34":"product-type-simple"},"_links":{"self":[{"href":"https:\/\/aussenduschen.ch\/it\/wp-json\/wp\/v2\/product\/3737","targetHints":{"allow":["GET"]}}],"collection":[{"href":"https:\/\/aussenduschen.ch\/it\/wp-json\/wp\/v2\/product"}],"about":[{"href":"https:\/\/aussenduschen.ch\/it\/wp-json\/wp\/v2\/types\/product"}],"version-history":[{"count":4,"href":"https:\/\/aussenduschen.ch\/it\/wp-json\/wp\/v2\/product\/3737\/revisions"}],"predecessor-version":[{"id":8574,"href":"https:\/\/aussenduschen.ch\/it\/wp-json\/wp\/v2\/product\/3737\/revisions\/8574"}],"wp:featuredmedia":[{"embeddable":true,"href":"https:\/\/aussenduschen.ch\/it\/wp-json\/wp\/v2\/media\/3733"}],"wp:attachment":[{"href":"https:\/\/aussenduschen.ch\/it\/wp-json\/wp\/v2\/media?parent=3737"}],"wp:term":[{"taxonomy":"product_brand","embeddable":true,"href":"https:\/\/aussenduschen.ch\/it\/wp-json\/wp\/v2\/product_brand?post=3737"},{"taxonomy":"product_cat","embeddable":true,"href":"https:\/\/aussenduschen.ch\/it\/wp-json\/wp\/v2\/product_cat?post=3737"},{"taxonomy":"product_tag","embeddable":true,"href":"https:\/\/aussenduschen.ch\/it\/wp-json\/wp\/v2\/product_tag?post=3737"}],"curies":[{"name":"wp","href":"https:\/\/api.w.org\/{rel}","templated":true}]}}