{"id":3726,"date":"2020-08-21T15:45:48","date_gmt":"2020-08-21T15:45:48","guid":{"rendered":"https:\/\/aussenduschen.ch\/product\/boss-wide-shower-bw76\/"},"modified":"2025-05-30T13:30:05","modified_gmt":"2025-05-30T13:30:05","slug":"boss-wide-shower-bw76","status":"publish","type":"product","link":"https:\/\/aussenduschen.ch\/it\/product\/boss-wide-shower-bw76\/","title":{"rendered":"Boss Wide BW76"},"content":{"rendered":"","protected":false},"excerpt":{"rendered":"<p><strong>Doccia esterna Boss Wide di Fontealta - lusso e funzionalit\u00e0 per il vostro spazio esterno<\/strong><\/p>\n<p><strong>L'eleganza elegante incontra l'uso pratico<\/strong><br \/>\nLa doccia esterna Boss Wide di Fontealta \u00e8 un elemento di spicco per il giardino, la piscina o la zona sauna. Con il suo design chiaro e minimalista e la lavorazione di alta qualit\u00e0, ridefinisce gli standard di estetica e durata. La doccia a pioggia di grande capacit\u00e0, con un diametro di 400 mm, garantisce un'esperienza di doccia eccezionalmente delicata e si adatta perfettamente a qualsiasi spazio esterno.<\/p>\n<p><strong>Materiali pregiati per le esigenze pi\u00f9 elevate<\/strong><br \/>\nRealizzato in acciaio inox Aisi 316 (V4A) resistente all'acqua di mare, Boss Wide offre una protezione affidabile contro la corrosione, ideale per le regioni costiere salate o per l'uso intensivo delle piscine. La superficie pu\u00f2 essere lucidata o spazzolata a seconda delle esigenze e rimane facile da pulire e bella nel tempo.<\/p>\n<p><strong>Opzioni personalizzate per il massimo comfort<\/strong><\/p>\n<ul>\n<li>Doccia a pioggia di grande capacit\u00e0 (\u00d8 400 mm) per una doccia di lusso<\/li>\n<li>Doccetta opzionale per una maggiore flessibilit\u00e0<\/li>\n<li>Disponibile nella versione per acqua fredda o calda, con miscelatore monocomando o valvola per acqua fredda<\/li>\n<li>Montaggio a pavimento con stabile piastra di base da 200 mm per una presa sicura su qualsiasi superficie<\/li>\n<li>Altezza flessibile tra circa 210 e 237 cm, adatta a tutte le taglie di utenti<\/li>\n<\/ul>\n<p><strong>Utilizzo tutto l'anno, compresa la protezione dal gelo<\/strong><br \/>\nGrazie alla versione opzionale per quattro stagioni con riscaldamento a tracce integrato, la doccia rimane al riparo dal gelo fino a -20\u00b0C. Ci\u00f2 significa che pu\u00f2 essere utilizzata anche in inverno, ad esempio come doccia per la sauna. La doccetta pu\u00f2 essere facilmente rimossa per facilitare il funzionamento in inverno.<\/p>\n<p><strong>Made in Italy - qualit\u00e0 e design insieme<\/strong><br \/>\nProdotto in Italia, Boss Wide \u00e8 sinonimo di elevati standard qualitativi e attenzione ai dettagli. Fontealta combina funzionalit\u00e0, design moderno e materiali resistenti per creare docce da esterno esclusive che soddisfano le esigenze pi\u00f9 elevate.<\/p>\n<p><strong>Conclusione:<\/strong><br \/>\nLa doccia da esterno Boss Wide di Fontealta \u00e8 la scelta ideale per chi cerca un design esclusivo, una qualit\u00e0 senza compromessi e il massimo comfort. Che sia nel giardino privato, a bordo piscina o nella sauna, trasforma qualsiasi spazio esterno in una lussuosa oasi di benessere.<\/p>","protected":false},"featured_media":3722,"template":"","meta":[],"product_brand":[],"product_cat":[15,133,126,139,125,127,135,128],"product_tag":[99,90,91,92,100,94,103,89,102,93,97,96,101,95,98],"class_list":{"0":"post-3726","1":"product","2":"type-product","3":"status-publish","4":"has-post-thumbnail","6":"product_cat-gartenduschen","7":"product_cat-duschsaeule","8":"product_cat-garten-dusche","9":"product_cat-oeffentliche-dusche","10":"product_cat-outdoor-dusche","11":"product_cat-pool-dusche","12":"product_cat-regendusche-outdoor-dusche","13":"product_cat-sauna-dusche","14":"product_tag-aisi316","15":"product_tag-aussendusche","16":"product_tag-aussendusche-edelstahl","17":"product_tag-aussendusche-schweiz","18":"product_tag-edelstahl","19":"product_tag-fontealta","20":"product_tag-fontealta-aussenduschen","21":"product_tag-gartendusche","22":"product_tag-gartendusche-fontealta","23":"product_tag-gartendusche-schweiz","24":"product_tag-gartenduschen-schweiz","25":"product_tag-outdoor-duschen","26":"product_tag-spiegelpoliert","27":"product_tag-terrassen-dusche","28":"product_tag-v4a-edelstahl","30":"first","31":"instock","32":"taxable","33":"shipping-taxable","34":"purchasable","35":"product-type-simple"},"_links":{"self":[{"href":"https:\/\/aussenduschen.ch\/it\/wp-json\/wp\/v2\/product\/3726","targetHints":{"allow":["GET"]}}],"collection":[{"href":"https:\/\/aussenduschen.ch\/it\/wp-json\/wp\/v2\/product"}],"about":[{"href":"https:\/\/aussenduschen.ch\/it\/wp-json\/wp\/v2\/types\/product"}],"version-history":[{"count":2,"href":"https:\/\/aussenduschen.ch\/it\/wp-json\/wp\/v2\/product\/3726\/revisions"}],"predecessor-version":[{"id":8545,"href":"https:\/\/aussenduschen.ch\/it\/wp-json\/wp\/v2\/product\/3726\/revisions\/8545"}],"wp:featuredmedia":[{"embeddable":true,"href":"https:\/\/aussenduschen.ch\/it\/wp-json\/wp\/v2\/media\/3722"}],"wp:attachment":[{"href":"https:\/\/aussenduschen.ch\/it\/wp-json\/wp\/v2\/media?parent=3726"}],"wp:term":[{"taxonomy":"product_brand","embeddable":true,"href":"https:\/\/aussenduschen.ch\/it\/wp-json\/wp\/v2\/product_brand?post=3726"},{"taxonomy":"product_cat","embeddable":true,"href":"https:\/\/aussenduschen.ch\/it\/wp-json\/wp\/v2\/product_cat?post=3726"},{"taxonomy":"product_tag","embeddable":true,"href":"https:\/\/aussenduschen.ch\/it\/wp-json\/wp\/v2\/product_tag?post=3726"}],"curies":[{"name":"wp","href":"https:\/\/api.w.org\/{rel}","templated":true}]}}