{"id":3721,"date":"2020-08-21T15:45:41","date_gmt":"2020-08-21T15:45:41","guid":{"rendered":"https:\/\/aussenduschen.ch\/product\/boss-shower-b76\/"},"modified":"2026-03-05T07:33:03","modified_gmt":"2026-03-05T07:33:03","slug":"boss-shower-b76","status":"publish","type":"product","link":"https:\/\/aussenduschen.ch\/it\/product\/boss-shower-b76\/","title":{"rendered":"Boss B76"},"content":{"rendered":"","protected":false},"excerpt":{"rendered":"<p><strong>BOSS B76<\/strong><\/p>\n<div class=\"_message-item__content_16jsp_9\">\n<div class=\"_message-content_1z0qr_2 _message-content-markdown_1z0qr_24\">\n<p>Boss B76 \u00e8 un'innovativa doccia da esterno progettata appositamente per il giardino, la piscina e la sauna. Con le sue linee chiare e distintive, combina sapientemente il design unico di Fontealta con un'eleganza semplice e un'elevata funzionalit\u00e0.<\/p>\n<p>Questa esclusiva doccia da giardino \u00e8 disponibile in due versioni: Boss B76 con soffione integrato e Boss B76.E con doccetta aggiuntiva. In questo modo \u00e8 possibile fare una scelta individuale in base alle proprie preferenze ed esigenze.<\/p>\n<p>Per garantire la massima qualit\u00e0 e durata all'esterno, la colonna doccia \u00e8 realizzata in acciaio inox Inox Aisi 316 (V4A) di alta qualit\u00e0. Questo speciale acciaio V4A offre un'assoluta resistenza alla corrosione, anche in condizioni climatiche avverse. \u00c8 inoltre possibile scegliere tra una finitura lucida o spazzolata per soddisfare i propri gusti.<\/p>\n<p>Il Boss B76 \u00e8 montato esternamente con una robusta piastra di base da 200 mm. Questo garantisce un'installazione stabile e sicura. Per l'uso interno, Fontealta fornisce anche un corpo di installazione impermeabile per consentire una perfetta integrazione nel concetto di ambiente.<\/p>\n<p>Una particolarit\u00e0 del Boss B76 \u00e8 l'innovativa opzione quattro stagioni, che offre una funzione antigelo. Il riscaldamento intelligente della traccia con un sensore di temperatura impedisce che il tubo interno dell'acqua si congeli anche a temperature esterne estremamente basse, fino a -20\u00b0C. Grazie a questa funzione, la doccia esterna \u00e8 pronta per l'uso tutto l'anno ed \u00e8 protetta in modo ottimale.<\/p>\n<p>La doccia da giardino Boss B76 di Fontealta \u00e8 quindi una scelta eccezionale per gli amanti del giardino attenti alla qualit\u00e0. Con il suo design unico, la sua funzionalit\u00e0 e le sue caratteristiche innovative, offre un'esperienza di doccia senza pari, pur essendo durevole e resistente agli agenti atmosferici. Concedetevi questo lusso e godetevi momenti rinfrescanti all'aperto con Boss B76.<\/p>\n<\/div>\n<\/div>\n<p>Materiale: acciaio inox V4A<\/p>\n<p>Campo di applicazione: giardino, piscina, sauna, wellness, piscina<\/p>\n<p>Soffione: soffione integrato \u00f8 76 mm<\/p>\n<p>Pressione dell'acqua: 1-5 bar<\/p>\n<p>Linea di connessione: 1\/2\" filettatura interna<\/p>\n<p>Approvvigionamento idrico: Approvvigionamento idrico standard del terreno<\/p>","protected":false},"featured_media":3716,"template":"","meta":[],"product_brand":[],"product_cat":[15,133,126,139,125,127,128,159],"product_tag":[99,90,91,92,100,94,103,89,102,93,97,96,101,95,98],"class_list":{"0":"post-3721","1":"product","2":"type-product","3":"status-publish","4":"has-post-thumbnail","6":"product_cat-gartenduschen","7":"product_cat-duschsaeule","8":"product_cat-garten-dusche","9":"product_cat-oeffentliche-dusche","10":"product_cat-outdoor-dusche","11":"product_cat-pool-dusche","12":"product_cat-sauna-dusche","13":"product_cat-vier-jahresezeiten-duschen","14":"product_tag-aisi316","15":"product_tag-aussendusche","16":"product_tag-aussendusche-edelstahl","17":"product_tag-aussendusche-schweiz","18":"product_tag-edelstahl","19":"product_tag-fontealta","20":"product_tag-fontealta-aussenduschen","21":"product_tag-gartendusche","22":"product_tag-gartendusche-fontealta","23":"product_tag-gartendusche-schweiz","24":"product_tag-gartenduschen-schweiz","25":"product_tag-outdoor-duschen","26":"product_tag-spiegelpoliert","27":"product_tag-terrassen-dusche","28":"product_tag-v4a-edelstahl","30":"first","31":"instock","32":"taxable","33":"shipping-taxable","34":"purchasable","35":"product-type-simple"},"_links":{"self":[{"href":"https:\/\/aussenduschen.ch\/it\/wp-json\/wp\/v2\/product\/3721","targetHints":{"allow":["GET"]}}],"collection":[{"href":"https:\/\/aussenduschen.ch\/it\/wp-json\/wp\/v2\/product"}],"about":[{"href":"https:\/\/aussenduschen.ch\/it\/wp-json\/wp\/v2\/types\/product"}],"version-history":[{"count":3,"href":"https:\/\/aussenduschen.ch\/it\/wp-json\/wp\/v2\/product\/3721\/revisions"}],"predecessor-version":[{"id":6550,"href":"https:\/\/aussenduschen.ch\/it\/wp-json\/wp\/v2\/product\/3721\/revisions\/6550"}],"wp:featuredmedia":[{"embeddable":true,"href":"https:\/\/aussenduschen.ch\/it\/wp-json\/wp\/v2\/media\/3716"}],"wp:attachment":[{"href":"https:\/\/aussenduschen.ch\/it\/wp-json\/wp\/v2\/media?parent=3721"}],"wp:term":[{"taxonomy":"product_brand","embeddable":true,"href":"https:\/\/aussenduschen.ch\/it\/wp-json\/wp\/v2\/product_brand?post=3721"},{"taxonomy":"product_cat","embeddable":true,"href":"https:\/\/aussenduschen.ch\/it\/wp-json\/wp\/v2\/product_cat?post=3721"},{"taxonomy":"product_tag","embeddable":true,"href":"https:\/\/aussenduschen.ch\/it\/wp-json\/wp\/v2\/product_tag?post=3721"}],"curies":[{"name":"wp","href":"https:\/\/api.w.org\/{rel}","templated":true}]}}