{"id":3710,"date":"2020-08-21T15:45:23","date_gmt":"2020-08-21T15:45:23","guid":{"rendered":"https:\/\/aussenduschen.ch\/product\/classy-shower-c40\/"},"modified":"2025-06-02T09:31:50","modified_gmt":"2025-06-02T09:31:50","slug":"classy-shower-c40","status":"publish","type":"product","link":"https:\/\/aussenduschen.ch\/it\/product\/classy-shower-c40\/","title":{"rendered":"Classy C40"},"content":{"rendered":"","protected":false},"excerpt":{"rendered":"<p><strong>Doccia a pavimento di classe di Fontealta - Descrizione del prodotto<\/strong><br \/>\nLa doccia autoportante Classy di Fontealta unisce il design italiano all'alta qualit\u00e0 e alla funzionalit\u00e0 pratica. Realizzata in resistente acciaio inox Aisi 316 (V4A), \u00e8 ideale per l'uso in giardino, in piscina, in terrazza o anche all'interno, ad esempio come doccia per la sauna. Il profilo sottile e minimalista e la superficie lucidata a specchio la rendono un'attrazione architettonica che si integra armoniosamente negli ambienti moderni.<\/p>\n<p><strong>Design e comfort<\/strong><\/p>\n<ul>\n<li>Design elegante e senza tempo con raggi delicati<\/li>\n<li>Grande doccia a pioggia autopulente (\u00d8 300 mm) per una doccia di lusso<\/li>\n<li>Borchie in silicone anticalcare per una facile pulizia e una funzionalit\u00e0 duratura<\/li>\n<li>Disponibile come optional con doccetta e flessibile doccia aggiuntivi (modello C40.ME)<\/li>\n<li>Componenti a vista in solido acciaio inox 316 lucidato a specchio, resistente alla corrosione e adatto alle regioni costiere<\/li>\n<\/ul>\n<p><strong>Dati tecnici<\/strong><\/p>\n<ul>\n<li>Materiale: Acciaio inox Aisi 316 (V4A), lucidato<\/li>\n<li>Altezza: 223,5 cm<\/li>\n<li>Soffione: \u00d8 300 mm, doccia a pioggia, autopulente<\/li>\n<li>Doccetta (opzionale): Con flessibile doccia da 150 cm (modello C40.ME)<\/li>\n<li>Attacco acqua: filettatura interna da 1\/2<\/li>\n<li>Pressione dell'acqua: 1-5 bar<\/li>\n<li>Approvvigionamento idrico: Approvvigionamento idrico standard del terreno<\/li>\n<li>Valvola: valvola per acqua fredda o miscelatore monocomando per doccia<\/li>\n<li>Montaggio: Montaggio a pavimento, compreso il materiale di fissaggio<\/li>\n<li>Campo di applicazione: aree esterne e interne, ad esempio le saune<\/li>\n<li>Caratteristiche speciali: Manopole anticalcare, superficie lucida<\/li>\n<\/ul>\n<p><strong>Varianti<\/strong><\/p>\n<ul>\n<li>Classy C40: doccia ad acqua fredda con soffione<\/li>\n<li>Classy C40.M: doccia ad acqua calda con miscelatore monocomando<\/li>\n<li>Classy C40.ME: doccia ad acqua calda e fredda con doccetta supplementare<\/li>\n<\/ul>\n<p><strong>Qualit\u00e0 - Made in Italy<\/strong><br \/>\nOgni doccia a pavimento Classy \u00e8 personalizzata in base alle esigenze del cliente e convince per la sua durata, la facilit\u00e0 di manutenzione e l'aspetto elegante. Il materiale utilizzato \u00e8 resistente all'ossidazione, al calcare e allo sporco: una garanzia di brillantezza duratura e di mantenimento del valore.<\/p>\n<p><strong>Conclusione<\/strong><br \/>\nLa doccia a pavimento Classy di Fontealta \u00e8 la soluzione ideale per chi apprezza design, qualit\u00e0 e funzionalit\u00e0. Permette di vivere un'esperienza esclusiva di doccia all'esterno o all'interno e convince per la lavorazione di alta qualit\u00e0 e i materiali che garantiscono una lunga durata. Questo la rende un elemento di spicco nell'architettura sofisticata.<\/p>","protected":false},"featured_media":3706,"template":"","meta":[],"product_brand":[],"product_cat":[15,133,126,139,125,127,135,128],"product_tag":[99,90,91,92,100,94,103,89,102,93,97,96,101,95,98],"class_list":{"0":"post-3710","1":"product","2":"type-product","3":"status-publish","4":"has-post-thumbnail","6":"product_cat-gartenduschen","7":"product_cat-duschsaeule","8":"product_cat-garten-dusche","9":"product_cat-oeffentliche-dusche","10":"product_cat-outdoor-dusche","11":"product_cat-pool-dusche","12":"product_cat-regendusche-outdoor-dusche","13":"product_cat-sauna-dusche","14":"product_tag-aisi316","15":"product_tag-aussendusche","16":"product_tag-aussendusche-edelstahl","17":"product_tag-aussendusche-schweiz","18":"product_tag-edelstahl","19":"product_tag-fontealta","20":"product_tag-fontealta-aussenduschen","21":"product_tag-gartendusche","22":"product_tag-gartendusche-fontealta","23":"product_tag-gartendusche-schweiz","24":"product_tag-gartenduschen-schweiz","25":"product_tag-outdoor-duschen","26":"product_tag-spiegelpoliert","27":"product_tag-terrassen-dusche","28":"product_tag-v4a-edelstahl","30":"first","31":"instock","32":"taxable","33":"shipping-taxable","34":"purchasable","35":"product-type-simple"},"_links":{"self":[{"href":"https:\/\/aussenduschen.ch\/it\/wp-json\/wp\/v2\/product\/3710","targetHints":{"allow":["GET"]}}],"collection":[{"href":"https:\/\/aussenduschen.ch\/it\/wp-json\/wp\/v2\/product"}],"about":[{"href":"https:\/\/aussenduschen.ch\/it\/wp-json\/wp\/v2\/types\/product"}],"version-history":[{"count":4,"href":"https:\/\/aussenduschen.ch\/it\/wp-json\/wp\/v2\/product\/3710\/revisions"}],"predecessor-version":[{"id":8560,"href":"https:\/\/aussenduschen.ch\/it\/wp-json\/wp\/v2\/product\/3710\/revisions\/8560"}],"wp:featuredmedia":[{"embeddable":true,"href":"https:\/\/aussenduschen.ch\/it\/wp-json\/wp\/v2\/media\/3706"}],"wp:attachment":[{"href":"https:\/\/aussenduschen.ch\/it\/wp-json\/wp\/v2\/media?parent=3710"}],"wp:term":[{"taxonomy":"product_brand","embeddable":true,"href":"https:\/\/aussenduschen.ch\/it\/wp-json\/wp\/v2\/product_brand?post=3710"},{"taxonomy":"product_cat","embeddable":true,"href":"https:\/\/aussenduschen.ch\/it\/wp-json\/wp\/v2\/product_cat?post=3710"},{"taxonomy":"product_tag","embeddable":true,"href":"https:\/\/aussenduschen.ch\/it\/wp-json\/wp\/v2\/product_tag?post=3710"}],"curies":[{"name":"wp","href":"https:\/\/api.w.org\/{rel}","templated":true}]}}