{"id":4276,"date":"2020-08-28T16:34:56","date_gmt":"2020-08-28T16:34:56","guid":{"rendered":"https:\/\/aussenduschen.ch\/?page_id=4276"},"modified":"2020-12-16T09:22:09","modified_gmt":"2020-12-16T09:22:09","slug":"returns","status":"publish","type":"page","link":"https:\/\/aussenduschen.ch\/it\/returns\/","title":{"rendered":"Restituzioni"},"content":{"rendered":"<div data-elementor-type=\"wp-page\" data-elementor-id=\"4276\" class=\"elementor elementor-4276\" data-elementor-post-type=\"page\">\n\t\t\t\t\t\t<section class=\"elementor-section elementor-top-section elementor-element elementor-element-238833d elementor-section-full_width elementor-section-height-default elementor-section-height-default qodef-elementor-content-no elementor-invisible\" data-id=\"238833d\" data-element_type=\"section\" data-e-type=\"section\" data-settings=\"{&quot;animation&quot;:&quot;fadeInUp&quot;}\">\n\t\t\t\t\t\t<div class=\"elementor-container elementor-column-gap-no\">\n\t\t\t\t\t<div class=\"elementor-column elementor-col-100 elementor-top-column elementor-element elementor-element-683e1cc\" data-id=\"683e1cc\" data-element_type=\"column\" data-e-type=\"column\">\n\t\t\t<div class=\"elementor-widget-wrap elementor-element-populated\">\n\t\t\t\t\t\t<div class=\"elementor-element elementor-element-a37927d elementor-widget elementor-widget-heading\" data-id=\"a37927d\" data-element_type=\"widget\" data-e-type=\"widget\" data-widget_type=\"heading.default\">\n\t\t\t\t<div class=\"elementor-widget-container\">\n\t\t\t\t\t<h4 class=\"elementor-heading-title elementor-size-default\">Non siete soddisfatti del prodotto?<\/h4>\t\t\t\t<\/div>\n\t\t\t\t<\/div>\n\t\t\t\t<div class=\"elementor-element elementor-element-545e797 elementor-widget elementor-widget-text-editor\" data-id=\"545e797\" data-element_type=\"widget\" data-e-type=\"widget\" data-widget_type=\"text-editor.default\">\n\t\t\t\t<div class=\"elementor-widget-container\">\n\t\t\t\t\t\t\t\t\t<p>I clienti soddisfatti sono importanti per noi. Tuttavia, le nostre docce da esterno e i nostri accessori sono realizzati anche su ordinazione e in base alle esigenze del cliente. Dopo la conferma da parte di Armatron AG, non \u00e8 pi\u00f9 possibile annullare l'ordine o restituire il prodotto in un secondo momento. Vi ringraziamo per la vostra comprensione.<\/p>\t\t\t\t\t\t\t\t<\/div>\n\t\t\t\t<\/div>\n\t\t\t\t\t<\/div>\n\t\t<\/div>\n\t\t\t\t\t<\/div>\n\t\t<\/section>\n\t\t\t\t<section class=\"elementor-section elementor-top-section elementor-element elementor-element-1af345a elementor-section-full_width elementor-section-height-default elementor-section-height-default qodef-elementor-content-no elementor-invisible\" data-id=\"1af345a\" data-element_type=\"section\" data-e-type=\"section\" data-settings=\"{&quot;animation&quot;:&quot;fadeInUp&quot;}\">\n\t\t\t\t\t\t<div class=\"elementor-container elementor-column-gap-no\">\n\t\t\t\t\t<div class=\"elementor-column elementor-col-100 elementor-top-column elementor-element elementor-element-dea3b66\" data-id=\"dea3b66\" data-element_type=\"column\" data-e-type=\"column\">\n\t\t\t<div class=\"elementor-widget-wrap elementor-element-populated\">\n\t\t\t\t\t\t<div class=\"elementor-element elementor-element-612d1a8 elementor-widget elementor-widget-heading\" data-id=\"612d1a8\" data-element_type=\"widget\" data-e-type=\"widget\" data-widget_type=\"heading.default\">\n\t\t\t\t<div class=\"elementor-widget-container\">\n\t\t\t\t\t<h4 class=\"elementor-heading-title elementor-size-default\">Danni da trasporto e altri danni<\/h4>\t\t\t\t<\/div>\n\t\t\t\t<\/div>\n\t\t\t\t<div class=\"elementor-element elementor-element-7fec6fe elementor-widget elementor-widget-text-editor\" data-id=\"7fec6fe\" data-element_type=\"widget\" data-e-type=\"widget\" data-widget_type=\"text-editor.default\">\n\t\t\t\t<div class=\"elementor-widget-container\">\n\t\t\t\t\t\t\t\t\t<p>Si prega di segnalare immediatamente all'azienda di trasporto i danni visibili dovuti al trasporto e di accettare la consegna solo \"con riserva\". In caso contrario, i danni da trasporto non possono pi\u00f9 essere rivendicati. Se il prodotto presenta difetti di funzionamento o danni di produzione (ad es. graffi), si prega di segnalarlo il prima possibile, ma non oltre 7 giorni dal ricevimento della spedizione.\u00a0<\/p><p>\u00a0<\/p><p>\u00a0<\/p>\t\t\t\t\t\t\t\t<\/div>\n\t\t\t\t<\/div>\n\t\t\t\t<div class=\"elementor-element elementor-element-fdfe882 elementor-widget-divider--view-line elementor-widget elementor-widget-divider\" data-id=\"fdfe882\" data-element_type=\"widget\" data-e-type=\"widget\" data-widget_type=\"divider.default\">\n\t\t\t\t<div class=\"elementor-widget-container\">\n\t\t\t\t\t\t\t<div class=\"elementor-divider\">\n\t\t\t<span class=\"elementor-divider-separator\">\n\t\t\t\t\t\t<\/span>\n\t\t<\/div>\n\t\t\t\t\t\t<\/div>\n\t\t\t\t<\/div>\n\t\t\t\t<div class=\"elementor-element elementor-element-dcb5503 elementor-widget elementor-widget-heading\" data-id=\"dcb5503\" data-element_type=\"widget\" data-e-type=\"widget\" data-widget_type=\"heading.default\">\n\t\t\t\t<div class=\"elementor-widget-container\">\n\t\t\t\t\t<h4 class=\"elementor-heading-title elementor-size-default\">Indirizzo di registrazione:<\/h4>\t\t\t\t<\/div>\n\t\t\t\t<\/div>\n\t\t\t\t<div class=\"elementor-element elementor-element-f347ede elementor-widget elementor-widget-text-editor\" data-id=\"f347ede\" data-element_type=\"widget\" data-e-type=\"widget\" data-widget_type=\"text-editor.default\">\n\t\t\t\t<div class=\"elementor-widget-container\">\n\t\t\t\t\t\t\t\t\t<p>Armatron AG<br \/>Bruggacherstrasse 26<br \/>8117 F\u00e4llanden<\/p><p>+41 44 825 62 62\u00a0<\/p><p>info@armatron.ch<\/p>\t\t\t\t\t\t\t\t<\/div>\n\t\t\t\t<\/div>\n\t\t\t\t\t<\/div>\n\t\t<\/div>\n\t\t\t\t\t<\/div>\n\t\t<\/section>\n\t\t\t\t<\/div>","protected":false},"excerpt":{"rendered":"<p>Sie sind mit dem Produkt nicht zufrieden? Zufriedene Kunden sind uns wichtig. Unsere Aussenduschen und Armaturen werden aber auch auf Bestellung und nach Kundenwunsch gefertigt. Nach erfolgter Best\u00e4tigung durch die Armatron AG ist eine Stornierung der Bestellung oder sp\u00e4tere R\u00fcckgabe des Produkts nicht mehr m\u00f6glich. Wir danken Ihnen f\u00fcr Ihr Verst\u00e4ndnis. Transport- und andere Sch\u00e4den [&hellip;]<\/p>\n","protected":false},"author":1,"featured_media":0,"parent":0,"menu_order":0,"comment_status":"closed","ping_status":"closed","template":"","meta":{"footnotes":""},"class_list":["post-4276","page","type-page","status-publish","hentry"],"_links":{"self":[{"href":"https:\/\/aussenduschen.ch\/it\/wp-json\/wp\/v2\/pages\/4276","targetHints":{"allow":["GET"]}}],"collection":[{"href":"https:\/\/aussenduschen.ch\/it\/wp-json\/wp\/v2\/pages"}],"about":[{"href":"https:\/\/aussenduschen.ch\/it\/wp-json\/wp\/v2\/types\/page"}],"author":[{"embeddable":true,"href":"https:\/\/aussenduschen.ch\/it\/wp-json\/wp\/v2\/users\/1"}],"replies":[{"embeddable":true,"href":"https:\/\/aussenduschen.ch\/it\/wp-json\/wp\/v2\/comments?post=4276"}],"version-history":[{"count":10,"href":"https:\/\/aussenduschen.ch\/it\/wp-json\/wp\/v2\/pages\/4276\/revisions"}],"predecessor-version":[{"id":4674,"href":"https:\/\/aussenduschen.ch\/it\/wp-json\/wp\/v2\/pages\/4276\/revisions\/4674"}],"wp:attachment":[{"href":"https:\/\/aussenduschen.ch\/it\/wp-json\/wp\/v2\/media?parent=4276"}],"curies":[{"name":"wp","href":"https:\/\/api.w.org\/{rel}","templated":true}]}}