{"id":4270,"date":"2020-08-28T16:26:57","date_gmt":"2020-08-28T16:26:57","guid":{"rendered":"https:\/\/aussenduschen.ch\/?page_id=4270"},"modified":"2020-12-16T08:31:37","modified_gmt":"2020-12-16T08:31:37","slug":"agb","status":"publish","type":"page","link":"https:\/\/aussenduschen.ch\/it\/agb\/","title":{"rendered":"GTC"},"content":{"rendered":"<div data-elementor-type=\"wp-page\" data-elementor-id=\"4270\" class=\"elementor elementor-4270\" data-elementor-post-type=\"page\">\n\t\t\t\t\t\t<section class=\"elementor-section elementor-top-section elementor-element elementor-element-238833d elementor-section-full_width elementor-section-height-default elementor-section-height-default qodef-elementor-content-no elementor-invisible\" data-id=\"238833d\" data-element_type=\"section\" data-e-type=\"section\" data-settings=\"{&quot;animation&quot;:&quot;fadeInUp&quot;}\">\n\t\t\t\t\t\t<div class=\"elementor-container elementor-column-gap-no\">\n\t\t\t\t\t<div class=\"elementor-column elementor-col-100 elementor-top-column elementor-element elementor-element-683e1cc\" data-id=\"683e1cc\" data-element_type=\"column\" data-e-type=\"column\">\n\t\t\t<div class=\"elementor-widget-wrap elementor-element-populated\">\n\t\t\t\t\t\t<div class=\"elementor-element elementor-element-254fdeb elementor-widget elementor-widget-heading\" data-id=\"254fdeb\" data-element_type=\"widget\" data-e-type=\"widget\" data-widget_type=\"heading.default\">\n\t\t\t\t<div class=\"elementor-widget-container\">\n\t\t\t\t\t<h4 class=\"elementor-heading-title elementor-size-default\"><u>Condizioni di vendita e consegna<\/u><\/h4>\t\t\t\t<\/div>\n\t\t\t\t<\/div>\n\t\t\t\t<div class=\"elementor-element elementor-element-a37927d elementor-widget elementor-widget-heading\" data-id=\"a37927d\" data-element_type=\"widget\" data-e-type=\"widget\" data-widget_type=\"heading.default\">\n\t\t\t\t<div class=\"elementor-widget-container\">\n\t\t\t\t\t<h4 class=\"elementor-heading-title elementor-size-default\">Generale<\/h4>\t\t\t\t<\/div>\n\t\t\t\t<\/div>\n\t\t\t\t<div class=\"elementor-element elementor-element-545e797 elementor-widget elementor-widget-text-editor\" data-id=\"545e797\" data-element_type=\"widget\" data-e-type=\"widget\" data-widget_type=\"text-editor.default\">\n\t\t\t\t<div class=\"elementor-widget-container\">\n\t\t\t\t\t\t\t\t\t<p>Effettuando un ordine, il cliente accetta le nostre attuali condizioni di vendita e di consegna.<\/p>\t\t\t\t\t\t\t\t<\/div>\n\t\t\t\t<\/div>\n\t\t\t\t\t<\/div>\n\t\t<\/div>\n\t\t\t\t\t<\/div>\n\t\t<\/section>\n\t\t\t\t<section class=\"elementor-section elementor-top-section elementor-element elementor-element-76e8856 elementor-section-full_width elementor-section-height-default elementor-section-height-default qodef-elementor-content-no elementor-invisible\" data-id=\"76e8856\" data-element_type=\"section\" data-e-type=\"section\" data-settings=\"{&quot;animation&quot;:&quot;fadeInUp&quot;}\">\n\t\t\t\t\t\t<div class=\"elementor-container elementor-column-gap-no\">\n\t\t\t\t\t<div class=\"elementor-column elementor-col-100 elementor-top-column elementor-element elementor-element-07ba46a\" data-id=\"07ba46a\" data-element_type=\"column\" data-e-type=\"column\">\n\t\t\t<div class=\"elementor-widget-wrap elementor-element-populated\">\n\t\t\t\t\t\t<div class=\"elementor-element elementor-element-c0a96b6 elementor-widget elementor-widget-heading\" data-id=\"c0a96b6\" data-element_type=\"widget\" data-e-type=\"widget\" data-widget_type=\"heading.default\">\n\t\t\t\t<div class=\"elementor-widget-container\">\n\t\t\t\t\t<h4 class=\"elementor-heading-title elementor-size-default\">Consegne<\/h4>\t\t\t\t<\/div>\n\t\t\t\t<\/div>\n\t\t\t\t<div class=\"elementor-element elementor-element-b11aeae elementor-widget elementor-widget-text-editor\" data-id=\"b11aeae\" data-element_type=\"widget\" data-e-type=\"widget\" data-widget_type=\"text-editor.default\">\n\t\t\t\t<div class=\"elementor-widget-container\">\n\t\t\t\t\t\t\t\t\t<p>Le consegne vengono effettuate franco fabbrica F\u00e4llanden per conto e rischio dell'acquirente.<\/p>\t\t\t\t\t\t\t\t<\/div>\n\t\t\t\t<\/div>\n\t\t\t\t\t<\/div>\n\t\t<\/div>\n\t\t\t\t\t<\/div>\n\t\t<\/section>\n\t\t\t\t<section class=\"elementor-section elementor-top-section elementor-element elementor-element-99169c9 elementor-section-full_width elementor-section-height-default elementor-section-height-default qodef-elementor-content-no elementor-invisible\" data-id=\"99169c9\" data-element_type=\"section\" data-e-type=\"section\" data-settings=\"{&quot;animation&quot;:&quot;fadeInUp&quot;}\">\n\t\t\t\t\t\t<div class=\"elementor-container elementor-column-gap-no\">\n\t\t\t\t\t<div class=\"elementor-column elementor-col-100 elementor-top-column elementor-element elementor-element-070db9f\" data-id=\"070db9f\" data-element_type=\"column\" data-e-type=\"column\">\n\t\t\t<div class=\"elementor-widget-wrap elementor-element-populated\">\n\t\t\t\t\t\t<div class=\"elementor-element elementor-element-ade5426 elementor-widget elementor-widget-heading\" data-id=\"ade5426\" data-element_type=\"widget\" data-e-type=\"widget\" data-widget_type=\"heading.default\">\n\t\t\t\t<div class=\"elementor-widget-container\">\n\t\t\t\t\t<h4 class=\"elementor-heading-title elementor-size-default\">Controllo e reclami<\/h4>\t\t\t\t<\/div>\n\t\t\t\t<\/div>\n\t\t\t\t<div class=\"elementor-element elementor-element-8093085 elementor-widget elementor-widget-text-editor\" data-id=\"8093085\" data-element_type=\"widget\" data-e-type=\"widget\" data-widget_type=\"text-editor.default\">\n\t\t\t\t<div class=\"elementor-widget-container\">\n\t\t\t\t\t\t\t\t\t<p>Il cliente deve ispezionare la merce immediatamente dopo il ricevimento e segnalare al vettore eventuali danni esterni visibili. I reclami devono essere presentati immediatamente, ma al massimo entro 7 giorni. In caso di reclami giustificati, possono essere concesse riparazioni gratuite, sostituzioni o riduzioni di prezzo. Non \u00e8 possibile avanzare ulteriori richieste di risarcimento.<\/p>\t\t\t\t\t\t\t\t<\/div>\n\t\t\t\t<\/div>\n\t\t\t\t\t<\/div>\n\t\t<\/div>\n\t\t\t\t\t<\/div>\n\t\t<\/section>\n\t\t\t\t<section class=\"elementor-section elementor-top-section elementor-element elementor-element-f57a620 elementor-section-full_width elementor-section-height-default elementor-section-height-default qodef-elementor-content-no elementor-invisible\" data-id=\"f57a620\" data-element_type=\"section\" data-e-type=\"section\" data-settings=\"{&quot;animation&quot;:&quot;fadeInUp&quot;}\">\n\t\t\t\t\t\t<div class=\"elementor-container elementor-column-gap-no\">\n\t\t\t\t\t<div class=\"elementor-column elementor-col-100 elementor-top-column elementor-element elementor-element-7c0ebe4\" data-id=\"7c0ebe4\" data-element_type=\"column\" data-e-type=\"column\">\n\t\t\t<div class=\"elementor-widget-wrap elementor-element-populated\">\n\t\t\t\t\t\t<div class=\"elementor-element elementor-element-15ee333 elementor-widget elementor-widget-heading\" data-id=\"15ee333\" data-element_type=\"widget\" data-e-type=\"widget\" data-widget_type=\"heading.default\">\n\t\t\t\t<div class=\"elementor-widget-container\">\n\t\t\t\t\t<h4 class=\"elementor-heading-title elementor-size-default\">Garanzia e responsabilit\u00e0<\/h4>\t\t\t\t<\/div>\n\t\t\t\t<\/div>\n\t\t\t\t<div class=\"elementor-element elementor-element-073d96d elementor-widget elementor-widget-text-editor\" data-id=\"073d96d\" data-element_type=\"widget\" data-e-type=\"widget\" data-widget_type=\"text-editor.default\">\n\t\t\t\t<div class=\"elementor-widget-container\">\n\t\t\t\t\t\t\t\t\t<p>La garanzia per difetti di progettazione, fabbricazione e materiale dimostrabili \u00e8 di due anni dalla data della fattura. Per i prodotti difettosi, il produttore garantisce la riparazione o la sostituzione a sua discrezione. Sono espressamente escluse ulteriori pretese come il risarcimento di danni di qualsiasi tipo, ad esempio danni conseguenti e accidentali. Sono esclusi dai diritti di garanzia i danni dovuti a normale usura, vandalismo o uso improprio, nonch\u00e9 l'uso di mezzi non idonei. La ruggine e lo scolorimento delle parti in acciaio inox dovuti a influssi ambientali e\/o chimici (ad es. saponi liquidi non adatti) non sono espressamente riconosciuti come difetti di fabbricazione o di materiale.\u00a0<\/p>\t\t\t\t\t\t\t\t<\/div>\n\t\t\t\t<\/div>\n\t\t\t\t\t<\/div>\n\t\t<\/div>\n\t\t\t\t\t<\/div>\n\t\t<\/section>\n\t\t\t\t<section class=\"elementor-section elementor-top-section elementor-element elementor-element-6a76723 elementor-section-full_width elementor-section-height-default elementor-section-height-default qodef-elementor-content-no elementor-invisible\" data-id=\"6a76723\" data-element_type=\"section\" data-e-type=\"section\" data-settings=\"{&quot;animation&quot;:&quot;fadeInUp&quot;}\">\n\t\t\t\t\t\t<div class=\"elementor-container elementor-column-gap-no\">\n\t\t\t\t\t<div class=\"elementor-column elementor-col-100 elementor-top-column elementor-element elementor-element-f920fec\" data-id=\"f920fec\" data-element_type=\"column\" data-e-type=\"column\">\n\t\t\t<div class=\"elementor-widget-wrap elementor-element-populated\">\n\t\t\t\t\t\t<div class=\"elementor-element elementor-element-5f69a59 elementor-widget elementor-widget-heading\" data-id=\"5f69a59\" data-element_type=\"widget\" data-e-type=\"widget\" data-widget_type=\"heading.default\">\n\t\t\t\t<div class=\"elementor-widget-container\">\n\t\t\t\t\t<h4 class=\"elementor-heading-title elementor-size-default\">Dettagli del prodotto<\/h4>\t\t\t\t<\/div>\n\t\t\t\t<\/div>\n\t\t\t\t<div class=\"elementor-element elementor-element-19d28b7 elementor-widget elementor-widget-text-editor\" data-id=\"19d28b7\" data-element_type=\"widget\" data-e-type=\"widget\" data-widget_type=\"text-editor.default\">\n\t\t\t\t<div class=\"elementor-widget-container\">\n\t\t\t\t\t\t\t\t\t<p>Ci riserviamo il diritto di apportare modifiche tecniche in qualsiasi momento.<\/p>\t\t\t\t\t\t\t\t<\/div>\n\t\t\t\t<\/div>\n\t\t\t\t\t<\/div>\n\t\t<\/div>\n\t\t\t\t\t<\/div>\n\t\t<\/section>\n\t\t\t\t<section class=\"elementor-section elementor-top-section elementor-element elementor-element-5cea0e1 elementor-section-full_width elementor-section-height-default elementor-section-height-default qodef-elementor-content-no elementor-invisible\" data-id=\"5cea0e1\" data-element_type=\"section\" data-e-type=\"section\" data-settings=\"{&quot;animation&quot;:&quot;fadeInUp&quot;}\">\n\t\t\t\t\t\t<div class=\"elementor-container elementor-column-gap-no\">\n\t\t\t\t\t<div class=\"elementor-column elementor-col-100 elementor-top-column elementor-element elementor-element-dc6d739\" data-id=\"dc6d739\" data-element_type=\"column\" data-e-type=\"column\">\n\t\t\t<div class=\"elementor-widget-wrap elementor-element-populated\">\n\t\t\t\t\t\t<div class=\"elementor-element elementor-element-807ab60 elementor-widget elementor-widget-heading\" data-id=\"807ab60\" data-element_type=\"widget\" data-e-type=\"widget\" data-widget_type=\"heading.default\">\n\t\t\t\t<div class=\"elementor-widget-container\">\n\t\t\t\t\t<h4 class=\"elementor-heading-title elementor-size-default\">Tempi di consegna<\/h4>\t\t\t\t<\/div>\n\t\t\t\t<\/div>\n\t\t\t\t<div class=\"elementor-element elementor-element-874e7fb elementor-widget elementor-widget-text-editor\" data-id=\"874e7fb\" data-element_type=\"widget\" data-e-type=\"widget\" data-widget_type=\"text-editor.default\">\n\t\t\t\t<div class=\"elementor-widget-container\">\n\t\t\t\t\t\t\t\t\t<p>Questi sono stati dichiarati e rispettati al meglio del nostro giudizio. Non possono essere avanzate richieste di risarcimento danni o penali contrattuali in seguito a ritardi nella consegna. Il recesso dall'ordine a causa del superamento della data di consegna pu\u00f2 avvenire solo con il nostro consenso e dietro pagamento dei servizi gi\u00e0 resi da noi.<\/p>\t\t\t\t\t\t\t\t<\/div>\n\t\t\t\t<\/div>\n\t\t\t\t\t<\/div>\n\t\t<\/div>\n\t\t\t\t\t<\/div>\n\t\t<\/section>\n\t\t\t\t<section class=\"elementor-section elementor-top-section elementor-element elementor-element-5324732 elementor-section-full_width elementor-section-height-default elementor-section-height-default qodef-elementor-content-no elementor-invisible\" data-id=\"5324732\" data-element_type=\"section\" data-e-type=\"section\" data-settings=\"{&quot;animation&quot;:&quot;fadeInUp&quot;}\">\n\t\t\t\t\t\t<div class=\"elementor-container elementor-column-gap-no\">\n\t\t\t\t\t<div class=\"elementor-column elementor-col-100 elementor-top-column elementor-element elementor-element-3dc79b3\" data-id=\"3dc79b3\" data-element_type=\"column\" data-e-type=\"column\">\n\t\t\t<div class=\"elementor-widget-wrap elementor-element-populated\">\n\t\t\t\t\t\t<div class=\"elementor-element elementor-element-13bbdef elementor-widget elementor-widget-heading\" data-id=\"13bbdef\" data-element_type=\"widget\" data-e-type=\"widget\" data-widget_type=\"heading.default\">\n\t\t\t\t<div class=\"elementor-widget-container\">\n\t\t\t\t\t<h4 class=\"elementor-heading-title elementor-size-default\">Cancellazioni<\/h4>\t\t\t\t<\/div>\n\t\t\t\t<\/div>\n\t\t\t\t<div class=\"elementor-element elementor-element-8763e55 elementor-widget elementor-widget-text-editor\" data-id=\"8763e55\" data-element_type=\"widget\" data-e-type=\"widget\" data-widget_type=\"text-editor.default\">\n\t\t\t\t<div class=\"elementor-widget-container\">\n\t\t\t\t\t\t\t\t\t<p>Ci\u00f2 \u00e8 possibile solo con il nostro esplicito consenso.<\/p>\t\t\t\t\t\t\t\t<\/div>\n\t\t\t\t<\/div>\n\t\t\t\t\t<\/div>\n\t\t<\/div>\n\t\t\t\t\t<\/div>\n\t\t<\/section>\n\t\t\t\t<section class=\"elementor-section elementor-top-section elementor-element elementor-element-14d1ec1 elementor-section-full_width elementor-section-height-default elementor-section-height-default qodef-elementor-content-no elementor-invisible\" data-id=\"14d1ec1\" data-element_type=\"section\" data-e-type=\"section\" data-settings=\"{&quot;animation&quot;:&quot;fadeInUp&quot;}\">\n\t\t\t\t\t\t<div class=\"elementor-container elementor-column-gap-no\">\n\t\t\t\t\t<div class=\"elementor-column elementor-col-100 elementor-top-column elementor-element elementor-element-e28452d\" data-id=\"e28452d\" data-element_type=\"column\" data-e-type=\"column\">\n\t\t\t<div class=\"elementor-widget-wrap elementor-element-populated\">\n\t\t\t\t\t\t<div class=\"elementor-element elementor-element-482add7 elementor-widget elementor-widget-heading\" data-id=\"482add7\" data-element_type=\"widget\" data-e-type=\"widget\" data-widget_type=\"heading.default\">\n\t\t\t\t<div class=\"elementor-widget-container\">\n\t\t\t\t\t<h4 class=\"elementor-heading-title elementor-size-default\">Condizioni di pagamento<\/h4>\t\t\t\t<\/div>\n\t\t\t\t<\/div>\n\t\t\t\t<div class=\"elementor-element elementor-element-3722c13 elementor-widget elementor-widget-text-editor\" data-id=\"3722c13\" data-element_type=\"widget\" data-e-type=\"widget\" data-widget_type=\"text-editor.default\">\n\t\t\t\t<div class=\"elementor-widget-container\">\n\t\t\t\t\t\t\t\t\t<p>Se non diversamente concordato per iscritto, si applicano 30 giorni netti dalla data della fattura. Per i clienti privati (persone fisiche) \u00e8 richiesto il pagamento anticipato, ma almeno un deposito di 50%.&nbsp;<\/p>\t\t\t\t\t\t\t\t<\/div>\n\t\t\t\t<\/div>\n\t\t\t\t\t<\/div>\n\t\t<\/div>\n\t\t\t\t\t<\/div>\n\t\t<\/section>\n\t\t\t\t<section class=\"elementor-section elementor-top-section elementor-element elementor-element-1af345a elementor-section-full_width elementor-section-height-default elementor-section-height-default qodef-elementor-content-no elementor-invisible\" data-id=\"1af345a\" data-element_type=\"section\" data-e-type=\"section\" data-settings=\"{&quot;animation&quot;:&quot;fadeInUp&quot;}\">\n\t\t\t\t\t\t<div class=\"elementor-container elementor-column-gap-no\">\n\t\t\t\t\t<div class=\"elementor-column elementor-col-100 elementor-top-column elementor-element elementor-element-dea3b66\" data-id=\"dea3b66\" data-element_type=\"column\" data-e-type=\"column\">\n\t\t\t<div class=\"elementor-widget-wrap elementor-element-populated\">\n\t\t\t\t\t\t<div class=\"elementor-element elementor-element-dcb5503 elementor-widget elementor-widget-heading\" data-id=\"dcb5503\" data-element_type=\"widget\" data-e-type=\"widget\" data-widget_type=\"heading.default\">\n\t\t\t\t<div class=\"elementor-widget-container\">\n\t\t\t\t\t<h4 class=\"elementor-heading-title elementor-size-default\">Luogo di giurisdizione<\/h4>\t\t\t\t<\/div>\n\t\t\t\t<\/div>\n\t\t\t\t<div class=\"elementor-element elementor-element-f347ede elementor-widget elementor-widget-text-editor\" data-id=\"f347ede\" data-element_type=\"widget\" data-e-type=\"widget\" data-widget_type=\"text-editor.default\">\n\t\t\t\t<div class=\"elementor-widget-container\">\n\t\t\t\t\t\t\t\t\t<p>Il luogo di esecuzione e la giurisdizione sono F\u00e4llanden.<\/p>\t\t\t\t\t\t\t\t<\/div>\n\t\t\t\t<\/div>\n\t\t\t\t<div class=\"elementor-element elementor-element-7abc2d2 elementor-widget elementor-widget-text-editor\" data-id=\"7abc2d2\" data-element_type=\"widget\" data-e-type=\"widget\" data-widget_type=\"text-editor.default\">\n\t\t\t\t<div class=\"elementor-widget-container\">\n\t\t\t\t\t\t\t\t\t<p>ARMATRON AG, 8117 F\u00e4llanden<br \/>Rev. gennaio 2013<\/p>\t\t\t\t\t\t\t\t<\/div>\n\t\t\t\t<\/div>\n\t\t\t\t\t<\/div>\n\t\t<\/div>\n\t\t\t\t\t<\/div>\n\t\t<\/section>\n\t\t\t\t<\/div>","protected":false},"excerpt":{"rendered":"<p>Verkaufs- und Lieferbedingungen Allgemein Mit der Auftragserteilung anerkennt der Besteller unsere vorliegenden Verkaufs- und Lieferbedingungen. Lieferungen Die Lieferungen erfolgen ab Werk F\u00e4llanden auf Rechnung und Risiko des Bestellers. Kontrolle und Beanstandungen Der Besteller hat die Ware sofort bei Erhalt zu kontrollieren und allf\u00e4llige sichtbare \u00e4ussere Besch\u00e4digungen dem Frachtf\u00fchrer zu melden. Beschwerden sind sofort, jedoch sp\u00e4testens [&hellip;]<\/p>\n","protected":false},"author":1,"featured_media":0,"parent":0,"menu_order":0,"comment_status":"closed","ping_status":"closed","template":"","meta":{"footnotes":""},"class_list":["post-4270","page","type-page","status-publish","hentry"],"_links":{"self":[{"href":"https:\/\/aussenduschen.ch\/it\/wp-json\/wp\/v2\/pages\/4270","targetHints":{"allow":["GET"]}}],"collection":[{"href":"https:\/\/aussenduschen.ch\/it\/wp-json\/wp\/v2\/pages"}],"about":[{"href":"https:\/\/aussenduschen.ch\/it\/wp-json\/wp\/v2\/types\/page"}],"author":[{"embeddable":true,"href":"https:\/\/aussenduschen.ch\/it\/wp-json\/wp\/v2\/users\/1"}],"replies":[{"embeddable":true,"href":"https:\/\/aussenduschen.ch\/it\/wp-json\/wp\/v2\/comments?post=4270"}],"version-history":[{"count":10,"href":"https:\/\/aussenduschen.ch\/it\/wp-json\/wp\/v2\/pages\/4270\/revisions"}],"predecessor-version":[{"id":8960,"href":"https:\/\/aussenduschen.ch\/it\/wp-json\/wp\/v2\/pages\/4270\/revisions\/8960"}],"wp:attachment":[{"href":"https:\/\/aussenduschen.ch\/it\/wp-json\/wp\/v2\/media?parent=4270"}],"curies":[{"name":"wp","href":"https:\/\/api.w.org\/{rel}","templated":true}]}}