{"id":8818,"date":"2025-08-22T06:56:41","date_gmt":"2025-08-22T06:56:41","guid":{"rendered":"https:\/\/aussenduschen.ch\/?post_type=product&#038;p=8818"},"modified":"2025-12-22T18:27:53","modified_gmt":"2025-12-22T18:27:53","slug":"aussendusche-fuoco","status":"publish","type":"product","link":"https:\/\/aussenduschen.ch\/fr\/product\/aussendusche-fuoco\/","title":{"rendered":"Douche ext\u00e9rieure FUOCO"},"content":{"rendered":"","protected":false},"excerpt":{"rendered":"<div class=\"_message-content_3ffle_2 _message-content--markdown_3ffle_20\">\n<p>Douche de jardin Elemento Fuoco avec douchette \u00e0 main en acier inoxydable<br \/>\nFuoco est enti\u00e8rement en acier inoxydable et est livr\u00e9 avec une douche manuelle tr\u00e8s pratique :<br \/>\nparfait pour se rincer les pieds ou se doucher sans se mouiller les cheveux.<br \/>\nUne qualit\u00e9 sup\u00e9rieure \u00e0 un prix raisonnable.<\/p>\n<p>Caract\u00e9ristiques du produit<br \/>\nMat\u00e9riau : acier inoxydable, bross\u00e9 mat, V4A R\u00e9sistant au chlore et \u00e0 l'eau sal\u00e9e<br \/>\nDouche de t\u00eate (60mm) et douchette \u00e0 main avec buses Easy-Clean en silicone<br \/>\nTpour l'eau froide et l'eau chaude<br \/>\nInverseur entre la douche de t\u00eate et la douche \u00e0 main<br \/>\nHauteur : 2100 mm de hauteur utile (2440 mm de hauteur totale)<br \/>\nMontage : bride standard (corps encastr\u00e9 disponible en option)<br \/>\nInclus : douche, mat\u00e9riel de montage, housse de protection contre les intemp\u00e9ries<\/p>\n<p>ATTENTION. la douche est livr\u00e9e en deux parties !<\/p>\n<\/div>\n<p><a href=\"https:\/\/aussenduschen.ch\/wp-content\/uploads\/2025\/08\/Datenblatt_Fuoco_AGD-101HS0.pdf\" target=\"_blank\" rel=\"noopener\">T\u00e9l\u00e9charger la fiche technique<\/a><br \/>\n<a href=\"https:\/\/aussenduschen.ch\/wp-content\/uploads\/2025\/08\/Elemento-Instalacni-manual-s-prirubou.pdf\" target=\"_blank\" rel=\"noopener\">T\u00e9l\u00e9charger le guide d'installation<\/a><\/p>\n<p><a href=\"https:\/\/aussenduschen.ch\/wp-content\/uploads\/2025\/08\/Technical-Drawing-Montage-Box-Elemento.pdf\" target=\"_blank\" rel=\"noopener\">Dessin technique de la bo\u00eete de montage<\/a><br \/>\n<a href=\"https:\/\/aussenduschen.ch\/wp-content\/uploads\/2025\/08\/Elemento-montage-manual_CZ-F-EN-DE.pdf\" target=\"_blank\" rel=\"noopener\">T\u00e9l\u00e9charger les instructions d'installation avec la bo\u00eete de montage<\/a><\/p>","protected":false},"featured_media":8821,"template":"","meta":[],"product_brand":[],"product_cat":[15,133,126,139,125,127,128],"product_tag":[],"class_list":{"0":"post-8818","1":"product","2":"type-product","3":"status-publish","4":"has-post-thumbnail","6":"product_cat-gartenduschen","7":"product_cat-duschsaeule","8":"product_cat-garten-dusche","9":"product_cat-oeffentliche-dusche","10":"product_cat-outdoor-dusche","11":"product_cat-pool-dusche","12":"product_cat-sauna-dusche","14":"first","15":"instock","16":"taxable","17":"shipping-taxable","18":"purchasable","19":"product-type-simple"},"_links":{"self":[{"href":"https:\/\/aussenduschen.ch\/fr\/wp-json\/wp\/v2\/product\/8818","targetHints":{"allow":["GET"]}}],"collection":[{"href":"https:\/\/aussenduschen.ch\/fr\/wp-json\/wp\/v2\/product"}],"about":[{"href":"https:\/\/aussenduschen.ch\/fr\/wp-json\/wp\/v2\/types\/product"}],"version-history":[{"count":3,"href":"https:\/\/aussenduschen.ch\/fr\/wp-json\/wp\/v2\/product\/8818\/revisions"}],"predecessor-version":[{"id":8890,"href":"https:\/\/aussenduschen.ch\/fr\/wp-json\/wp\/v2\/product\/8818\/revisions\/8890"}],"wp:featuredmedia":[{"embeddable":true,"href":"https:\/\/aussenduschen.ch\/fr\/wp-json\/wp\/v2\/media\/8821"}],"wp:attachment":[{"href":"https:\/\/aussenduschen.ch\/fr\/wp-json\/wp\/v2\/media?parent=8818"}],"wp:term":[{"taxonomy":"product_brand","embeddable":true,"href":"https:\/\/aussenduschen.ch\/fr\/wp-json\/wp\/v2\/product_brand?post=8818"},{"taxonomy":"product_cat","embeddable":true,"href":"https:\/\/aussenduschen.ch\/fr\/wp-json\/wp\/v2\/product_cat?post=8818"},{"taxonomy":"product_tag","embeddable":true,"href":"https:\/\/aussenduschen.ch\/fr\/wp-json\/wp\/v2\/product_tag?post=8818"}],"curies":[{"name":"wp","href":"https:\/\/api.w.org\/{rel}","templated":true}]}}