{"id":8449,"date":"2025-05-14T14:15:21","date_gmt":"2025-05-14T14:15:21","guid":{"rendered":"https:\/\/aussenduschen.ch\/?post_type=product&#038;p=8449"},"modified":"2025-05-14T14:27:24","modified_gmt":"2025-05-14T14:27:24","slug":"wanddusche-twiggy-w883","status":"publish","type":"product","link":"https:\/\/aussenduschen.ch\/fr\/product\/wanddusche-twiggy-w883\/","title":{"rendered":"Douche murale, Twiggy, W883"},"content":{"rendered":"","protected":false},"excerpt":{"rendered":"<div class=\"_message-item__content_16jsp_9\">\n<div class=\"_message-content_1yhhc_2 _message-content--markdown_1yhhc_19\">\n<p>La douche murale TWIGGY est filigrane et r\u00e9duite au minimum. Le pommeau de douche \u00e9troit forme un beau c\u00f4ne d'eau r\u00e9gulier qui permet de profiter pleinement de la douche. Comme toutes nos douches, ce mod\u00e8le est fabriqu\u00e9 en acier inoxydable V4A. Le choix de la surface s'\u00e9tend de l'acier inoxydable poli brillant ou mat au rev\u00eatement en poudre noir et \u00e0 diverses couleurs PVD (cuivre, laiton, bronze, noir). Le mitigeur de haute qualit\u00e9 pour l'eau chaude et froide ainsi qu'une douchette \u00e0 main en option compl\u00e8tent cette douche murale.<\/p>\n<\/div>\n<\/div>","protected":false},"featured_media":8451,"template":"","meta":[],"product_brand":[],"product_cat":[154,153,134,126,150,125,127,128,129,71],"product_tag":[],"class_list":{"0":"post-8449","1":"product","2":"type-product","3":"status-publish","4":"has-post-thumbnail","6":"product_cat-duschbrause-sanitaerzubehoer","7":"product_cat-duschstange","8":"product_cat-duschsystem","9":"product_cat-garten-dusche","10":"product_cat-mischbatterie-dusche","11":"product_cat-outdoor-dusche","12":"product_cat-pool-dusche","13":"product_cat-sauna-dusche","14":"product_cat-wanddusche","15":"product_cat-wandduschen","17":"first","18":"instock","19":"taxable","20":"shipping-taxable","21":"purchasable","22":"product-type-simple"},"_links":{"self":[{"href":"https:\/\/aussenduschen.ch\/fr\/wp-json\/wp\/v2\/product\/8449","targetHints":{"allow":["GET"]}}],"collection":[{"href":"https:\/\/aussenduschen.ch\/fr\/wp-json\/wp\/v2\/product"}],"about":[{"href":"https:\/\/aussenduschen.ch\/fr\/wp-json\/wp\/v2\/types\/product"}],"version-history":[{"count":1,"href":"https:\/\/aussenduschen.ch\/fr\/wp-json\/wp\/v2\/product\/8449\/revisions"}],"predecessor-version":[{"id":8454,"href":"https:\/\/aussenduschen.ch\/fr\/wp-json\/wp\/v2\/product\/8449\/revisions\/8454"}],"wp:featuredmedia":[{"embeddable":true,"href":"https:\/\/aussenduschen.ch\/fr\/wp-json\/wp\/v2\/media\/8451"}],"wp:attachment":[{"href":"https:\/\/aussenduschen.ch\/fr\/wp-json\/wp\/v2\/media?parent=8449"}],"wp:term":[{"taxonomy":"product_brand","embeddable":true,"href":"https:\/\/aussenduschen.ch\/fr\/wp-json\/wp\/v2\/product_brand?post=8449"},{"taxonomy":"product_cat","embeddable":true,"href":"https:\/\/aussenduschen.ch\/fr\/wp-json\/wp\/v2\/product_cat?post=8449"},{"taxonomy":"product_tag","embeddable":true,"href":"https:\/\/aussenduschen.ch\/fr\/wp-json\/wp\/v2\/product_tag?post=8449"}],"curies":[{"name":"wp","href":"https:\/\/api.w.org\/{rel}","templated":true}]}}