{"id":8374,"date":"2025-04-02T09:06:51","date_gmt":"2025-04-02T09:06:51","guid":{"rendered":"https:\/\/aussenduschen.ch\/?post_type=product&#038;p=8374"},"modified":"2025-04-02T14:37:45","modified_gmt":"2025-04-02T14:37:45","slug":"club-large-cl90","status":"publish","type":"product","link":"https:\/\/aussenduschen.ch\/fr\/product\/club-large-cl90\/","title":{"rendered":"Club Large CL90"},"content":{"rendered":"","protected":false},"excerpt":{"rendered":"<p><strong>CLUB LARGE CL90<\/strong><br \/>\nLa CLUB LARGE a une forme intemporelle. Par rapport \u00e0 la CLUB classique, la CL90 se distingue par une pomme de douche de 300 mm en acier inoxydable. Avec son design intemporel, elle est toujours le bon choix et s'adapte \u00e0 tous les domaines d'application. La CLUB est particuli\u00e8rement appr\u00e9ci\u00e9e dans les \u00e9tablissements de bains publics (\u00e0 l'ext\u00e9rieur et \u00e0 l'int\u00e9rieur).<\/p>\n<p><em>Mat\u00e9riau :<\/em> Acier inoxydable V4A<\/p>\n<p><em>Port\u00e9e :<\/em> Jardin, Piscine, Sauna, Bien-\u00eatre, Piscine<\/p>\n<p><em>Douche de t\u00eate :<\/em> \u00f8 300 mm Pomme de douche<\/p>\n<p><em>Pression de l'eau :<\/em> 1-5 bar<\/p>\n<p><em>Ligne de connexion :<\/em> Filetage femelle 1\/2<\/p>\n<p><em>Approvisionnement en eau :<\/em> Approvisionnement standard en eau du sol<\/p>","protected":false},"featured_media":8377,"template":"","meta":[],"product_brand":[],"product_cat":[15,133,126,139,125,127,135,128],"product_tag":[99,90,91,92,100,94,103,89,102,93,97,96,101,95,98],"class_list":{"0":"post-8374","1":"product","2":"type-product","3":"status-publish","4":"has-post-thumbnail","6":"product_cat-gartenduschen","7":"product_cat-duschsaeule","8":"product_cat-garten-dusche","9":"product_cat-oeffentliche-dusche","10":"product_cat-outdoor-dusche","11":"product_cat-pool-dusche","12":"product_cat-regendusche-outdoor-dusche","13":"product_cat-sauna-dusche","14":"product_tag-aisi316","15":"product_tag-aussendusche","16":"product_tag-aussendusche-edelstahl","17":"product_tag-aussendusche-schweiz","18":"product_tag-edelstahl","19":"product_tag-fontealta","20":"product_tag-fontealta-aussenduschen","21":"product_tag-gartendusche","22":"product_tag-gartendusche-fontealta","23":"product_tag-gartendusche-schweiz","24":"product_tag-gartenduschen-schweiz","25":"product_tag-outdoor-duschen","26":"product_tag-spiegelpoliert","27":"product_tag-terrassen-dusche","28":"product_tag-v4a-edelstahl","30":"first","31":"instock","32":"taxable","33":"shipping-taxable","34":"purchasable","35":"product-type-simple"},"_links":{"self":[{"href":"https:\/\/aussenduschen.ch\/fr\/wp-json\/wp\/v2\/product\/8374","targetHints":{"allow":["GET"]}}],"collection":[{"href":"https:\/\/aussenduschen.ch\/fr\/wp-json\/wp\/v2\/product"}],"about":[{"href":"https:\/\/aussenduschen.ch\/fr\/wp-json\/wp\/v2\/types\/product"}],"version-history":[{"count":2,"href":"https:\/\/aussenduschen.ch\/fr\/wp-json\/wp\/v2\/product\/8374\/revisions"}],"predecessor-version":[{"id":8383,"href":"https:\/\/aussenduschen.ch\/fr\/wp-json\/wp\/v2\/product\/8374\/revisions\/8383"}],"wp:featuredmedia":[{"embeddable":true,"href":"https:\/\/aussenduschen.ch\/fr\/wp-json\/wp\/v2\/media\/8377"}],"wp:attachment":[{"href":"https:\/\/aussenduschen.ch\/fr\/wp-json\/wp\/v2\/media?parent=8374"}],"wp:term":[{"taxonomy":"product_brand","embeddable":true,"href":"https:\/\/aussenduschen.ch\/fr\/wp-json\/wp\/v2\/product_brand?post=8374"},{"taxonomy":"product_cat","embeddable":true,"href":"https:\/\/aussenduschen.ch\/fr\/wp-json\/wp\/v2\/product_cat?post=8374"},{"taxonomy":"product_tag","embeddable":true,"href":"https:\/\/aussenduschen.ch\/fr\/wp-json\/wp\/v2\/product_tag?post=8374"}],"curies":[{"name":"wp","href":"https:\/\/api.w.org\/{rel}","templated":true}]}}