{"id":8285,"date":"2025-03-21T12:55:59","date_gmt":"2025-03-21T12:55:59","guid":{"rendered":"https:\/\/aussenduschen.ch\/?post_type=product&#038;p=8285"},"modified":"2025-03-21T13:15:39","modified_gmt":"2025-03-21T13:15:39","slug":"edelstahl-ventil-mit-wasserdichter-up-box-st-l","status":"publish","type":"product","link":"https:\/\/aussenduschen.ch\/fr\/product\/edelstahl-ventil-mit-wasserdichter-up-box-st-l\/","title":{"rendered":"Vanne en acier inoxydable avec UP-BOX \u00e9tanche, ST.L"},"content":{"rendered":"","protected":false},"excerpt":{"rendered":"<p>Vanne encastr\u00e9e pour eau froide ou pr\u00e9m\u00e9lang\u00e9e.<br \/>\navec UP-BOX \u00e9tanche pour un montage mural facile<\/p>\n<p>Type : Vanne encastr\u00e9e<\/p>\n<p>Pression de l'eau : 1 - 5 bar<\/p>\n<p>Ligne de connexion : 1\/2\u2033<\/p>\n<p>Alimentation en eau : alimentation en eau murale standard<\/p>","protected":false},"featured_media":3439,"template":"","meta":[],"product_brand":[],"product_cat":[157,134,129,74],"product_tag":[],"class_list":{"0":"post-8285","1":"product","2":"type-product","3":"status-publish","4":"has-post-thumbnail","6":"product_cat-duscharmatur","7":"product_cat-duschsystem","8":"product_cat-wanddusche","9":"product_cat-dusch-accessoires","11":"first","12":"instock","13":"taxable","14":"shipping-taxable","15":"purchasable","16":"product-type-simple"},"_links":{"self":[{"href":"https:\/\/aussenduschen.ch\/fr\/wp-json\/wp\/v2\/product\/8285","targetHints":{"allow":["GET"]}}],"collection":[{"href":"https:\/\/aussenduschen.ch\/fr\/wp-json\/wp\/v2\/product"}],"about":[{"href":"https:\/\/aussenduschen.ch\/fr\/wp-json\/wp\/v2\/types\/product"}],"version-history":[{"count":1,"href":"https:\/\/aussenduschen.ch\/fr\/wp-json\/wp\/v2\/product\/8285\/revisions"}],"predecessor-version":[{"id":8287,"href":"https:\/\/aussenduschen.ch\/fr\/wp-json\/wp\/v2\/product\/8285\/revisions\/8287"}],"wp:featuredmedia":[{"embeddable":true,"href":"https:\/\/aussenduschen.ch\/fr\/wp-json\/wp\/v2\/media\/3439"}],"wp:attachment":[{"href":"https:\/\/aussenduschen.ch\/fr\/wp-json\/wp\/v2\/media?parent=8285"}],"wp:term":[{"taxonomy":"product_brand","embeddable":true,"href":"https:\/\/aussenduschen.ch\/fr\/wp-json\/wp\/v2\/product_brand?post=8285"},{"taxonomy":"product_cat","embeddable":true,"href":"https:\/\/aussenduschen.ch\/fr\/wp-json\/wp\/v2\/product_cat?post=8285"},{"taxonomy":"product_tag","embeddable":true,"href":"https:\/\/aussenduschen.ch\/fr\/wp-json\/wp\/v2\/product_tag?post=8285"}],"curies":[{"name":"wp","href":"https:\/\/api.w.org\/{rel}","templated":true}]}}