{"id":6610,"date":"2023-11-01T08:15:11","date_gmt":"2023-11-01T08:15:11","guid":{"rendered":"https:\/\/aussenduschen.ch\/?post_type=product&#038;p=6610"},"modified":"2025-01-27T09:45:19","modified_gmt":"2025-01-27T09:45:19","slug":"boss-wide-wanddusche-w444","status":"publish","type":"product","link":"https:\/\/aussenduschen.ch\/fr\/product\/boss-wide-wanddusche-w444\/","title":{"rendered":"Boss Wide W444"},"content":{"rendered":"","protected":false},"excerpt":{"rendered":"<div class=\"_message-item__content_16jsp_9\">\n<div class=\"_message-content_1yhhc_2 _message-content--markdown_1yhhc_19\">\n<p>Le Boss Wide pour montage mural est la solution parfaite pour une exp\u00e9rience de douche luxueuse \u00e0 l'int\u00e9rieur et \u00e0 l'ext\u00e9rieur. Gr\u00e2ce \u00e0 son mitigeur d'eau chaude et froide de haute qualit\u00e9, vous pouvez r\u00e9gler la temp\u00e9rature de l'eau selon vos pr\u00e9f\u00e9rences personnelles.<\/p>\n<p>La douche ext\u00e9rieure Boss Wide dispose d'une impressionnante pomme de douche de 300 mm, fabriqu\u00e9e en acier inoxydable V4A r\u00e9sistant. Cela garantit non seulement une longue dur\u00e9e de vie, mais conf\u00e8re \u00e9galement \u00e0 la douche un look moderne et attrayant. Divers rev\u00eatements PVD sont en outre disponibles, pour un look tr\u00e8s particulier.<\/p>\n<p>Avec la douchette suppl\u00e9mentaire en option, vous avez encore plus de flexibilit\u00e9 et de confort pour la douche. Vous pouvez sans probl\u00e8me fixer la douchette \u00e0 main sur le support mural de la douche ext\u00e9rieure et l'utiliser \u00e0 votre guise.<\/p>\n<p>Que vous recherchiez une douche rafra\u00eechissante \u00e0 l'ext\u00e9rieur ou une exp\u00e9rience de douche relaxante \u00e0 l'int\u00e9rieur, la Boss Wide vous offre les deux. Sa finition de qualit\u00e9 et ses fonctions polyvalentes font de cette douche un v\u00e9ritable produit de luxe pour votre maison.<\/p>\n<\/div>\n<\/div>","protected":false},"featured_media":6613,"template":"","meta":[],"product_brand":[],"product_cat":[124,154,153,134,126,150,139,125,127,135,123,128,129,71],"product_tag":[],"class_list":{"0":"post-6610","1":"product","2":"type-product","3":"status-publish","4":"has-post-thumbnail","6":"product_cat-duschbrause","7":"product_cat-duschbrause-sanitaerzubehoer","8":"product_cat-duschstange","9":"product_cat-duschsystem","10":"product_cat-garten-dusche","11":"product_cat-mischbatterie-dusche","12":"product_cat-oeffentliche-dusche","13":"product_cat-outdoor-dusche","14":"product_cat-pool-dusche","15":"product_cat-regendusche-outdoor-dusche","16":"product_cat-regendusche","17":"product_cat-sauna-dusche","18":"product_cat-wanddusche","19":"product_cat-wandduschen","21":"first","22":"instock","23":"taxable","24":"shipping-taxable","25":"purchasable","26":"product-type-simple"},"_links":{"self":[{"href":"https:\/\/aussenduschen.ch\/fr\/wp-json\/wp\/v2\/product\/6610","targetHints":{"allow":["GET"]}}],"collection":[{"href":"https:\/\/aussenduschen.ch\/fr\/wp-json\/wp\/v2\/product"}],"about":[{"href":"https:\/\/aussenduschen.ch\/fr\/wp-json\/wp\/v2\/types\/product"}],"version-history":[{"count":3,"href":"https:\/\/aussenduschen.ch\/fr\/wp-json\/wp\/v2\/product\/6610\/revisions"}],"predecessor-version":[{"id":6616,"href":"https:\/\/aussenduschen.ch\/fr\/wp-json\/wp\/v2\/product\/6610\/revisions\/6616"}],"wp:featuredmedia":[{"embeddable":true,"href":"https:\/\/aussenduschen.ch\/fr\/wp-json\/wp\/v2\/media\/6613"}],"wp:attachment":[{"href":"https:\/\/aussenduschen.ch\/fr\/wp-json\/wp\/v2\/media?parent=6610"}],"wp:term":[{"taxonomy":"product_brand","embeddable":true,"href":"https:\/\/aussenduschen.ch\/fr\/wp-json\/wp\/v2\/product_brand?post=6610"},{"taxonomy":"product_cat","embeddable":true,"href":"https:\/\/aussenduschen.ch\/fr\/wp-json\/wp\/v2\/product_cat?post=6610"},{"taxonomy":"product_tag","embeddable":true,"href":"https:\/\/aussenduschen.ch\/fr\/wp-json\/wp\/v2\/product_tag?post=6610"}],"curies":[{"name":"wp","href":"https:\/\/api.w.org\/{rel}","templated":true}]}}