{"id":6569,"date":"2023-10-09T10:49:41","date_gmt":"2023-10-09T10:49:41","guid":{"rendered":"https:\/\/aussenduschen.ch\/?post_type=product&#038;p=6569"},"modified":"2025-07-19T12:47:42","modified_gmt":"2025-07-19T12:47:42","slug":"flamingo-f60","status":"publish","type":"product","link":"https:\/\/aussenduschen.ch\/fr\/product\/flamingo-f60\/","title":{"rendered":"Flamingo F60 avec rev\u00eatement PVD de haute qualit\u00e9"},"content":{"rendered":"","protected":false},"excerpt":{"rendered":"<p><strong>FLAMINGO F60 (PVD)<\/strong><\/p>\n<div class=\"_message-item__content_16jsp_9\">\n<div class=\"_message-content_1yhhc_2 _message-content--markdown_1yhhc_19\">\n<p><strong>Remarque : en raison de la limitation de l'espace disponible pour le proc\u00e9d\u00e9 PVD, la douche est fabriqu\u00e9e en trois parties. La douche est livr\u00e9e assembl\u00e9e.<\/strong><\/p>\n<p>La douche ext\u00e9rieure Flamingo, la derni\u00e8re n\u00e9e de Fontealta, est le choix parfait pour une exp\u00e9rience de douche exquise \u00e0 l'int\u00e9rieur comme \u00e0 l'ext\u00e9rieur. Inspir\u00e9e par la gr\u00e2ce et l'\u00e9l\u00e9gance d'un flamant rose, cette douche se distingue par son design fin et d\u00e9licat qui met en valeur chaque espace et chaque jardin.<\/p>\n<p>La douche ext\u00e9rieure Flamingo est disponible avec un mitigeur pratique qui vous permet de r\u00e9gler la temp\u00e9rature de l'eau selon vos besoins et vos pr\u00e9f\u00e9rences. Que vous ayez envie d'une douche froide rafra\u00eechissante ou que vous pr\u00e9f\u00e9riez une douche chaude vivifiante, cette douche vous offre la flexibilit\u00e9 que vous souhaitez.<\/p>\n<p>La douche ext\u00e9rieure Flamingo est fabriqu\u00e9e en acier inoxydable V4A de haute qualit\u00e9, ce qui lui conf\u00e8re non seulement une durabilit\u00e9 exceptionnelle, mais aussi une esth\u00e9tique de premier ordre. Des rev\u00eatements PVD sont disponibles en option, pour un look tr\u00e8s particulier.<\/p>\n<p>Pour encore plus de confort et de polyvalence, vous pouvez \u00e9quiper la douche ext\u00e9rieure Flamingo d'une douchette \u00e0 main suppl\u00e9mentaire en option. Gr\u00e2ce \u00e0 son installation facile, elle permet des possibilit\u00e9s de nettoyage cibl\u00e9es ou des moments de d\u00e9tente selon les besoins.<\/p>\n<p>Que vous profitiez d'une douche rafra\u00eechissante \u00e0 l'ext\u00e9rieur ou que vous recherchiez une douche \u00e9nergisante \u00e0 l'int\u00e9rieur, la Flamingo r\u00e9pond \u00e0 tous vos besoins. Avec son design distinctif et sa finition de qualit\u00e9, elle conf\u00e8re une note luxueuse \u00e0 votre jardin.<\/p>\n<p>D\u00e9couvrez l'\u00e9l\u00e9gance raffin\u00e9e et la fonctionnalit\u00e9 du Flamingo de Fontealta. D\u00e9couvrez la sensation de l'eau rafra\u00eechissante sur votre peau et vivez une exp\u00e9rience de douche extraordinaire qui vous offre d\u00e9tente et rafra\u00eechissement.<\/p>\n<\/div>\n<p><a href=\"https:\/\/aussenduschen.ch\/wp-content\/uploads\/2023\/10\/Flamingo_Installation.pdf\">Guide d'installation<\/a><\/p>\n<\/div>","protected":false},"featured_media":6622,"template":"","meta":[],"product_brand":[],"product_cat":[15,133,126,139,125,127,128,130],"product_tag":[],"class_list":{"0":"post-6569","1":"product","2":"type-product","3":"status-publish","4":"has-post-thumbnail","6":"product_cat-gartenduschen","7":"product_cat-duschsaeule","8":"product_cat-garten-dusche","9":"product_cat-oeffentliche-dusche","10":"product_cat-outdoor-dusche","11":"product_cat-pool-dusche","12":"product_cat-sauna-dusche","13":"product_cat-schwimmbad-dusche","15":"first","16":"instock","17":"taxable","18":"shipping-taxable","19":"purchasable","20":"product-type-simple"},"_links":{"self":[{"href":"https:\/\/aussenduschen.ch\/fr\/wp-json\/wp\/v2\/product\/6569","targetHints":{"allow":["GET"]}}],"collection":[{"href":"https:\/\/aussenduschen.ch\/fr\/wp-json\/wp\/v2\/product"}],"about":[{"href":"https:\/\/aussenduschen.ch\/fr\/wp-json\/wp\/v2\/types\/product"}],"version-history":[{"count":7,"href":"https:\/\/aussenduschen.ch\/fr\/wp-json\/wp\/v2\/product\/6569\/revisions"}],"predecessor-version":[{"id":8761,"href":"https:\/\/aussenduschen.ch\/fr\/wp-json\/wp\/v2\/product\/6569\/revisions\/8761"}],"wp:featuredmedia":[{"embeddable":true,"href":"https:\/\/aussenduschen.ch\/fr\/wp-json\/wp\/v2\/media\/6622"}],"wp:attachment":[{"href":"https:\/\/aussenduschen.ch\/fr\/wp-json\/wp\/v2\/media?parent=6569"}],"wp:term":[{"taxonomy":"product_brand","embeddable":true,"href":"https:\/\/aussenduschen.ch\/fr\/wp-json\/wp\/v2\/product_brand?post=6569"},{"taxonomy":"product_cat","embeddable":true,"href":"https:\/\/aussenduschen.ch\/fr\/wp-json\/wp\/v2\/product_cat?post=6569"},{"taxonomy":"product_tag","embeddable":true,"href":"https:\/\/aussenduschen.ch\/fr\/wp-json\/wp\/v2\/product_tag?post=6569"}],"curies":[{"name":"wp","href":"https:\/\/api.w.org\/{rel}","templated":true}]}}