{"id":6455,"date":"2023-06-27T09:32:26","date_gmt":"2023-06-27T09:32:26","guid":{"rendered":"https:\/\/aussenduschen.ch\/?post_type=product&#038;p=6455"},"modified":"2024-06-13T07:28:16","modified_gmt":"2024-06-13T07:28:16","slug":"boss-b76-ast","status":"publish","type":"product","link":"https:\/\/aussenduschen.ch\/fr\/product\/boss-b76-ast\/","title":{"rendered":"Boss B76.AST pour les piscines publiques"},"content":{"rendered":"","protected":false},"excerpt":{"rendered":"<p><strong>BOSS B76.AST<\/strong><br \/>\nLa douche ext\u00e9rieure BOSS est synonyme d'exclusivit\u00e9. Des lignes \u00e9l\u00e9gantes combin\u00e9es \u00e0 une touche de robustesse conf\u00e8rent \u00e0 l'ensemble une belle allure. L'extr\u00e9mit\u00e9 sup\u00e9rieure du BOSS se termine par une douche de t\u00eate int\u00e9gr\u00e9e.<\/p>\n<p>Mat\u00e9riau : acier inoxydable V4A<\/p>\n<p>Domaine d'application : piscines publiques<\/p>\n<p>Douche de t\u00eate : \u00f8 76 mm douche de t\u00eate int\u00e9gr\u00e9e<\/p>\n<p>Pression de l'eau : 1-5 bar<\/p>\n<p>Ligne de raccordement : filetage interne 1\/2<\/p>\n<p>Alimentation en eau : Alimentation en eau du sol standard<\/p>","protected":false},"featured_media":3716,"template":"","meta":[],"product_brand":[],"product_cat":[139,130,82],"product_tag":[99,90,91,92,100,94,103,89,102,93,97,96,101,95,98],"class_list":{"0":"post-6455","1":"product","2":"type-product","3":"status-publish","4":"has-post-thumbnail","6":"product_cat-oeffentliche-dusche","7":"product_cat-schwimmbad-dusche","8":"product_cat-schwimmbadduschen","9":"product_tag-aisi316","10":"product_tag-aussendusche","11":"product_tag-aussendusche-edelstahl","12":"product_tag-aussendusche-schweiz","13":"product_tag-edelstahl","14":"product_tag-fontealta","15":"product_tag-fontealta-aussenduschen","16":"product_tag-gartendusche","17":"product_tag-gartendusche-fontealta","18":"product_tag-gartendusche-schweiz","19":"product_tag-gartenduschen-schweiz","20":"product_tag-outdoor-duschen","21":"product_tag-spiegelpoliert","22":"product_tag-terrassen-dusche","23":"product_tag-v4a-edelstahl","25":"first","26":"instock","27":"taxable","28":"shipping-taxable","29":"purchasable","30":"product-type-simple"},"_links":{"self":[{"href":"https:\/\/aussenduschen.ch\/fr\/wp-json\/wp\/v2\/product\/6455","targetHints":{"allow":["GET"]}}],"collection":[{"href":"https:\/\/aussenduschen.ch\/fr\/wp-json\/wp\/v2\/product"}],"about":[{"href":"https:\/\/aussenduschen.ch\/fr\/wp-json\/wp\/v2\/types\/product"}],"version-history":[{"count":2,"href":"https:\/\/aussenduschen.ch\/fr\/wp-json\/wp\/v2\/product\/6455\/revisions"}],"predecessor-version":[{"id":6457,"href":"https:\/\/aussenduschen.ch\/fr\/wp-json\/wp\/v2\/product\/6455\/revisions\/6457"}],"wp:featuredmedia":[{"embeddable":true,"href":"https:\/\/aussenduschen.ch\/fr\/wp-json\/wp\/v2\/media\/3716"}],"wp:attachment":[{"href":"https:\/\/aussenduschen.ch\/fr\/wp-json\/wp\/v2\/media?parent=6455"}],"wp:term":[{"taxonomy":"product_brand","embeddable":true,"href":"https:\/\/aussenduschen.ch\/fr\/wp-json\/wp\/v2\/product_brand?post=6455"},{"taxonomy":"product_cat","embeddable":true,"href":"https:\/\/aussenduschen.ch\/fr\/wp-json\/wp\/v2\/product_cat?post=6455"},{"taxonomy":"product_tag","embeddable":true,"href":"https:\/\/aussenduschen.ch\/fr\/wp-json\/wp\/v2\/product_tag?post=6455"}],"curies":[{"name":"wp","href":"https:\/\/api.w.org\/{rel}","templated":true}]}}