{"id":6447,"date":"2023-06-21T07:16:04","date_gmt":"2023-06-21T07:16:04","guid":{"rendered":"https:\/\/aussenduschen.ch\/?post_type=product&#038;p=6447"},"modified":"2025-01-27T09:44:45","modified_gmt":"2025-01-27T09:44:45","slug":"edelstahl-brausemischer-ohne-up-box-mr1","status":"publish","type":"product","link":"https:\/\/aussenduschen.ch\/fr\/product\/edelstahl-brausemischer-ohne-up-box-mr1\/","title":{"rendered":"Mitigeur de douche en acier inoxydable sans bo\u00eetier encastr\u00e9 MR1"},"content":{"rendered":"","protected":false},"excerpt":{"rendered":"<p>Type : Mitigeur de douche<\/p>\n<p>Pression de l'eau : 1 - 5 bar<\/p>\n<p>Ligne de connexion : 1\/2\u2033<\/p>\n<p>Alimentation en eau : alimentation en eau murale standard<\/p>\n<p>L'\u00e9quipement comprend une cartouche en c\u00e9ramique de \u00f8 35 mm.<\/p>\n<p>Convient aux t\u00eates de douche : WATERLINE<br \/>\nSA40, SA21, SA33, SA5.3R, SA5.3 Q, SA300S, SA300C, SA300SC<\/p>","protected":false},"featured_media":3563,"template":"","meta":[],"product_brand":[],"product_cat":[157,134,150,128,144,129,74],"product_tag":[],"class_list":{"0":"post-6447","1":"product","2":"type-product","3":"status-publish","4":"has-post-thumbnail","6":"product_cat-duscharmatur","7":"product_cat-duschsystem","8":"product_cat-mischbatterie-dusche","9":"product_cat-sauna-dusche","10":"product_cat-unterputz-duscharmatur","11":"product_cat-wanddusche","12":"product_cat-dusch-accessoires","14":"first","15":"instock","16":"taxable","17":"shipping-taxable","18":"purchasable","19":"product-type-simple"},"_links":{"self":[{"href":"https:\/\/aussenduschen.ch\/fr\/wp-json\/wp\/v2\/product\/6447","targetHints":{"allow":["GET"]}}],"collection":[{"href":"https:\/\/aussenduschen.ch\/fr\/wp-json\/wp\/v2\/product"}],"about":[{"href":"https:\/\/aussenduschen.ch\/fr\/wp-json\/wp\/v2\/types\/product"}],"version-history":[{"count":1,"href":"https:\/\/aussenduschen.ch\/fr\/wp-json\/wp\/v2\/product\/6447\/revisions"}],"predecessor-version":[{"id":6448,"href":"https:\/\/aussenduschen.ch\/fr\/wp-json\/wp\/v2\/product\/6447\/revisions\/6448"}],"wp:featuredmedia":[{"embeddable":true,"href":"https:\/\/aussenduschen.ch\/fr\/wp-json\/wp\/v2\/media\/3563"}],"wp:attachment":[{"href":"https:\/\/aussenduschen.ch\/fr\/wp-json\/wp\/v2\/media?parent=6447"}],"wp:term":[{"taxonomy":"product_brand","embeddable":true,"href":"https:\/\/aussenduschen.ch\/fr\/wp-json\/wp\/v2\/product_brand?post=6447"},{"taxonomy":"product_cat","embeddable":true,"href":"https:\/\/aussenduschen.ch\/fr\/wp-json\/wp\/v2\/product_cat?post=6447"},{"taxonomy":"product_tag","embeddable":true,"href":"https:\/\/aussenduschen.ch\/fr\/wp-json\/wp\/v2\/product_tag?post=6447"}],"curies":[{"name":"wp","href":"https:\/\/api.w.org\/{rel}","templated":true}]}}