{"id":6427,"date":"2023-06-19T13:20:13","date_gmt":"2023-06-19T13:20:13","guid":{"rendered":"https:\/\/aussenduschen.ch\/?post_type=product&#038;p=6427"},"modified":"2024-06-13T07:28:31","modified_gmt":"2024-06-13T07:28:31","slug":"club-c90-ast-fuer-oeffentliche-schwimmbaeder","status":"publish","type":"product","link":"https:\/\/aussenduschen.ch\/fr\/product\/club-c90-ast-fuer-oeffentliche-schwimmbaeder\/","title":{"rendered":"Club C90.AST pour les piscines publiques"},"content":{"rendered":"","protected":false},"excerpt":{"rendered":"<p><strong>CLUB C90<\/strong><br \/>\nLe CLUB a une forme classique. Avec son design intemporel, il constitue toujours le bon choix et s'adapte \u00e0 toutes les applications. En particulier dans les \u00e9tablissements de bains publics (\u00e0 l'ext\u00e9rieur et \u00e0 l'int\u00e9rieur), le CLUB apporte un rafra\u00eechissement bienvenu.<\/p>\n<p><em>Mat\u00e9riau :<\/em> Acier inoxydable V4A<\/p>\n<p><em>Port\u00e9e :<\/em> id\u00e9al pour les piscines publiques<\/p>\n<p><em>Douche de t\u00eate :<\/em> \u00f8 90 mm douche de t\u00eate int\u00e9gr\u00e9e<\/p>\n<p><em>Pression de l'eau :<\/em> 1-5 bar<\/p>\n<p><em>Ligne de connexion :<\/em> Filetage femelle 1\/2<\/p>\n<p><em>Approvisionnement en eau :<\/em> Approvisionnement standard en eau du sol<\/p>","protected":false},"featured_media":3727,"template":"","meta":[],"product_brand":[],"product_cat":[139,130,82],"product_tag":[99,90,91,92,100,94,103,89,102,93,97,96,101,95,98],"class_list":{"0":"post-6427","1":"product","2":"type-product","3":"status-publish","4":"has-post-thumbnail","6":"product_cat-oeffentliche-dusche","7":"product_cat-schwimmbad-dusche","8":"product_cat-schwimmbadduschen","9":"product_tag-aisi316","10":"product_tag-aussendusche","11":"product_tag-aussendusche-edelstahl","12":"product_tag-aussendusche-schweiz","13":"product_tag-edelstahl","14":"product_tag-fontealta","15":"product_tag-fontealta-aussenduschen","16":"product_tag-gartendusche","17":"product_tag-gartendusche-fontealta","18":"product_tag-gartendusche-schweiz","19":"product_tag-gartenduschen-schweiz","20":"product_tag-outdoor-duschen","21":"product_tag-spiegelpoliert","22":"product_tag-terrassen-dusche","23":"product_tag-v4a-edelstahl","25":"first","26":"instock","27":"taxable","28":"shipping-taxable","29":"purchasable","30":"product-type-simple"},"_links":{"self":[{"href":"https:\/\/aussenduschen.ch\/fr\/wp-json\/wp\/v2\/product\/6427","targetHints":{"allow":["GET"]}}],"collection":[{"href":"https:\/\/aussenduschen.ch\/fr\/wp-json\/wp\/v2\/product"}],"about":[{"href":"https:\/\/aussenduschen.ch\/fr\/wp-json\/wp\/v2\/types\/product"}],"version-history":[{"count":4,"href":"https:\/\/aussenduschen.ch\/fr\/wp-json\/wp\/v2\/product\/6427\/revisions"}],"predecessor-version":[{"id":6431,"href":"https:\/\/aussenduschen.ch\/fr\/wp-json\/wp\/v2\/product\/6427\/revisions\/6431"}],"wp:featuredmedia":[{"embeddable":true,"href":"https:\/\/aussenduschen.ch\/fr\/wp-json\/wp\/v2\/media\/3727"}],"wp:attachment":[{"href":"https:\/\/aussenduschen.ch\/fr\/wp-json\/wp\/v2\/media?parent=6427"}],"wp:term":[{"taxonomy":"product_brand","embeddable":true,"href":"https:\/\/aussenduschen.ch\/fr\/wp-json\/wp\/v2\/product_brand?post=6427"},{"taxonomy":"product_cat","embeddable":true,"href":"https:\/\/aussenduschen.ch\/fr\/wp-json\/wp\/v2\/product_cat?post=6427"},{"taxonomy":"product_tag","embeddable":true,"href":"https:\/\/aussenduschen.ch\/fr\/wp-json\/wp\/v2\/product_tag?post=6427"}],"curies":[{"name":"wp","href":"https:\/\/api.w.org\/{rel}","templated":true}]}}