{"id":6003,"date":"2022-08-17T08:22:18","date_gmt":"2022-08-17T08:22:18","guid":{"rendered":"https:\/\/aussenduschen.ch\/?post_type=product&#038;p=6003"},"modified":"2024-06-13T07:29:15","modified_gmt":"2024-06-13T07:29:15","slug":"idra-c140-2","status":"publish","type":"product","link":"https:\/\/aussenduschen.ch\/fr\/product\/idra-c140-2\/","title":{"rendered":"IDRA C140.2"},"content":{"rendered":"","protected":false},"excerpt":{"rendered":"<p><strong>IDRA C140.2<\/strong><br \/>\nDeux bras se balancent hors d'un socle robuste et d\u00e9bouchent sur deux pommeaux de douche en ABS (chrom\u00e9). Id\u00e9ale pour une utilisation en piscine (publique) ou en station baln\u00e9aire, l'Idra est, comme toutes nos douches, fabriqu\u00e9e en acier inoxydable de haute qualit\u00e9, les deux pommeaux de douche \u00e9tant livr\u00e9s en standard en plastique ABS. La C140.2 est de forme classique et se distingue par sa simplicit\u00e9 tout en offrant une convivialit\u00e9 maximale. L'Idra est disponible pour de l'eau pr\u00e9m\u00e9lang\u00e9e ou de l'eau froide et, en option, avec des vannes \u00e0 fermeture automatique (fermeture automatique).<\/p>\n<p>&nbsp;<\/p>\n<p>Utilisation : piscines de lac, piscines de plage, piscines publiques<br \/>\nType : Douche d'eau froide<br \/>\nDouche de t\u00eate : \u00f8 130 douches de t\u00eate ABS<br \/>\nVanne : 2 pcs. Vannes d'eau froide<br \/>\nConduite de raccordement : 3\/4\" femelle<br \/>\nPression de l'eau : 1 - 5 bar<\/p>\n<p>&nbsp;<\/p>\n<p><a href=\"https:\/\/aussenduschen.ch\/wp-content\/uploads\/2022\/08\/Installation_IdraC140.pdf\" target=\"_blank\" rel=\"noopener\">GUIDE D'INSTALLATION<\/a><\/p>","protected":false},"featured_media":6005,"template":"","meta":[],"product_brand":[],"product_cat":[139,130,82],"product_tag":[87,86,83,84,85,88],"class_list":{"0":"post-6003","1":"product","2":"type-product","3":"status-publish","4":"has-post-thumbnail","6":"product_cat-oeffentliche-dusche","7":"product_cat-schwimmbad-dusche","8":"product_cat-schwimmbadduschen","9":"product_tag-hallenbad","10":"product_tag-schwimmbad","11":"product_tag-schwimmbaddusche","12":"product_tag-seebad","13":"product_tag-strandbad","14":"product_tag-wellness","16":"first","17":"instock","18":"taxable","19":"shipping-taxable","20":"purchasable","21":"product-type-simple"},"_links":{"self":[{"href":"https:\/\/aussenduschen.ch\/fr\/wp-json\/wp\/v2\/product\/6003","targetHints":{"allow":["GET"]}}],"collection":[{"href":"https:\/\/aussenduschen.ch\/fr\/wp-json\/wp\/v2\/product"}],"about":[{"href":"https:\/\/aussenduschen.ch\/fr\/wp-json\/wp\/v2\/types\/product"}],"version-history":[{"count":1,"href":"https:\/\/aussenduschen.ch\/fr\/wp-json\/wp\/v2\/product\/6003\/revisions"}],"predecessor-version":[{"id":6007,"href":"https:\/\/aussenduschen.ch\/fr\/wp-json\/wp\/v2\/product\/6003\/revisions\/6007"}],"wp:featuredmedia":[{"embeddable":true,"href":"https:\/\/aussenduschen.ch\/fr\/wp-json\/wp\/v2\/media\/6005"}],"wp:attachment":[{"href":"https:\/\/aussenduschen.ch\/fr\/wp-json\/wp\/v2\/media?parent=6003"}],"wp:term":[{"taxonomy":"product_brand","embeddable":true,"href":"https:\/\/aussenduschen.ch\/fr\/wp-json\/wp\/v2\/product_brand?post=6003"},{"taxonomy":"product_cat","embeddable":true,"href":"https:\/\/aussenduschen.ch\/fr\/wp-json\/wp\/v2\/product_cat?post=6003"},{"taxonomy":"product_tag","embeddable":true,"href":"https:\/\/aussenduschen.ch\/fr\/wp-json\/wp\/v2\/product_tag?post=6003"}],"curies":[{"name":"wp","href":"https:\/\/api.w.org\/{rel}","templated":true}]}}