{"id":5997,"date":"2022-08-17T08:08:55","date_gmt":"2022-08-17T08:08:55","guid":{"rendered":"https:\/\/aussenduschen.ch\/?post_type=product&#038;p=5997"},"modified":"2024-06-13T07:32:32","modified_gmt":"2024-06-13T07:32:32","slug":"idra-q120","status":"publish","type":"product","link":"https:\/\/aussenduschen.ch\/fr\/product\/idra-q120\/","title":{"rendered":"IDRA Q120"},"content":{"rendered":"","protected":false},"excerpt":{"rendered":"<p><strong>IDRA Q120<\/strong><br \/>\nL'Idra est con\u00e7ue pour \u00eatre utilis\u00e9e dans les piscines (publiques) ou les bains de mer. Quatre pommeaux de douche au total peuvent \u00eatre command\u00e9s individuellement et laissent suffisamment de place pour une exp\u00e9rience de douche agr\u00e9able gr\u00e2ce \u00e0 leur saillie. Les douches de t\u00eate imposantes (200 x 200 mm) conf\u00e8rent \u00e0 l'Idra sa finition luxueuse. L'Idra est disponible pour l'eau pr\u00e9m\u00e9lang\u00e9e ou l'eau froide et, en option, avec des vannes \u00e0 fermeture automatique (fermeture automatique).<\/p>\n<p>&nbsp;<\/p>\n<p>Utilisation : piscines de lac, piscines de plage, piscines publiques<br \/>\nType : Douche d'eau froide<br \/>\nDouche de t\u00eate : 4 pcs. 200 x 200 mm douche de t\u00eate, V4A<br \/>\nVanne : 4 pcs. Vannes d'eau froide<br \/>\nC\u00e2ble de raccordement : 1 filetage int\u00e9rieur<br \/>\nPression de l'eau : 1 - 5 bar<\/p>\n<p>&nbsp;<\/p>\n<p><a href=\"https:\/\/aussenduschen.ch\/wp-content\/uploads\/2022\/08\/Installation_IdraQ2.pdf\" target=\"_blank\" rel=\"noopener\">GUIDE D'INSTALLATION<\/a><\/p>","protected":false},"featured_media":6000,"template":"","meta":[],"product_brand":[],"product_cat":[139,130,82],"product_tag":[87,86,83,84,85,88],"class_list":{"0":"post-5997","1":"product","2":"type-product","3":"status-publish","4":"has-post-thumbnail","6":"product_cat-oeffentliche-dusche","7":"product_cat-schwimmbad-dusche","8":"product_cat-schwimmbadduschen","9":"product_tag-hallenbad","10":"product_tag-schwimmbad","11":"product_tag-schwimmbaddusche","12":"product_tag-seebad","13":"product_tag-strandbad","14":"product_tag-wellness","16":"first","17":"instock","18":"taxable","19":"shipping-taxable","20":"purchasable","21":"product-type-simple"},"_links":{"self":[{"href":"https:\/\/aussenduschen.ch\/fr\/wp-json\/wp\/v2\/product\/5997","targetHints":{"allow":["GET"]}}],"collection":[{"href":"https:\/\/aussenduschen.ch\/fr\/wp-json\/wp\/v2\/product"}],"about":[{"href":"https:\/\/aussenduschen.ch\/fr\/wp-json\/wp\/v2\/types\/product"}],"version-history":[{"count":2,"href":"https:\/\/aussenduschen.ch\/fr\/wp-json\/wp\/v2\/product\/5997\/revisions"}],"predecessor-version":[{"id":6002,"href":"https:\/\/aussenduschen.ch\/fr\/wp-json\/wp\/v2\/product\/5997\/revisions\/6002"}],"wp:featuredmedia":[{"embeddable":true,"href":"https:\/\/aussenduschen.ch\/fr\/wp-json\/wp\/v2\/media\/6000"}],"wp:attachment":[{"href":"https:\/\/aussenduschen.ch\/fr\/wp-json\/wp\/v2\/media?parent=5997"}],"wp:term":[{"taxonomy":"product_brand","embeddable":true,"href":"https:\/\/aussenduschen.ch\/fr\/wp-json\/wp\/v2\/product_brand?post=5997"},{"taxonomy":"product_cat","embeddable":true,"href":"https:\/\/aussenduschen.ch\/fr\/wp-json\/wp\/v2\/product_cat?post=5997"},{"taxonomy":"product_tag","embeddable":true,"href":"https:\/\/aussenduschen.ch\/fr\/wp-json\/wp\/v2\/product_tag?post=5997"}],"curies":[{"name":"wp","href":"https:\/\/api.w.org\/{rel}","templated":true}]}}