{"id":4706,"date":"2021-01-11T13:01:34","date_gmt":"2021-01-11T13:01:34","guid":{"rendered":"https:\/\/aussenduschen.ch\/?post_type=product&#038;p=4706"},"modified":"2021-01-11T13:07:36","modified_gmt":"2021-01-11T13:07:36","slug":"fusssdusche-mit-piezo-taster","status":"publish","type":"product","link":"https:\/\/aussenduschen.ch\/fr\/product\/fusssdusche-mit-piezo-taster\/","title":{"rendered":"Douche de pied avec bouton poussoir pi\u00e9zo"},"content":{"rendered":"","protected":false},"excerpt":{"rendered":"<p>pour l'eau froide ou pr\u00e9-m\u00e9lang\u00e9e<br \/>\nTechnologie pi\u00e9zo\u00e9lectrique<br \/>\nDur\u00e9e de fonctionnement : 8 secondes \/ r\u00e9glable avec une t\u00e9l\u00e9commande s\u00e9par\u00e9e (en option)<br \/>\nLaiton chrom\u00e9<br \/>\nPile 9V install\u00e9e dans le corps<\/p>","protected":false},"featured_media":4707,"template":"","meta":[],"product_brand":[],"product_cat":[72],"product_tag":[],"class_list":{"0":"post-4706","1":"product","2":"type-product","3":"status-publish","4":"has-post-thumbnail","6":"product_cat-fussduschen","8":"first","9":"instock","10":"taxable","11":"shipping-taxable","12":"purchasable","13":"product-type-simple"},"_links":{"self":[{"href":"https:\/\/aussenduschen.ch\/fr\/wp-json\/wp\/v2\/product\/4706","targetHints":{"allow":["GET"]}}],"collection":[{"href":"https:\/\/aussenduschen.ch\/fr\/wp-json\/wp\/v2\/product"}],"about":[{"href":"https:\/\/aussenduschen.ch\/fr\/wp-json\/wp\/v2\/types\/product"}],"version-history":[{"count":0,"href":"https:\/\/aussenduschen.ch\/fr\/wp-json\/wp\/v2\/product\/4706\/revisions"}],"wp:featuredmedia":[{"embeddable":true,"href":"https:\/\/aussenduschen.ch\/fr\/wp-json\/wp\/v2\/media\/4707"}],"wp:attachment":[{"href":"https:\/\/aussenduschen.ch\/fr\/wp-json\/wp\/v2\/media?parent=4706"}],"wp:term":[{"taxonomy":"product_brand","embeddable":true,"href":"https:\/\/aussenduschen.ch\/fr\/wp-json\/wp\/v2\/product_brand?post=4706"},{"taxonomy":"product_cat","embeddable":true,"href":"https:\/\/aussenduschen.ch\/fr\/wp-json\/wp\/v2\/product_cat?post=4706"},{"taxonomy":"product_tag","embeddable":true,"href":"https:\/\/aussenduschen.ch\/fr\/wp-json\/wp\/v2\/product_tag?post=4706"}],"curies":[{"name":"wp","href":"https:\/\/api.w.org\/{rel}","templated":true}]}}