{"id":4019,"date":"2020-08-24T14:17:30","date_gmt":"2020-08-24T14:17:30","guid":{"rendered":"https:\/\/aussenduschen.ch\/?post_type=product&#038;p=4019"},"modified":"2024-06-13T07:51:03","modified_gmt":"2024-06-13T07:51:03","slug":"in-out-shower-p22-s","status":"publish","type":"product","link":"https:\/\/aussenduschen.ch\/fr\/product\/in-out-shower-p22-s\/","title":{"rendered":"Douche int\u00e9rieure et ext\u00e9rieure P22.S"},"content":{"rendered":"","protected":false},"excerpt":{"rendered":"<p>IN &amp; OUT P22 de Fontealta Italie, surface polie \u00e0 la main, 100 % Made in Italy<br \/>\nLa douche murale IN &amp; OUT P22.S se caract\u00e9rise par une g\u00e9om\u00e9trie simple et une fonction claire :<\/p>\n<p>Panneau de douche<\/p>\n<p>Mitigeur monocommande<\/p>\n<p>D\u00e9viateur \u00e0 5 voies<\/p>\n<p>6 douches lat\u00e9rales pivotantes<\/p>\n<p>Douche de t\u00eate<\/p>\n<p>Douche \u00e0 main<\/p>","protected":false},"featured_media":4018,"template":"","meta":[],"product_brand":[],"product_cat":[124,138,139,125,135,128,130,129,71],"product_tag":[],"class_list":{"0":"post-4019","1":"product","2":"type-product","3":"status-publish","4":"has-post-thumbnail","6":"product_cat-duschbrause","7":"product_cat-duschpaneel","8":"product_cat-oeffentliche-dusche","9":"product_cat-outdoor-dusche","10":"product_cat-regendusche-outdoor-dusche","11":"product_cat-sauna-dusche","12":"product_cat-schwimmbad-dusche","13":"product_cat-wanddusche","14":"product_cat-wandduschen","16":"first","17":"instock","18":"taxable","19":"shipping-taxable","20":"purchasable","21":"product-type-simple"},"_links":{"self":[{"href":"https:\/\/aussenduschen.ch\/fr\/wp-json\/wp\/v2\/product\/4019","targetHints":{"allow":["GET"]}}],"collection":[{"href":"https:\/\/aussenduschen.ch\/fr\/wp-json\/wp\/v2\/product"}],"about":[{"href":"https:\/\/aussenduschen.ch\/fr\/wp-json\/wp\/v2\/types\/product"}],"version-history":[{"count":1,"href":"https:\/\/aussenduschen.ch\/fr\/wp-json\/wp\/v2\/product\/4019\/revisions"}],"predecessor-version":[{"id":5516,"href":"https:\/\/aussenduschen.ch\/fr\/wp-json\/wp\/v2\/product\/4019\/revisions\/5516"}],"wp:featuredmedia":[{"embeddable":true,"href":"https:\/\/aussenduschen.ch\/fr\/wp-json\/wp\/v2\/media\/4018"}],"wp:attachment":[{"href":"https:\/\/aussenduschen.ch\/fr\/wp-json\/wp\/v2\/media?parent=4019"}],"wp:term":[{"taxonomy":"product_brand","embeddable":true,"href":"https:\/\/aussenduschen.ch\/fr\/wp-json\/wp\/v2\/product_brand?post=4019"},{"taxonomy":"product_cat","embeddable":true,"href":"https:\/\/aussenduschen.ch\/fr\/wp-json\/wp\/v2\/product_cat?post=4019"},{"taxonomy":"product_tag","embeddable":true,"href":"https:\/\/aussenduschen.ch\/fr\/wp-json\/wp\/v2\/product_tag?post=4019"}],"curies":[{"name":"wp","href":"https:\/\/api.w.org\/{rel}","templated":true}]}}