{"id":3924,"date":"2020-08-21T15:49:12","date_gmt":"2020-08-21T15:49:12","guid":{"rendered":"https:\/\/aussenduschen.ch\/product\/spring-fussdusche-col90-2\/"},"modified":"2025-12-22T18:59:28","modified_gmt":"2025-12-22T18:59:28","slug":"spring-fussdusche-col90-2","status":"publish","type":"product","link":"https:\/\/aussenduschen.ch\/fr\/product\/spring-fussdusche-col90-2\/","title":{"rendered":"Douche de pied \u00e0 ressort COL90.2"},"content":{"rendered":"","protected":false},"excerpt":{"rendered":"<p>Type : Douche \u00e0 eau froide avec douchette \u00e0 main<\/p>\n<p>Extra : douche de pied \/ vanne2 x eau froide<\/p>\n<p>Ligne de connexion : 1\/2\u2033<\/p>\n<p>Pression de l'eau : 1 - 5 bar<\/p>\n<p>Alimentation en eau : Alimentation en eau du sol standard<\/p>","protected":false},"featured_media":9011,"template":"","meta":[],"product_brand":[],"product_cat":[154,133,131,72,126,139,125,127,128],"product_tag":[],"class_list":{"0":"post-3924","1":"product","2":"type-product","3":"status-publish","4":"has-post-thumbnail","6":"product_cat-duschbrause-sanitaerzubehoer","7":"product_cat-duschsaeule","8":"product_cat-fussdusche","9":"product_cat-fussduschen","10":"product_cat-garten-dusche","11":"product_cat-oeffentliche-dusche","12":"product_cat-outdoor-dusche","13":"product_cat-pool-dusche","14":"product_cat-sauna-dusche","16":"first","17":"instock","18":"taxable","19":"shipping-taxable","20":"purchasable","21":"product-type-simple"},"_links":{"self":[{"href":"https:\/\/aussenduschen.ch\/fr\/wp-json\/wp\/v2\/product\/3924","targetHints":{"allow":["GET"]}}],"collection":[{"href":"https:\/\/aussenduschen.ch\/fr\/wp-json\/wp\/v2\/product"}],"about":[{"href":"https:\/\/aussenduschen.ch\/fr\/wp-json\/wp\/v2\/types\/product"}],"version-history":[{"count":1,"href":"https:\/\/aussenduschen.ch\/fr\/wp-json\/wp\/v2\/product\/3924\/revisions"}],"predecessor-version":[{"id":5556,"href":"https:\/\/aussenduschen.ch\/fr\/wp-json\/wp\/v2\/product\/3924\/revisions\/5556"}],"wp:featuredmedia":[{"embeddable":true,"href":"https:\/\/aussenduschen.ch\/fr\/wp-json\/wp\/v2\/media\/9011"}],"wp:attachment":[{"href":"https:\/\/aussenduschen.ch\/fr\/wp-json\/wp\/v2\/media?parent=3924"}],"wp:term":[{"taxonomy":"product_brand","embeddable":true,"href":"https:\/\/aussenduschen.ch\/fr\/wp-json\/wp\/v2\/product_brand?post=3924"},{"taxonomy":"product_cat","embeddable":true,"href":"https:\/\/aussenduschen.ch\/fr\/wp-json\/wp\/v2\/product_cat?post=3924"},{"taxonomy":"product_tag","embeddable":true,"href":"https:\/\/aussenduschen.ch\/fr\/wp-json\/wp\/v2\/product_tag?post=3924"}],"curies":[{"name":"wp","href":"https:\/\/api.w.org\/{rel}","templated":true}]}}