{"id":3881,"date":"2020-08-21T15:48:31","date_gmt":"2020-08-21T15:48:31","guid":{"rendered":"https:\/\/aussenduschen.ch\/product\/thermostat-brausemischer-tc-high-flow\/"},"modified":"2024-09-19T08:47:42","modified_gmt":"2024-09-19T08:47:42","slug":"thermostat-brausemischer-tc-high-flow","status":"publish","type":"product","link":"https:\/\/aussenduschen.ch\/fr\/product\/thermostat-brausemischer-tc-high-flow\/","title":{"rendered":"Mitigeur thermostatique de douche TC HIGH-FLOW"},"content":{"rendered":"","protected":false},"excerpt":{"rendered":"<p>Type : Mitigeur thermostatique pour douche \u00e0 eau chaude<\/p>\n<p>Extra : avec 1 - 4 d\u00e9viateurs<\/p>\n<p>Vanne : m\u00e9langeur \u00e0 haut d\u00e9bit<\/p>\n<p>Pression de l'eau : 1 - 5 bar<\/p>\n<p>Ligne de connexion : 1\/2\u2033<\/p>\n<p>Alimentation en eau : alimentation en eau murale standard<\/p>\n<p>Convient aux t\u00eates de douche : WATERLINE<br \/>\nSA40, SA21, SA33, SA5.3R, SA5.3 Q, SA300S, SA300C, SA300SC<\/p>\n<p>et des ensembles de douche \u00e0 main : SK, SR<\/p>\n<p>Raccord thermostatique UP, haut d\u00e9bit TC.HF1<br \/>\nVanne thermostatique UP \u00e0 2 voies, haut d\u00e9bit TC.HF2<br \/>\nVanne thermostatique UP \u00e0 3 voies, High Flow TC.HF3<br \/>\nVanne thermostatique UP 4 voies, haut d\u00e9bit TC.HF4<\/p>","protected":false},"featured_media":3630,"template":"","meta":[],"product_brand":[],"product_cat":[157,134,129,74],"product_tag":[],"class_list":{"0":"post-3881","1":"product","2":"type-product","3":"status-publish","4":"has-post-thumbnail","6":"product_cat-duscharmatur","7":"product_cat-duschsystem","8":"product_cat-wanddusche","9":"product_cat-dusch-accessoires","11":"first","12":"instock","13":"taxable","14":"shipping-taxable","15":"purchasable","16":"product-type-simple"},"_links":{"self":[{"href":"https:\/\/aussenduschen.ch\/fr\/wp-json\/wp\/v2\/product\/3881","targetHints":{"allow":["GET"]}}],"collection":[{"href":"https:\/\/aussenduschen.ch\/fr\/wp-json\/wp\/v2\/product"}],"about":[{"href":"https:\/\/aussenduschen.ch\/fr\/wp-json\/wp\/v2\/types\/product"}],"version-history":[{"count":1,"href":"https:\/\/aussenduschen.ch\/fr\/wp-json\/wp\/v2\/product\/3881\/revisions"}],"predecessor-version":[{"id":5545,"href":"https:\/\/aussenduschen.ch\/fr\/wp-json\/wp\/v2\/product\/3881\/revisions\/5545"}],"wp:featuredmedia":[{"embeddable":true,"href":"https:\/\/aussenduschen.ch\/fr\/wp-json\/wp\/v2\/media\/3630"}],"wp:attachment":[{"href":"https:\/\/aussenduschen.ch\/fr\/wp-json\/wp\/v2\/media?parent=3881"}],"wp:term":[{"taxonomy":"product_brand","embeddable":true,"href":"https:\/\/aussenduschen.ch\/fr\/wp-json\/wp\/v2\/product_brand?post=3881"},{"taxonomy":"product_cat","embeddable":true,"href":"https:\/\/aussenduschen.ch\/fr\/wp-json\/wp\/v2\/product_cat?post=3881"},{"taxonomy":"product_tag","embeddable":true,"href":"https:\/\/aussenduschen.ch\/fr\/wp-json\/wp\/v2\/product_tag?post=3881"}],"curies":[{"name":"wp","href":"https:\/\/api.w.org\/{rel}","templated":true}]}}