{"id":3879,"date":"2020-08-21T15:48:31","date_gmt":"2020-08-21T15:48:31","guid":{"rendered":"https:\/\/aussenduschen.ch\/product\/edelstahl-vierweg-umsteller-d4\/"},"modified":"2025-12-22T18:48:11","modified_gmt":"2025-12-22T18:48:11","slug":"edelstahl-vierweg-umsteller-d4","status":"publish","type":"product","link":"https:\/\/aussenduschen.ch\/fr\/product\/edelstahl-vierweg-umsteller-d4\/","title":{"rendered":"D\u00e9rivateur \u00e0 quatre voies en acier inoxydable D4"},"content":{"rendered":"","protected":false},"excerpt":{"rendered":"<p>Type : D\u00e9viateur \u00e0 quatre voies (chaud + froid)<\/p>\n<p>Pression de l'eau : 1 - 5 bar<\/p>\n<p>Ligne de connexion : 1\/2\u2033<\/p>\n<p>Alimentation en eau : alimentation en eau murale standard<\/p>\n<p>Convient pour :<\/p>\n<p>Pommeaux de douche WATERLINE<br \/>\nSA40, SA21, SA33, SA5.3R, SA5.3 Q, SA300S, SA300C, SA300SC<\/p>\n<p>Douches \u00e0 main WATERLINE SK, SR<\/p>\n<p>et douches de pieds\/robinet d'eau de jardin<\/p>","protected":false},"featured_media":3548,"template":"","meta":[],"product_brand":[],"product_cat":[157,134,129,74],"product_tag":[],"class_list":{"0":"post-3879","1":"product","2":"type-product","3":"status-publish","4":"has-post-thumbnail","6":"product_cat-duscharmatur","7":"product_cat-duschsystem","8":"product_cat-wanddusche","9":"product_cat-dusch-accessoires","11":"first","12":"instock","13":"taxable","14":"shipping-taxable","15":"purchasable","16":"product-type-simple"},"_links":{"self":[{"href":"https:\/\/aussenduschen.ch\/fr\/wp-json\/wp\/v2\/product\/3879","targetHints":{"allow":["GET"]}}],"collection":[{"href":"https:\/\/aussenduschen.ch\/fr\/wp-json\/wp\/v2\/product"}],"about":[{"href":"https:\/\/aussenduschen.ch\/fr\/wp-json\/wp\/v2\/types\/product"}],"version-history":[{"count":3,"href":"https:\/\/aussenduschen.ch\/fr\/wp-json\/wp\/v2\/product\/3879\/revisions"}],"predecessor-version":[{"id":7485,"href":"https:\/\/aussenduschen.ch\/fr\/wp-json\/wp\/v2\/product\/3879\/revisions\/7485"}],"wp:featuredmedia":[{"embeddable":true,"href":"https:\/\/aussenduschen.ch\/fr\/wp-json\/wp\/v2\/media\/3548"}],"wp:attachment":[{"href":"https:\/\/aussenduschen.ch\/fr\/wp-json\/wp\/v2\/media?parent=3879"}],"wp:term":[{"taxonomy":"product_brand","embeddable":true,"href":"https:\/\/aussenduschen.ch\/fr\/wp-json\/wp\/v2\/product_brand?post=3879"},{"taxonomy":"product_cat","embeddable":true,"href":"https:\/\/aussenduschen.ch\/fr\/wp-json\/wp\/v2\/product_cat?post=3879"},{"taxonomy":"product_tag","embeddable":true,"href":"https:\/\/aussenduschen.ch\/fr\/wp-json\/wp\/v2\/product_tag?post=3879"}],"curies":[{"name":"wp","href":"https:\/\/api.w.org\/{rel}","templated":true}]}}