{"id":3876,"date":"2020-08-21T15:48:31","date_gmt":"2020-08-21T15:48:31","guid":{"rendered":"https:\/\/aussenduschen.ch\/product\/edelstahl-ventil-st1\/"},"modified":"2024-09-19T09:16:51","modified_gmt":"2024-09-19T09:16:51","slug":"edelstahl-ventil-st1","status":"publish","type":"product","link":"https:\/\/aussenduschen.ch\/fr\/product\/edelstahl-ventil-st1\/","title":{"rendered":"Vanne en acier inoxydable ST1"},"content":{"rendered":"","protected":false},"excerpt":{"rendered":"<p>WATERLINE ST1.L : Raccord encastr\u00e9 de haute qualit\u00e9 en V4A de Fontealta Italie, surface polie \u00e0 la main, 100 % Made in Italy<br \/>\nLa ligne d'eau ST1.L fournit \u00e0 la collection un raccord encastr\u00e9 de haute qualit\u00e9 pour l'eau froide et l'eau pr\u00e9-m\u00e9lang\u00e9e afin de contr\u00f4ler une douche de t\u00eate FONTEALTA dans les zones ext\u00e9rieures.<\/p>\n<p>Type : Vanne encastr\u00e9e<\/p>\n<p>Pression de l'eau : 1 - 5 bar<\/p>\n<p>Ligne de connexion : 1\/2\u2033<\/p>\n<p>Alimentation en eau : alimentation en eau murale standard<\/p>","protected":false},"featured_media":3628,"template":"","meta":[],"product_brand":[],"product_cat":[157,134,129,74],"product_tag":[],"class_list":{"0":"post-3876","1":"product","2":"type-product","3":"status-publish","4":"has-post-thumbnail","6":"product_cat-duscharmatur","7":"product_cat-duschsystem","8":"product_cat-wanddusche","9":"product_cat-dusch-accessoires","11":"first","12":"instock","13":"taxable","14":"shipping-taxable","15":"purchasable","16":"product-type-simple"},"_links":{"self":[{"href":"https:\/\/aussenduschen.ch\/fr\/wp-json\/wp\/v2\/product\/3876","targetHints":{"allow":["GET"]}}],"collection":[{"href":"https:\/\/aussenduschen.ch\/fr\/wp-json\/wp\/v2\/product"}],"about":[{"href":"https:\/\/aussenduschen.ch\/fr\/wp-json\/wp\/v2\/types\/product"}],"version-history":[{"count":1,"href":"https:\/\/aussenduschen.ch\/fr\/wp-json\/wp\/v2\/product\/3876\/revisions"}],"predecessor-version":[{"id":5540,"href":"https:\/\/aussenduschen.ch\/fr\/wp-json\/wp\/v2\/product\/3876\/revisions\/5540"}],"wp:featuredmedia":[{"embeddable":true,"href":"https:\/\/aussenduschen.ch\/fr\/wp-json\/wp\/v2\/media\/3628"}],"wp:attachment":[{"href":"https:\/\/aussenduschen.ch\/fr\/wp-json\/wp\/v2\/media?parent=3876"}],"wp:term":[{"taxonomy":"product_brand","embeddable":true,"href":"https:\/\/aussenduschen.ch\/fr\/wp-json\/wp\/v2\/product_brand?post=3876"},{"taxonomy":"product_cat","embeddable":true,"href":"https:\/\/aussenduschen.ch\/fr\/wp-json\/wp\/v2\/product_cat?post=3876"},{"taxonomy":"product_tag","embeddable":true,"href":"https:\/\/aussenduschen.ch\/fr\/wp-json\/wp\/v2\/product_tag?post=3876"}],"curies":[{"name":"wp","href":"https:\/\/api.w.org\/{rel}","templated":true}]}}