{"id":3875,"date":"2020-08-21T15:48:31","date_gmt":"2020-08-21T15:48:31","guid":{"rendered":"https:\/\/aussenduschen.ch\/product\/edelstahl-brausemischer-mr2\/"},"modified":"2025-01-27T09:50:59","modified_gmt":"2025-01-27T09:50:59","slug":"edelstahl-brausemischer-mr2","status":"publish","type":"product","link":"https:\/\/aussenduschen.ch\/fr\/product\/edelstahl-brausemischer-mr2\/","title":{"rendered":"Mitigeur de douche en acier inoxydable MR2"},"content":{"rendered":"","protected":false},"excerpt":{"rendered":"<p>Type : Mitigeur de douche avec inverseur<\/p>\n<p>Pression de l'eau : 1 - 5 bar<\/p>\n<p>Ligne de connexion : 1\/2\u2033<\/p>\n<p>Alimentation en eau : alimentation en eau murale standard<\/p>\n<p>L'\u00e9quipement comprend une cartouche en c\u00e9ramique de \u00f8 35 mm.<\/p>\n<p>Convient aux t\u00eates de douche : WATERLINE<br \/>\nSA40, SA21, SA33, SA5.3R, SA5.3 Q, SA300S, SA300C, SA300SC<\/p>\n<p>et des ensembles de douche \u00e0 main : SK, SR<\/p>\n<p>Toutes les parties ext\u00e9rieures sont en acier inoxydable poli miroir V4A, Inox Aisi 316.<\/p>","protected":false},"featured_media":3564,"template":"","meta":[],"product_brand":[],"product_cat":[157,134,150,129,74],"product_tag":[],"class_list":{"0":"post-3875","1":"product","2":"type-product","3":"status-publish","4":"has-post-thumbnail","6":"product_cat-duscharmatur","7":"product_cat-duschsystem","8":"product_cat-mischbatterie-dusche","9":"product_cat-wanddusche","10":"product_cat-dusch-accessoires","12":"first","13":"instock","14":"taxable","15":"shipping-taxable","16":"purchasable","17":"product-type-simple"},"_links":{"self":[{"href":"https:\/\/aussenduschen.ch\/fr\/wp-json\/wp\/v2\/product\/3875","targetHints":{"allow":["GET"]}}],"collection":[{"href":"https:\/\/aussenduschen.ch\/fr\/wp-json\/wp\/v2\/product"}],"about":[{"href":"https:\/\/aussenduschen.ch\/fr\/wp-json\/wp\/v2\/types\/product"}],"version-history":[{"count":3,"href":"https:\/\/aussenduschen.ch\/fr\/wp-json\/wp\/v2\/product\/3875\/revisions"}],"predecessor-version":[{"id":5539,"href":"https:\/\/aussenduschen.ch\/fr\/wp-json\/wp\/v2\/product\/3875\/revisions\/5539"}],"wp:featuredmedia":[{"embeddable":true,"href":"https:\/\/aussenduschen.ch\/fr\/wp-json\/wp\/v2\/media\/3564"}],"wp:attachment":[{"href":"https:\/\/aussenduschen.ch\/fr\/wp-json\/wp\/v2\/media?parent=3875"}],"wp:term":[{"taxonomy":"product_brand","embeddable":true,"href":"https:\/\/aussenduschen.ch\/fr\/wp-json\/wp\/v2\/product_brand?post=3875"},{"taxonomy":"product_cat","embeddable":true,"href":"https:\/\/aussenduschen.ch\/fr\/wp-json\/wp\/v2\/product_cat?post=3875"},{"taxonomy":"product_tag","embeddable":true,"href":"https:\/\/aussenduschen.ch\/fr\/wp-json\/wp\/v2\/product_tag?post=3875"}],"curies":[{"name":"wp","href":"https:\/\/api.w.org\/{rel}","templated":true}]}}