{"id":3847,"date":"2020-08-21T15:48:13","date_gmt":"2020-08-21T15:48:13","guid":{"rendered":"https:\/\/aussenduschen.ch\/product\/waterline-shower-sa40-b\/"},"modified":"2024-06-17T09:47:04","modified_gmt":"2024-06-17T09:47:04","slug":"waterline-shower-sa40-b","status":"publish","type":"product","link":"https:\/\/aussenduschen.ch\/fr\/product\/waterline-shower-sa40-b\/","title":{"rendered":"Douche \u00e0 conduite d'eau SA40.B"},"content":{"rendered":"","protected":false},"excerpt":{"rendered":"<p>WATERLINE SA40.B : douche de t\u00eate murale en V4A de Fontealta Italie, surface polie \u00e0 la main, 100 % Made in Italy<br \/>\nLe luxe \u00e0 l'\u00e9tat pur !<\/p>\n<p>La grande douche de pluie de 400 mm de diam\u00e8tre attirera l'attention dans toute ambiance de SPA ou de sauna. Avec son jet d'eau doux, il offre luxe et rafra\u00eechissement lors des chaudes journ\u00e9es d'\u00e9t\u00e9. Dans le sauna, la g\u00e9n\u00e9reuse douche de pluie offre un rafra\u00eechissement parfait.<\/p>\n<p>La douche murale WATERLINE SA40.B avec une pomme de douche autonettoyante est l'\u00e9quipement id\u00e9al pour un ensemble de douche encastr\u00e9 avec mitigeur de douche (MR1, MR2) et douchette \u00e0 main pour une utilisation int\u00e9rieure et ext\u00e9rieure.<\/p>\n<p>La s\u00e9rie Waterline est \u00e9galement disponible avec une surface bross\u00e9e mate.<\/p>","protected":false},"featured_media":7330,"template":"","meta":[],"product_brand":[],"product_cat":[154,134,126,125,135,128,129,71],"product_tag":[],"class_list":{"0":"post-3847","1":"product","2":"type-product","3":"status-publish","4":"has-post-thumbnail","6":"product_cat-duschbrause-sanitaerzubehoer","7":"product_cat-duschsystem","8":"product_cat-garten-dusche","9":"product_cat-outdoor-dusche","10":"product_cat-regendusche-outdoor-dusche","11":"product_cat-sauna-dusche","12":"product_cat-wanddusche","13":"product_cat-wandduschen","15":"first","16":"instock","17":"taxable","18":"shipping-taxable","19":"purchasable","20":"product-type-simple"},"_links":{"self":[{"href":"https:\/\/aussenduschen.ch\/fr\/wp-json\/wp\/v2\/product\/3847","targetHints":{"allow":["GET"]}}],"collection":[{"href":"https:\/\/aussenduschen.ch\/fr\/wp-json\/wp\/v2\/product"}],"about":[{"href":"https:\/\/aussenduschen.ch\/fr\/wp-json\/wp\/v2\/types\/product"}],"version-history":[{"count":1,"href":"https:\/\/aussenduschen.ch\/fr\/wp-json\/wp\/v2\/product\/3847\/revisions"}],"predecessor-version":[{"id":5507,"href":"https:\/\/aussenduschen.ch\/fr\/wp-json\/wp\/v2\/product\/3847\/revisions\/5507"}],"wp:featuredmedia":[{"embeddable":true,"href":"https:\/\/aussenduschen.ch\/fr\/wp-json\/wp\/v2\/media\/7330"}],"wp:attachment":[{"href":"https:\/\/aussenduschen.ch\/fr\/wp-json\/wp\/v2\/media?parent=3847"}],"wp:term":[{"taxonomy":"product_brand","embeddable":true,"href":"https:\/\/aussenduschen.ch\/fr\/wp-json\/wp\/v2\/product_brand?post=3847"},{"taxonomy":"product_cat","embeddable":true,"href":"https:\/\/aussenduschen.ch\/fr\/wp-json\/wp\/v2\/product_cat?post=3847"},{"taxonomy":"product_tag","embeddable":true,"href":"https:\/\/aussenduschen.ch\/fr\/wp-json\/wp\/v2\/product_tag?post=3847"}],"curies":[{"name":"wp","href":"https:\/\/api.w.org\/{rel}","templated":true}]}}