{"id":3844,"date":"2020-08-21T15:48:10","date_gmt":"2020-08-21T15:48:10","guid":{"rendered":"https:\/\/aussenduschen.ch\/product\/waterline-shower-sa33\/"},"modified":"2026-04-15T11:49:10","modified_gmt":"2026-04-15T11:49:10","slug":"waterline-shower-sa33","status":"publish","type":"product","link":"https:\/\/aussenduschen.ch\/fr\/product\/waterline-shower-sa33\/","title":{"rendered":"Douche Waterline SA33.10"},"content":{"rendered":"","protected":false},"excerpt":{"rendered":"<p>WATERLINE SA33.10 : Douche de t\u00eate murale en V4A de Fontealta Italie, surface polie \u00e0 la main, 100 % Made in Italy<br \/>\nLa douche murale WATERLINE SA33 pour l'ext\u00e9rieur avec une pomme de douche autonettoyante est l'\u00e9quipement id\u00e9al pour une installation encastr\u00e9e avec un mitigeur de douche (MR1, MR2) et une douchette \u00e0 main.<\/p>\n<p>La douche murale peut facilement trouver une place appropri\u00e9e dans n'importe quel jardin et offre plus qu'un peu de luxe et de rafra\u00eechissement pendant les chaudes journ\u00e9es d'\u00e9t\u00e9.<\/p>\n<p>Dans le sauna, la douche de pluie est le moyen id\u00e9al pour se rafra\u00eechir.<\/p>\n<p>Waterline SA33.10 est fabriqu\u00e9 en inox 316 r\u00e9sistant \u00e0 l'eau de mer. Une garniture avec des picots en silicone emp\u00eache l'adh\u00e9rence du calcaire.<\/p>\n<p>La s\u00e9rie Waterline est \u00e9galement disponible avec une surface bross\u00e9e mate.<\/p>","protected":false},"featured_media":7329,"template":"","meta":[],"product_brand":[],"product_cat":[154,134,126,125,135,128,129,71],"product_tag":[],"class_list":{"0":"post-3844","1":"product","2":"type-product","3":"status-publish","4":"has-post-thumbnail","6":"product_cat-duschbrause-sanitaerzubehoer","7":"product_cat-duschsystem","8":"product_cat-garten-dusche","9":"product_cat-outdoor-dusche","10":"product_cat-regendusche-outdoor-dusche","11":"product_cat-sauna-dusche","12":"product_cat-wanddusche","13":"product_cat-wandduschen","15":"first","16":"instock","17":"taxable","18":"shipping-taxable","19":"purchasable","20":"product-type-simple"},"_links":{"self":[{"href":"https:\/\/aussenduschen.ch\/fr\/wp-json\/wp\/v2\/product\/3844","targetHints":{"allow":["GET"]}}],"collection":[{"href":"https:\/\/aussenduschen.ch\/fr\/wp-json\/wp\/v2\/product"}],"about":[{"href":"https:\/\/aussenduschen.ch\/fr\/wp-json\/wp\/v2\/types\/product"}],"version-history":[{"count":2,"href":"https:\/\/aussenduschen.ch\/fr\/wp-json\/wp\/v2\/product\/3844\/revisions"}],"predecessor-version":[{"id":9684,"href":"https:\/\/aussenduschen.ch\/fr\/wp-json\/wp\/v2\/product\/3844\/revisions\/9684"}],"wp:featuredmedia":[{"embeddable":true,"href":"https:\/\/aussenduschen.ch\/fr\/wp-json\/wp\/v2\/media\/7329"}],"wp:attachment":[{"href":"https:\/\/aussenduschen.ch\/fr\/wp-json\/wp\/v2\/media?parent=3844"}],"wp:term":[{"taxonomy":"product_brand","embeddable":true,"href":"https:\/\/aussenduschen.ch\/fr\/wp-json\/wp\/v2\/product_brand?post=3844"},{"taxonomy":"product_cat","embeddable":true,"href":"https:\/\/aussenduschen.ch\/fr\/wp-json\/wp\/v2\/product_cat?post=3844"},{"taxonomy":"product_tag","embeddable":true,"href":"https:\/\/aussenduschen.ch\/fr\/wp-json\/wp\/v2\/product_tag?post=3844"}],"curies":[{"name":"wp","href":"https:\/\/api.w.org\/{rel}","templated":true}]}}