{"id":3822,"date":"2020-08-21T15:47:52","date_gmt":"2020-08-21T15:47:52","guid":{"rendered":"https:\/\/aussenduschen.ch\/product\/in-out-shower-p22\/"},"modified":"2025-12-22T18:23:54","modified_gmt":"2025-12-22T18:23:54","slug":"in-out-shower-p22","status":"publish","type":"product","link":"https:\/\/aussenduschen.ch\/fr\/product\/in-out-shower-p22\/","title":{"rendered":"Douche d'entr\u00e9e et de sortie P22"},"content":{"rendered":"","protected":false},"excerpt":{"rendered":"<p><strong>IN &amp; OUT P22<\/strong><\/p>\n<p><em>Mat\u00e9riau :<\/em>\u00a0Acier inoxydable V4A<\/p>\n<p><em>Douche de t\u00eate : 220 x 110 mm douche de t\u00eate int\u00e9gr\u00e9e<\/em><\/p>\n<p><em>Valve :<\/em> Vanne d'eau froide<\/p>\n<p><em>Pression de l'eau :<\/em>\u00a01-5 bar<\/p>\n<p><em>Ligne de connexion :<\/em>\u00a01\/2\u2033<\/p>\n<p><em>Approvisionnement en eau :<\/em>\u00a0Alimentation en eau murale standard<\/p>","protected":false},"featured_media":3817,"template":"","meta":[],"product_brand":[],"product_cat":[154,138,134,126,139,125,127,135,128,129,71],"product_tag":[],"class_list":{"0":"post-3822","1":"product","2":"type-product","3":"status-publish","4":"has-post-thumbnail","6":"product_cat-duschbrause-sanitaerzubehoer","7":"product_cat-duschpaneel","8":"product_cat-duschsystem","9":"product_cat-garten-dusche","10":"product_cat-oeffentliche-dusche","11":"product_cat-outdoor-dusche","12":"product_cat-pool-dusche","13":"product_cat-regendusche-outdoor-dusche","14":"product_cat-sauna-dusche","15":"product_cat-wanddusche","16":"product_cat-wandduschen","18":"first","19":"instock","20":"taxable","21":"shipping-taxable","22":"purchasable","23":"product-type-simple"},"_links":{"self":[{"href":"https:\/\/aussenduschen.ch\/fr\/wp-json\/wp\/v2\/product\/3822","targetHints":{"allow":["GET"]}}],"collection":[{"href":"https:\/\/aussenduschen.ch\/fr\/wp-json\/wp\/v2\/product"}],"about":[{"href":"https:\/\/aussenduschen.ch\/fr\/wp-json\/wp\/v2\/types\/product"}],"version-history":[{"count":3,"href":"https:\/\/aussenduschen.ch\/fr\/wp-json\/wp\/v2\/product\/3822\/revisions"}],"predecessor-version":[{"id":9003,"href":"https:\/\/aussenduschen.ch\/fr\/wp-json\/wp\/v2\/product\/3822\/revisions\/9003"}],"wp:featuredmedia":[{"embeddable":true,"href":"https:\/\/aussenduschen.ch\/fr\/wp-json\/wp\/v2\/media\/3817"}],"wp:attachment":[{"href":"https:\/\/aussenduschen.ch\/fr\/wp-json\/wp\/v2\/media?parent=3822"}],"wp:term":[{"taxonomy":"product_brand","embeddable":true,"href":"https:\/\/aussenduschen.ch\/fr\/wp-json\/wp\/v2\/product_brand?post=3822"},{"taxonomy":"product_cat","embeddable":true,"href":"https:\/\/aussenduschen.ch\/fr\/wp-json\/wp\/v2\/product_cat?post=3822"},{"taxonomy":"product_tag","embeddable":true,"href":"https:\/\/aussenduschen.ch\/fr\/wp-json\/wp\/v2\/product_tag?post=3822"}],"curies":[{"name":"wp","href":"https:\/\/api.w.org\/{rel}","templated":true}]}}