{"id":3802,"date":"2020-08-21T15:47:27","date_gmt":"2020-08-21T15:47:27","guid":{"rendered":"https:\/\/aussenduschen.ch\/product\/waterline-shower-w55-e\/"},"modified":"2025-01-27T09:52:38","modified_gmt":"2025-01-27T09:52:38","slug":"waterline-shower-w55-e","status":"publish","type":"product","link":"https:\/\/aussenduschen.ch\/fr\/product\/waterline-shower-w55-e\/","title":{"rendered":"Douche \u00e0 conduite d'eau W55.E"},"content":{"rendered":"","protected":false},"excerpt":{"rendered":"<p><strong>Ligne d'eau W55.E<\/strong><\/p>\n<p><em>Mat\u00e9riau :<\/em>\u00a0Acier inoxydable V4A<\/p>\n<p><em>Douche de t\u00eate :<\/em> \u00f8 200 mm t\u00eate de douche \u00e0 effet pluie<\/p>\n<p><em>Extra :<\/em> Douche \u00e0 main sur flexible de 150 cm<\/p>\n<p><em>Valve :<\/em> M\u00e9langeur thermostatique \/ pour l'eau froide et chaude<\/p>\n<p><em>Pression de l'eau :<\/em>\u00a01-5 bar<\/p>\n<p><em>Ligne de connexion :<\/em>\u00a01\/2\u2033<\/p>\n<p><em>Approvisionnement en eau :<\/em>\u00a0Alimentation en eau murale standard<\/p>","protected":false},"featured_media":3800,"template":"","meta":[],"product_brand":[],"product_cat":[154,153,134,126,150,139,125,127,135,128,129,71],"product_tag":[],"class_list":{"0":"post-3802","1":"product","2":"type-product","3":"status-publish","4":"has-post-thumbnail","6":"product_cat-duschbrause-sanitaerzubehoer","7":"product_cat-duschstange","8":"product_cat-duschsystem","9":"product_cat-garten-dusche","10":"product_cat-mischbatterie-dusche","11":"product_cat-oeffentliche-dusche","12":"product_cat-outdoor-dusche","13":"product_cat-pool-dusche","14":"product_cat-regendusche-outdoor-dusche","15":"product_cat-sauna-dusche","16":"product_cat-wanddusche","17":"product_cat-wandduschen","19":"first","20":"instock","21":"taxable","22":"shipping-taxable","23":"purchasable","24":"product-type-simple"},"_links":{"self":[{"href":"https:\/\/aussenduschen.ch\/fr\/wp-json\/wp\/v2\/product\/3802","targetHints":{"allow":["GET"]}}],"collection":[{"href":"https:\/\/aussenduschen.ch\/fr\/wp-json\/wp\/v2\/product"}],"about":[{"href":"https:\/\/aussenduschen.ch\/fr\/wp-json\/wp\/v2\/types\/product"}],"version-history":[{"count":1,"href":"https:\/\/aussenduschen.ch\/fr\/wp-json\/wp\/v2\/product\/3802\/revisions"}],"predecessor-version":[{"id":5493,"href":"https:\/\/aussenduschen.ch\/fr\/wp-json\/wp\/v2\/product\/3802\/revisions\/5493"}],"wp:featuredmedia":[{"embeddable":true,"href":"https:\/\/aussenduschen.ch\/fr\/wp-json\/wp\/v2\/media\/3800"}],"wp:attachment":[{"href":"https:\/\/aussenduschen.ch\/fr\/wp-json\/wp\/v2\/media?parent=3802"}],"wp:term":[{"taxonomy":"product_brand","embeddable":true,"href":"https:\/\/aussenduschen.ch\/fr\/wp-json\/wp\/v2\/product_brand?post=3802"},{"taxonomy":"product_cat","embeddable":true,"href":"https:\/\/aussenduschen.ch\/fr\/wp-json\/wp\/v2\/product_cat?post=3802"},{"taxonomy":"product_tag","embeddable":true,"href":"https:\/\/aussenduschen.ch\/fr\/wp-json\/wp\/v2\/product_tag?post=3802"}],"curies":[{"name":"wp","href":"https:\/\/api.w.org\/{rel}","templated":true}]}}