{"id":3793,"date":"2020-08-21T15:47:20","date_gmt":"2020-08-21T15:47:20","guid":{"rendered":"https:\/\/aussenduschen.ch\/product\/waterline-shower-w53\/"},"modified":"2025-01-27T09:52:40","modified_gmt":"2025-01-27T09:52:40","slug":"waterline-shower-w53","status":"publish","type":"product","link":"https:\/\/aussenduschen.ch\/fr\/product\/waterline-shower-w53\/","title":{"rendered":"Douche Waterline W083"},"content":{"rendered":"","protected":false},"excerpt":{"rendered":"<p><strong>Waterline W083<\/strong><\/p>\n<p>La douche ext\u00e9rieure W083 pour montage mural se distingue par son \u00e9l\u00e9gance classique. \u00c9quip\u00e9e d'un mitigeur permettant de r\u00e9gler facilement la temp\u00e9rature de l'eau chaude et de l'eau froide (m\u00e9langeur), cette douche est id\u00e9ale pour une utilisation \u00e0 l'ext\u00e9rieur ou \u00e0 l'int\u00e9rieur. La douche d'ext\u00e9rieur W53 attire l'attention dans un spa soign\u00e9 ou sur le mur pr\u00e8s du pool house.<\/p>\n<p>&nbsp;<\/p>\n<p><em>Mat\u00e9riau :<\/em>\u00a0Acier inoxydable V4A<\/p>\n<p><em>Douche de t\u00eate :<\/em> \u00f8 200 mm douche de t\u00eate<\/p>\n<p><em>Valve :<\/em> Mitigeur monocommande de douche \/ pour eau chaude et froide<\/p>\n<p><em>Pression de l'eau :<\/em>\u00a01-5 bar<\/p>\n<p><em>Ligne de connexion :<\/em>\u00a01\/2\u2033<\/p>\n<p><em>Approvisionnement en eau :<\/em>\u00a0Alimentation en eau murale standard<\/p>\n<p>&nbsp;<\/p>\n<p><a href=\"https:\/\/aussenduschen.ch\/wp-content\/uploads\/2020\/08\/Istruzioni-W50-W60.pdf\" target=\"_blank\" rel=\"noopener\">GUIDE D'INSTALLATION<\/a><\/p>\n<p>&nbsp;<\/p>","protected":false},"featured_media":3791,"template":"","meta":[],"product_brand":[],"product_cat":[154,153,134,126,150,125,127,135,128,129,71],"product_tag":[],"class_list":{"0":"post-3793","1":"product","2":"type-product","3":"status-publish","4":"has-post-thumbnail","6":"product_cat-duschbrause-sanitaerzubehoer","7":"product_cat-duschstange","8":"product_cat-duschsystem","9":"product_cat-garten-dusche","10":"product_cat-mischbatterie-dusche","11":"product_cat-outdoor-dusche","12":"product_cat-pool-dusche","13":"product_cat-regendusche-outdoor-dusche","14":"product_cat-sauna-dusche","15":"product_cat-wanddusche","16":"product_cat-wandduschen","18":"first","19":"instock","20":"taxable","21":"shipping-taxable","22":"purchasable","23":"product-type-simple"},"_links":{"self":[{"href":"https:\/\/aussenduschen.ch\/fr\/wp-json\/wp\/v2\/product\/3793","targetHints":{"allow":["GET"]}}],"collection":[{"href":"https:\/\/aussenduschen.ch\/fr\/wp-json\/wp\/v2\/product"}],"about":[{"href":"https:\/\/aussenduschen.ch\/fr\/wp-json\/wp\/v2\/types\/product"}],"version-history":[{"count":4,"href":"https:\/\/aussenduschen.ch\/fr\/wp-json\/wp\/v2\/product\/3793\/revisions"}],"predecessor-version":[{"id":6667,"href":"https:\/\/aussenduschen.ch\/fr\/wp-json\/wp\/v2\/product\/3793\/revisions\/6667"}],"wp:featuredmedia":[{"embeddable":true,"href":"https:\/\/aussenduschen.ch\/fr\/wp-json\/wp\/v2\/media\/3791"}],"wp:attachment":[{"href":"https:\/\/aussenduschen.ch\/fr\/wp-json\/wp\/v2\/media?parent=3793"}],"wp:term":[{"taxonomy":"product_brand","embeddable":true,"href":"https:\/\/aussenduschen.ch\/fr\/wp-json\/wp\/v2\/product_brand?post=3793"},{"taxonomy":"product_cat","embeddable":true,"href":"https:\/\/aussenduschen.ch\/fr\/wp-json\/wp\/v2\/product_cat?post=3793"},{"taxonomy":"product_tag","embeddable":true,"href":"https:\/\/aussenduschen.ch\/fr\/wp-json\/wp\/v2\/product_tag?post=3793"}],"curies":[{"name":"wp","href":"https:\/\/api.w.org\/{rel}","templated":true}]}}