{"id":3787,"date":"2020-08-21T15:47:14","date_gmt":"2020-08-21T15:47:14","guid":{"rendered":"https:\/\/aussenduschen.ch\/product\/waterline-shower-w60\/"},"modified":"2025-01-27T09:52:41","modified_gmt":"2025-01-27T09:52:41","slug":"waterline-shower-w60","status":"publish","type":"product","link":"https:\/\/aussenduschen.ch\/fr\/product\/waterline-shower-w60\/","title":{"rendered":"Douche Waterline W630"},"content":{"rendered":"","protected":false},"excerpt":{"rendered":"<p><strong>Waterline W630<\/strong><\/p>\n<p>La Waterline W630.E est une douche de jardin de haute qualit\u00e9, sp\u00e9cialement con\u00e7ue pour une utilisation dans le jardin, \u00e0 la piscine et au sauna. Cette douche se distingue par sa qualit\u00e9 et son design unique. Fabriqu\u00e9e en acier inoxydable V4A (Inox Aisi 316), elle offre une r\u00e9sistance exceptionnelle \u00e0 la corrosion et une grande long\u00e9vit\u00e9.<\/p>\n<p>Une fonction particuli\u00e8re du Waterline W630.E est le mitigeur \u00e0 deux mains, qui permet d'ouvrir s\u00e9par\u00e9ment l'eau froide et l'eau chaude. Ceci est particuli\u00e8rement pratique dans les saunas ou lors de l'utilisation de bains altern\u00e9s, pour disposer rapidement et de mani\u00e8re fiable d'eau froide.<\/p>\n<p>La g\u00e9n\u00e9reuse pomme de douche \u00e0 effet pluie de \u00f8 300 mm assure un jet d'eau doux qui rappelle les douces gouttes d'une pluie d'\u00e9t\u00e9. Les picots anticalcaires en silicone minimisent le d\u00e9p\u00f4t de calcaire et contribuent \u00e0 la long\u00e9vit\u00e9 de la pomme de douche en acier inoxydable. En outre, la douche dispose d'une \u00e9l\u00e9gante douchette \u00e0 main.<\/p>\n<p>En hiver, le Waterline W630.E peut rester \u00e0 l'ext\u00e9rieur, vid\u00e9 de son eau, sans qu'il soit n\u00e9cessaire de le d\u00e9monter. Il est toutefois recommand\u00e9 de retirer les pi\u00e8ces mobiles telles que la douche de t\u00eate et la douchette \u00e0 main pendant la saison hivernale.<\/p>\n<p>Vous avez le choix entre deux finitions : polie ou bross\u00e9e. Pour ceux qui pr\u00e9f\u00e8rent une douche sans douchette, le mod\u00e8le Waterline W630 est disponible.<\/p>\n<p>Avec la Waterline W60.E, d\u00e9couvrez une douche de jardin exceptionnelle qui allie parfaitement qualit\u00e9, fonctionnalit\u00e9 et design \u00e9l\u00e9gant.<\/p>\n<p>&nbsp;<\/p>\n<p><em>Mat\u00e9riau :<\/em>\u00a0Acier inoxydable V4A<\/p>\n<p><em>Douche de t\u00eate :<\/em> \u00f8 300 mm t\u00eate de douche \u00e0 effet pluie<\/p>\n<p><em>Valve :<\/em> Mitigeur de douche \u00e0 deux mains \/ pour eau froide et eau chaude<\/p>\n<p><em>Pression de l'eau :<\/em>\u00a01-5 bar<\/p>\n<p><em>Ligne de connexion :<\/em>\u00a01\/2\u2033<\/p>\n<p><em>Approvisionnement en eau :<\/em>\u00a0Alimentation en eau murale standard<\/p>","protected":false},"featured_media":3785,"template":"","meta":[],"product_brand":[],"product_cat":[154,153,134,126,150,125,127,135,128,129,71],"product_tag":[],"class_list":{"0":"post-3787","1":"product","2":"type-product","3":"status-publish","4":"has-post-thumbnail","6":"product_cat-duschbrause-sanitaerzubehoer","7":"product_cat-duschstange","8":"product_cat-duschsystem","9":"product_cat-garten-dusche","10":"product_cat-mischbatterie-dusche","11":"product_cat-outdoor-dusche","12":"product_cat-pool-dusche","13":"product_cat-regendusche-outdoor-dusche","14":"product_cat-sauna-dusche","15":"product_cat-wanddusche","16":"product_cat-wandduschen","18":"first","19":"instock","20":"taxable","21":"shipping-taxable","22":"purchasable","23":"product-type-simple"},"_links":{"self":[{"href":"https:\/\/aussenduschen.ch\/fr\/wp-json\/wp\/v2\/product\/3787","targetHints":{"allow":["GET"]}}],"collection":[{"href":"https:\/\/aussenduschen.ch\/fr\/wp-json\/wp\/v2\/product"}],"about":[{"href":"https:\/\/aussenduschen.ch\/fr\/wp-json\/wp\/v2\/types\/product"}],"version-history":[{"count":2,"href":"https:\/\/aussenduschen.ch\/fr\/wp-json\/wp\/v2\/product\/3787\/revisions"}],"predecessor-version":[{"id":6754,"href":"https:\/\/aussenduschen.ch\/fr\/wp-json\/wp\/v2\/product\/3787\/revisions\/6754"}],"wp:featuredmedia":[{"embeddable":true,"href":"https:\/\/aussenduschen.ch\/fr\/wp-json\/wp\/v2\/media\/3785"}],"wp:attachment":[{"href":"https:\/\/aussenduschen.ch\/fr\/wp-json\/wp\/v2\/media?parent=3787"}],"wp:term":[{"taxonomy":"product_brand","embeddable":true,"href":"https:\/\/aussenduschen.ch\/fr\/wp-json\/wp\/v2\/product_brand?post=3787"},{"taxonomy":"product_cat","embeddable":true,"href":"https:\/\/aussenduschen.ch\/fr\/wp-json\/wp\/v2\/product_cat?post=3787"},{"taxonomy":"product_tag","embeddable":true,"href":"https:\/\/aussenduschen.ch\/fr\/wp-json\/wp\/v2\/product_tag?post=3787"}],"curies":[{"name":"wp","href":"https:\/\/api.w.org\/{rel}","templated":true}]}}