{"id":3784,"date":"2020-08-21T15:47:10","date_gmt":"2020-08-21T15:47:10","guid":{"rendered":"https:\/\/aussenduschen.ch\/product\/waterline-shower-w50\/"},"modified":"2025-01-27T09:52:42","modified_gmt":"2025-01-27T09:52:42","slug":"waterline-shower-w50","status":"publish","type":"product","link":"https:\/\/aussenduschen.ch\/fr\/product\/waterline-shower-w50\/","title":{"rendered":"Douche Waterline W010"},"content":{"rendered":"","protected":false},"excerpt":{"rendered":"<p><strong>Waterline W010 (ancien num\u00e9ro d'article : W50)<br \/>\n<\/strong><\/p>\n<p><em>Mat\u00e9riau :<\/em>\u00a0Acier inoxydable V4A<\/p>\n<p><em>Douche de t\u00eate :<\/em> \u00f8 200 mm t\u00eate de douche \u00e0 effet pluie<\/p>\n<p><em>Valve :<\/em> Mitigeur de douche \u00e0 deux mains \/ pour eau froide et eau chaude<\/p>\n<p><em>Pression de l'eau :<\/em>\u00a01-5 bar<\/p>\n<p><em>Ligne de connexion :<\/em>\u00a01\/2\u2033<\/p>\n<p><em>Approvisionnement en eau :<\/em>\u00a0Alimentation en eau murale standard<\/p>","protected":false},"featured_media":3782,"template":"","meta":[],"product_brand":[],"product_cat":[154,153,134,126,150,125,127,135,128,129,71],"product_tag":[],"class_list":{"0":"post-3784","1":"product","2":"type-product","3":"status-publish","4":"has-post-thumbnail","6":"product_cat-duschbrause-sanitaerzubehoer","7":"product_cat-duschstange","8":"product_cat-duschsystem","9":"product_cat-garten-dusche","10":"product_cat-mischbatterie-dusche","11":"product_cat-outdoor-dusche","12":"product_cat-pool-dusche","13":"product_cat-regendusche-outdoor-dusche","14":"product_cat-sauna-dusche","15":"product_cat-wanddusche","16":"product_cat-wandduschen","18":"first","19":"instock","20":"taxable","21":"shipping-taxable","22":"purchasable","23":"product-type-simple"},"_links":{"self":[{"href":"https:\/\/aussenduschen.ch\/fr\/wp-json\/wp\/v2\/product\/3784","targetHints":{"allow":["GET"]}}],"collection":[{"href":"https:\/\/aussenduschen.ch\/fr\/wp-json\/wp\/v2\/product"}],"about":[{"href":"https:\/\/aussenduschen.ch\/fr\/wp-json\/wp\/v2\/types\/product"}],"version-history":[{"count":3,"href":"https:\/\/aussenduschen.ch\/fr\/wp-json\/wp\/v2\/product\/3784\/revisions"}],"predecessor-version":[{"id":6767,"href":"https:\/\/aussenduschen.ch\/fr\/wp-json\/wp\/v2\/product\/3784\/revisions\/6767"}],"wp:featuredmedia":[{"embeddable":true,"href":"https:\/\/aussenduschen.ch\/fr\/wp-json\/wp\/v2\/media\/3782"}],"wp:attachment":[{"href":"https:\/\/aussenduschen.ch\/fr\/wp-json\/wp\/v2\/media?parent=3784"}],"wp:term":[{"taxonomy":"product_brand","embeddable":true,"href":"https:\/\/aussenduschen.ch\/fr\/wp-json\/wp\/v2\/product_brand?post=3784"},{"taxonomy":"product_cat","embeddable":true,"href":"https:\/\/aussenduschen.ch\/fr\/wp-json\/wp\/v2\/product_cat?post=3784"},{"taxonomy":"product_tag","embeddable":true,"href":"https:\/\/aussenduschen.ch\/fr\/wp-json\/wp\/v2\/product_tag?post=3784"}],"curies":[{"name":"wp","href":"https:\/\/api.w.org\/{rel}","templated":true}]}}