{"id":3772,"date":"2020-08-21T15:47:00","date_gmt":"2020-08-21T15:47:00","guid":{"rendered":"https:\/\/aussenduschen.ch\/product\/spring-shower-col90\/"},"modified":"2024-06-16T10:00:38","modified_gmt":"2024-06-16T10:00:38","slug":"spring-shower-col90","status":"publish","type":"product","link":"https:\/\/aussenduschen.ch\/fr\/product\/spring-shower-col90\/","title":{"rendered":"Printemps COL90"},"content":{"rendered":"","protected":false},"excerpt":{"rendered":"<p><strong>COL90 PRINTEMPS<\/strong><\/p>\n<p>Le SPRING COL90 est un talent polyvalent - l'accent est mis ici sur la fonctionnalit\u00e9 plut\u00f4t que sur le design. Une simple colonne de douche ou des cloches et des sifflets avec douchette \u00e0 main - pas plus, mais aussi pas moins.<\/p>\n<p>Mat\u00e9riau : acier inoxydable V4A<\/p>\n<p>Domaine d'application : jardin, bassin, sauna, piscine<\/p>\n<p>Douche de t\u00eate : aucune, mais une douche \u00e0 main avec un tuyau de 150 cm.<\/p>\n<p>Pression de l'eau : 1-5 bar<\/p>\n<p>Ligne de raccordement : filetage interne 1\/2<\/p>\n<p>Alimentation en eau : Alimentation en eau du sol standard<\/p>","protected":false},"featured_media":3769,"template":"","meta":[],"product_brand":[],"product_cat":[15,154,133,126,139,125,127,128,130],"product_tag":[99,90,91,92,100,94,103,89,102,93,97,96,101,95,98],"class_list":{"0":"post-3772","1":"product","2":"type-product","3":"status-publish","4":"has-post-thumbnail","6":"product_cat-gartenduschen","7":"product_cat-duschbrause-sanitaerzubehoer","8":"product_cat-duschsaeule","9":"product_cat-garten-dusche","10":"product_cat-oeffentliche-dusche","11":"product_cat-outdoor-dusche","12":"product_cat-pool-dusche","13":"product_cat-sauna-dusche","14":"product_cat-schwimmbad-dusche","15":"product_tag-aisi316","16":"product_tag-aussendusche","17":"product_tag-aussendusche-edelstahl","18":"product_tag-aussendusche-schweiz","19":"product_tag-edelstahl","20":"product_tag-fontealta","21":"product_tag-fontealta-aussenduschen","22":"product_tag-gartendusche","23":"product_tag-gartendusche-fontealta","24":"product_tag-gartendusche-schweiz","25":"product_tag-gartenduschen-schweiz","26":"product_tag-outdoor-duschen","27":"product_tag-spiegelpoliert","28":"product_tag-terrassen-dusche","29":"product_tag-v4a-edelstahl","31":"first","32":"instock","33":"taxable","34":"shipping-taxable","35":"purchasable","36":"product-type-simple"},"_links":{"self":[{"href":"https:\/\/aussenduschen.ch\/fr\/wp-json\/wp\/v2\/product\/3772","targetHints":{"allow":["GET"]}}],"collection":[{"href":"https:\/\/aussenduschen.ch\/fr\/wp-json\/wp\/v2\/product"}],"about":[{"href":"https:\/\/aussenduschen.ch\/fr\/wp-json\/wp\/v2\/types\/product"}],"version-history":[{"count":1,"href":"https:\/\/aussenduschen.ch\/fr\/wp-json\/wp\/v2\/product\/3772\/revisions"}],"predecessor-version":[{"id":5483,"href":"https:\/\/aussenduschen.ch\/fr\/wp-json\/wp\/v2\/product\/3772\/revisions\/5483"}],"wp:featuredmedia":[{"embeddable":true,"href":"https:\/\/aussenduschen.ch\/fr\/wp-json\/wp\/v2\/media\/3769"}],"wp:attachment":[{"href":"https:\/\/aussenduschen.ch\/fr\/wp-json\/wp\/v2\/media?parent=3772"}],"wp:term":[{"taxonomy":"product_brand","embeddable":true,"href":"https:\/\/aussenduschen.ch\/fr\/wp-json\/wp\/v2\/product_brand?post=3772"},{"taxonomy":"product_cat","embeddable":true,"href":"https:\/\/aussenduschen.ch\/fr\/wp-json\/wp\/v2\/product_cat?post=3772"},{"taxonomy":"product_tag","embeddable":true,"href":"https:\/\/aussenduschen.ch\/fr\/wp-json\/wp\/v2\/product_tag?post=3772"}],"curies":[{"name":"wp","href":"https:\/\/api.w.org\/{rel}","templated":true}]}}