{"id":3753,"date":"2020-08-21T15:46:30","date_gmt":"2020-08-21T15:46:30","guid":{"rendered":"https:\/\/aussenduschen.ch\/product\/onda-shower-d50\/"},"modified":"2025-06-04T13:54:45","modified_gmt":"2025-06-04T13:54:45","slug":"onda-shower-d50","status":"publish","type":"product","link":"https:\/\/aussenduschen.ch\/fr\/product\/onda-shower-d50\/","title":{"rendered":"Onda D50"},"content":{"rendered":"","protected":false},"excerpt":{"rendered":"<p>D\u00e9couvrez la colonne de douche Fontealta ONDA D50 - une combinaison \u00e9l\u00e9gante de design italien, de qualit\u00e9 sup\u00e9rieure et de fonctionnalit\u00e9 durable pour l'ext\u00e9rieur. Que ce soit dans le jardin, au bord de la piscine ou sur la plage, cette douche d'ext\u00e9rieur \u00e9l\u00e9gante apporte partout une touche de modernit\u00e9 et convainc par ses d\u00e9tails bien pens\u00e9s.<\/p>\n<p><strong>Conception \u00e9l\u00e9gante et de haute qualit\u00e9<\/strong><br \/>\n- Design moderne et frappant - un v\u00e9ritable accroche-regard pour tout espace ext\u00e9rieur<br \/>\n- Fabriqu\u00e9 en Italie avec le plus grand soin et les plus hauts standards de qualit\u00e9<br \/>\n- Utilisation polyvalente comme douche de jardin, de piscine ou de plage<\/p>\n<p><strong>Un mat\u00e9riau robuste pour toutes les exigences<\/strong><br \/>\n- Fabriqu\u00e9 en acier inoxydable AISI 316 (V4A) - inoxydable, durable et r\u00e9sistant<br \/>\n- Surface polie brillante pour une brillance durable et un nettoyage facile \/ Alternativement disponible en finition bross\u00e9e mate.<\/p>\n<p><strong>Points forts techniques<\/strong><br \/>\n- Hauteur totale : 230 cm - confortable pour petits et grands<br \/>\n- Grande pomme de douche (20 cm de diam\u00e8tre), autonettoyante pour une eau toujours propre<br \/>\n- Extr\u00eamement r\u00e9sistant aux intemp\u00e9ries et robuste - con\u00e7u pour une utilisation durable en ext\u00e9rieur<br \/>\n- Configurations flexibles : Raccordement \u00e0 l'eau froide ou \u00e0 l'eau mitig\u00e9e, en option avec douchette \u00e0 main, douche de pied et autres accessoires<\/p>\n<p><strong>Conclusion<\/strong><br \/>\nLa colonne de douche Fontealta ONDA D50 allie design italien et perfection technique. Elle est le choix id\u00e9al pour ceux qui attachent de l'importance \u00e0 la durabilit\u00e9, au confort et \u00e0 un aspect exclusif \u00e0 l'ext\u00e9rieur. Un v\u00e9ritable atout pour tous les utilisateurs d'ext\u00e9rieur !<\/p>","protected":false},"featured_media":6608,"template":"","meta":[],"product_brand":[],"product_cat":[15,133,126,139,125,127,128],"product_tag":[99,90,91,92,100,94,103,89,102,93,97,96,101,95,98],"class_list":{"0":"post-3753","1":"product","2":"type-product","3":"status-publish","4":"has-post-thumbnail","6":"product_cat-gartenduschen","7":"product_cat-duschsaeule","8":"product_cat-garten-dusche","9":"product_cat-oeffentliche-dusche","10":"product_cat-outdoor-dusche","11":"product_cat-pool-dusche","12":"product_cat-sauna-dusche","13":"product_tag-aisi316","14":"product_tag-aussendusche","15":"product_tag-aussendusche-edelstahl","16":"product_tag-aussendusche-schweiz","17":"product_tag-edelstahl","18":"product_tag-fontealta","19":"product_tag-fontealta-aussenduschen","20":"product_tag-gartendusche","21":"product_tag-gartendusche-fontealta","22":"product_tag-gartendusche-schweiz","23":"product_tag-gartenduschen-schweiz","24":"product_tag-outdoor-duschen","25":"product_tag-spiegelpoliert","26":"product_tag-terrassen-dusche","27":"product_tag-v4a-edelstahl","29":"first","30":"instock","31":"taxable","32":"shipping-taxable","33":"purchasable","34":"product-type-simple"},"_links":{"self":[{"href":"https:\/\/aussenduschen.ch\/fr\/wp-json\/wp\/v2\/product\/3753","targetHints":{"allow":["GET"]}}],"collection":[{"href":"https:\/\/aussenduschen.ch\/fr\/wp-json\/wp\/v2\/product"}],"about":[{"href":"https:\/\/aussenduschen.ch\/fr\/wp-json\/wp\/v2\/types\/product"}],"version-history":[{"count":3,"href":"https:\/\/aussenduschen.ch\/fr\/wp-json\/wp\/v2\/product\/3753\/revisions"}],"predecessor-version":[{"id":8572,"href":"https:\/\/aussenduschen.ch\/fr\/wp-json\/wp\/v2\/product\/3753\/revisions\/8572"}],"wp:featuredmedia":[{"embeddable":true,"href":"https:\/\/aussenduschen.ch\/fr\/wp-json\/wp\/v2\/media\/6608"}],"wp:attachment":[{"href":"https:\/\/aussenduschen.ch\/fr\/wp-json\/wp\/v2\/media?parent=3753"}],"wp:term":[{"taxonomy":"product_brand","embeddable":true,"href":"https:\/\/aussenduschen.ch\/fr\/wp-json\/wp\/v2\/product_brand?post=3753"},{"taxonomy":"product_cat","embeddable":true,"href":"https:\/\/aussenduschen.ch\/fr\/wp-json\/wp\/v2\/product_cat?post=3753"},{"taxonomy":"product_tag","embeddable":true,"href":"https:\/\/aussenduschen.ch\/fr\/wp-json\/wp\/v2\/product_tag?post=3753"}],"curies":[{"name":"wp","href":"https:\/\/api.w.org\/{rel}","templated":true}]}}