{"id":3742,"date":"2020-08-21T15:46:11","date_gmt":"2020-08-21T15:46:11","guid":{"rendered":"https:\/\/aussenduschen.ch\/product\/origo-rame-shower-c50r\/"},"modified":"2024-06-13T08:32:50","modified_gmt":"2024-06-13T08:32:50","slug":"origo-rame-shower-c50r","status":"publish","type":"product","link":"https:\/\/aussenduschen.ch\/fr\/product\/origo-rame-shower-c50r\/","title":{"rendered":"Origo Rame C50R"},"content":{"rendered":"","protected":false},"excerpt":{"rendered":"<p><strong>ORIGO RAME C50R<\/strong><br \/>\nPour les amateurs de cuivre et de laiton, la RAME ORIGO est le bon choix. Le laiton et le cuivre donnent \u00e0 la douche ext\u00e9rieure un aspect antique. Le cuivre, initialement brillant, forme une patine unique. La pomme de douche et le robinet sont \u00e9galement en laiton. Cette combinaison compl\u00e8te parfaitement un aspect g\u00e9n\u00e9ral incroyable.<\/p>\n<p><em>Mat\u00e9riau :<\/em> Laiton et cuivre<\/p>\n<p><em>Port\u00e9e :<\/em> Jardin, piscine, sauna<\/p>\n<p><em>Douche de t\u00eate :<\/em> \u00f8 210 mm pomme de douche, laiton poli<\/p>\n<p><em>Pression de l'eau :<\/em> 1-5 bar<\/p>\n<p><em>Ligne de connexion :<\/em> Filetage femelle 1\/2<\/p>\n<p><em>Approvisionnement en eau :<\/em> Approvisionnement standard en eau du sol<\/p>","protected":false},"featured_media":3738,"template":"","meta":[],"product_brand":[],"product_cat":[15,133,126,139,125,127,128],"product_tag":[99,90,91,92,100,94,103,89,102,93,97,96,101,95,98],"class_list":{"0":"post-3742","1":"product","2":"type-product","3":"status-publish","4":"has-post-thumbnail","6":"product_cat-gartenduschen","7":"product_cat-duschsaeule","8":"product_cat-garten-dusche","9":"product_cat-oeffentliche-dusche","10":"product_cat-outdoor-dusche","11":"product_cat-pool-dusche","12":"product_cat-sauna-dusche","13":"product_tag-aisi316","14":"product_tag-aussendusche","15":"product_tag-aussendusche-edelstahl","16":"product_tag-aussendusche-schweiz","17":"product_tag-edelstahl","18":"product_tag-fontealta","19":"product_tag-fontealta-aussenduschen","20":"product_tag-gartendusche","21":"product_tag-gartendusche-fontealta","22":"product_tag-gartendusche-schweiz","23":"product_tag-gartenduschen-schweiz","24":"product_tag-outdoor-duschen","25":"product_tag-spiegelpoliert","26":"product_tag-terrassen-dusche","27":"product_tag-v4a-edelstahl","29":"first","30":"instock","31":"taxable","32":"shipping-taxable","33":"purchasable","34":"product-type-simple"},"_links":{"self":[{"href":"https:\/\/aussenduschen.ch\/fr\/wp-json\/wp\/v2\/product\/3742","targetHints":{"allow":["GET"]}}],"collection":[{"href":"https:\/\/aussenduschen.ch\/fr\/wp-json\/wp\/v2\/product"}],"about":[{"href":"https:\/\/aussenduschen.ch\/fr\/wp-json\/wp\/v2\/types\/product"}],"version-history":[{"count":3,"href":"https:\/\/aussenduschen.ch\/fr\/wp-json\/wp\/v2\/product\/3742\/revisions"}],"predecessor-version":[{"id":6424,"href":"https:\/\/aussenduschen.ch\/fr\/wp-json\/wp\/v2\/product\/3742\/revisions\/6424"}],"wp:featuredmedia":[{"embeddable":true,"href":"https:\/\/aussenduschen.ch\/fr\/wp-json\/wp\/v2\/media\/3738"}],"wp:attachment":[{"href":"https:\/\/aussenduschen.ch\/fr\/wp-json\/wp\/v2\/media?parent=3742"}],"wp:term":[{"taxonomy":"product_brand","embeddable":true,"href":"https:\/\/aussenduschen.ch\/fr\/wp-json\/wp\/v2\/product_brand?post=3742"},{"taxonomy":"product_cat","embeddable":true,"href":"https:\/\/aussenduschen.ch\/fr\/wp-json\/wp\/v2\/product_cat?post=3742"},{"taxonomy":"product_tag","embeddable":true,"href":"https:\/\/aussenduschen.ch\/fr\/wp-json\/wp\/v2\/product_tag?post=3742"}],"curies":[{"name":"wp","href":"https:\/\/api.w.org\/{rel}","templated":true}]}}