{"id":3737,"date":"2020-08-21T15:46:06","date_gmt":"2020-08-21T15:46:06","guid":{"rendered":"https:\/\/aussenduschen.ch\/product\/origo-all-steel-shower-c50as\/"},"modified":"2025-06-04T14:03:32","modified_gmt":"2025-06-04T14:03:32","slug":"origo-all-steel-shower-c50as","status":"publish","type":"product","link":"https:\/\/aussenduschen.ch\/fr\/product\/origo-all-steel-shower-c50as\/","title":{"rendered":"Origo Tout Acier C50AS"},"content":{"rendered":"","protected":false},"excerpt":{"rendered":"<p><strong>ORIGO ALL STEEL CS50AS Colonne de douche de Fontealta - Description unique du produit<\/strong><\/p>\n<p>La colonne de douche ORIGO ALL STEEL CS50AS de Fontealta est un exemple parfait de design italien, de qualit\u00e9 sans compromis et de raffinement technique. Fabriqu\u00e9e en acier inoxydable V4A (AISI 316) de premi\u00e8re qualit\u00e9, cette douche ext\u00e9rieure garantit une longue dur\u00e9e de vie et une r\u00e9sistance maximale \u00e0 la corrosion, m\u00eame dans les r\u00e9gions c\u00f4ti\u00e8res sal\u00e9es, les piscines ou les zones de spa exigeantes.<\/p>\n<p><strong>Design &amp; confort<\/strong><br \/>\nAvec sa silhouette \u00e9lanc\u00e9e et moderne, la douche ORIGO ALL STEEL CS50AS s'int\u00e8gre harmonieusement dans tout jardin ou paysage de bien-\u00eatre. Le pommeau de douche g\u00e9n\u00e9reux de 200 mm de diam\u00e8tre assure une exp\u00e9rience de douche luxueuse et atteint sans peine toutes les parties du corps. La colonne de douche est disponible en version polie ou bross\u00e9e et est fabriqu\u00e9e \u00e0 100 % en Italie - une garantie de finition exclusive et d'\u00e9l\u00e9gance intemporelle.<\/p>\n<p><strong>Informations techniques<\/strong><\/p>\n<ul>\n<li><strong>Mat\u00e9riau :<\/strong> acier inoxydable V4A (AISI 316) - inoxydable, r\u00e9sistant au calcaire, facile \u00e0 nettoyer<\/li>\n<li><strong>Hauteur totale :<\/strong> 240 cm<\/li>\n<li><strong>Hauteur de la douche de t\u00eate :<\/strong> 210 cm<\/li>\n<li><strong>Pommeau de douche :<\/strong> \u00d8 200 mm, autonettoyant pour un d\u00e9bit d'eau r\u00e9gulier<\/li>\n<li><strong>Raccordement \u00e0 l'eau :<\/strong>\n<ul>\n<li>Au choix pour l'eau froide ou pour l'eau froide et chaude (version mixte)<\/li>\n<li>Raccords 1\/2\u2033, c\u00f4t\u00e9 sol<\/li>\n<\/ul>\n<\/li>\n<li><strong>Options :<\/strong>\n<ul>\n<li>Douchette \u00e0 main s\u00e9par\u00e9e (sur Mix Extra)<\/li>\n<li>Possibilit\u00e9 d'ajouter un robinet d'eau de jardin avec un filetage de 3\/4\u2033 pour le raccordement du tuyau<\/li>\n<\/ul>\n<\/li>\n<li><strong>surface :<\/strong> Poli ou finement bross\u00e9<\/li>\n<li><strong>Protection contre le gel :<\/strong> Facile \u00e0 vider en hiver pour \u00e9viter les d\u00e9g\u00e2ts dus au gel<\/li>\n<\/ul>\n<p><strong>Durabilit\u00e9 et entretien<\/strong><br \/>\nLa finition de haute qualit\u00e9 et le mat\u00e9riau robuste font de l'ORIGO ALL STEEL CS50AS le choix id\u00e9al pour une utilisation durable en plein air. Le nettoyage n'est pas compliqu\u00e9 : Un chiffon doux et un produit d'entretien pour acier inoxydable suffisent. En cas de calcaire tenace, il est recommand\u00e9 d'utiliser un produit de nettoyage \u00e0 base de vinaigre.<\/p>\n<p><strong>Conclusion<\/strong><br \/>\nLa colonne de douche Fontealta ORIGO ALL STEEL CS50AS allie l'artisanat italien, des mat\u00e9riaux nobles et une fonctionnalit\u00e9 bien pens\u00e9e. Elle est le compl\u00e9ment parfait pour les espaces ext\u00e9rieurs exigeants qui accordent de l'importance au design, au confort et \u00e0 la durabilit\u00e9.<\/p>","protected":false},"featured_media":3733,"template":"","meta":[],"product_brand":[],"product_cat":[15,133,126,139,125,127,128],"product_tag":[99,90,91,92,100,94,103,89,102,93,97,96,101,95,98],"class_list":{"0":"post-3737","1":"product","2":"type-product","3":"status-publish","4":"has-post-thumbnail","6":"product_cat-gartenduschen","7":"product_cat-duschsaeule","8":"product_cat-garten-dusche","9":"product_cat-oeffentliche-dusche","10":"product_cat-outdoor-dusche","11":"product_cat-pool-dusche","12":"product_cat-sauna-dusche","13":"product_tag-aisi316","14":"product_tag-aussendusche","15":"product_tag-aussendusche-edelstahl","16":"product_tag-aussendusche-schweiz","17":"product_tag-edelstahl","18":"product_tag-fontealta","19":"product_tag-fontealta-aussenduschen","20":"product_tag-gartendusche","21":"product_tag-gartendusche-fontealta","22":"product_tag-gartendusche-schweiz","23":"product_tag-gartenduschen-schweiz","24":"product_tag-outdoor-duschen","25":"product_tag-spiegelpoliert","26":"product_tag-terrassen-dusche","27":"product_tag-v4a-edelstahl","29":"first","30":"instock","31":"taxable","32":"shipping-taxable","33":"purchasable","34":"product-type-simple"},"_links":{"self":[{"href":"https:\/\/aussenduschen.ch\/fr\/wp-json\/wp\/v2\/product\/3737","targetHints":{"allow":["GET"]}}],"collection":[{"href":"https:\/\/aussenduschen.ch\/fr\/wp-json\/wp\/v2\/product"}],"about":[{"href":"https:\/\/aussenduschen.ch\/fr\/wp-json\/wp\/v2\/types\/product"}],"version-history":[{"count":4,"href":"https:\/\/aussenduschen.ch\/fr\/wp-json\/wp\/v2\/product\/3737\/revisions"}],"predecessor-version":[{"id":8574,"href":"https:\/\/aussenduschen.ch\/fr\/wp-json\/wp\/v2\/product\/3737\/revisions\/8574"}],"wp:featuredmedia":[{"embeddable":true,"href":"https:\/\/aussenduschen.ch\/fr\/wp-json\/wp\/v2\/media\/3733"}],"wp:attachment":[{"href":"https:\/\/aussenduschen.ch\/fr\/wp-json\/wp\/v2\/media?parent=3737"}],"wp:term":[{"taxonomy":"product_brand","embeddable":true,"href":"https:\/\/aussenduschen.ch\/fr\/wp-json\/wp\/v2\/product_brand?post=3737"},{"taxonomy":"product_cat","embeddable":true,"href":"https:\/\/aussenduschen.ch\/fr\/wp-json\/wp\/v2\/product_cat?post=3737"},{"taxonomy":"product_tag","embeddable":true,"href":"https:\/\/aussenduschen.ch\/fr\/wp-json\/wp\/v2\/product_tag?post=3737"}],"curies":[{"name":"wp","href":"https:\/\/api.w.org\/{rel}","templated":true}]}}