{"id":3732,"date":"2020-08-21T15:45:58","date_gmt":"2020-08-21T15:45:58","guid":{"rendered":"https:\/\/aussenduschen.ch\/product\/club-shower-c90\/"},"modified":"2025-05-23T11:53:53","modified_gmt":"2025-05-23T11:53:53","slug":"club-shower-c90","status":"publish","type":"product","link":"https:\/\/aussenduschen.ch\/fr\/product\/club-shower-c90\/","title":{"rendered":"Club C90"},"content":{"rendered":"<div class=\"_message-content_3ffle_2 _message-content--markdown_3ffle_20\">\n<p>La Fontealta Club C90 est une douche d'ext\u00e9rieur exclusive qui se distingue par son design minimaliste et \u00e9l\u00e9gant et sa finition de premi\u00e8re classe. Fabriqu\u00e9e en acier inoxydable V4A (Inox Aisi 316) de haute qualit\u00e9, elle allie raffinement esth\u00e9tique, robustesse exceptionnelle et r\u00e9sistance \u00e0 la corrosion. Sa silhouette \u00e9l\u00e9gante en forme d'arc s'int\u00e8gre harmonieusement dans les paysages de jardins et de piscines modernes et fait de la Club C90 le choix id\u00e9al pour les espaces ext\u00e9rieurs exigeants tels que les centres de bien-\u00eatre, les h\u00f4tels et les jardins priv\u00e9s.<\/p>\n<p><strong>Le design rencontre la fonction :<\/strong><\/p>\n<p>Les lignes claires et la surface polie comme un miroir soulignent l'\u00e9l\u00e9gance intemporelle de cette colonne de douche. La pomme de douche int\u00e9gr\u00e9e sans soudure, avec un jet d'eau g\u00e9n\u00e9reux et conique, assure une exp\u00e9rience de douche luxueuse. Selon la variante, la Club C90 est disponible en tant que douche \u00e0 eau froide ou chaude, compl\u00e9t\u00e9e en option par une douchette \u00e0 main pratique. La robinetterie pr\u00e9cise et sans fioritures est \u00e0 la fois un design italien et un artisanat de haut niveau.<\/p>\n<p><strong>Le confort toute l'ann\u00e9e :<\/strong><\/p>\n<p>Gr\u00e2ce \u00e0 la variante quatre saisons disponible en option avec tra\u00e7age \u00e9lectrique int\u00e9gr\u00e9 et sonde de temp\u00e9rature pr\u00e9cise, la colonne de douche peut \u00eatre utilis\u00e9e en toute s\u00e9curit\u00e9 m\u00eame \u00e0 des temp\u00e9ratures de -20\u00b0C. Vous b\u00e9n\u00e9ficiez ainsi d'un confort incomparable, quelle que soit la saison.<\/p>\n<p><strong>Caract\u00e9ristiques particuli\u00e8res :<\/strong><\/p>\n<p>- Nombreuses possibilit\u00e9s d'utilisation dans le jardin, au bord de la piscine, dans les saunas et les centres de bien-\u00eatre ainsi que dans les h\u00f4tels<br \/>\n- Options d'\u00e9quipement suppl\u00e9mentaires : Douchette \u00e0 main, douche de pied, valve de temporisation, protection contre le gel jusqu'\u00e0 -20\u00b0C<br \/>\n- Made in Italy : pour une qualit\u00e9 sup\u00e9rieure, une longue dur\u00e9e de vie et une finition exclusive<\/p>\n<p><strong>D\u00e9tails techniques :<\/strong><\/p>\n<table>\n<thead>\n<tr>\n<th>Caract\u00e9ristique<\/th>\n<th>Club C90 (eau froide)<\/th>\n<th>Club C90 M (eau chaude &amp; froide)<\/th>\n<\/tr>\n<\/thead>\n<tbody>\n<tr>\n<td>Mat\u00e9riau<\/td>\n<td>Acier inoxydable Inox Aisi 316 (V4A)<\/td>\n<td>Acier inoxydable Inox Aisi 316 (V4A)<\/td>\n<\/tr>\n<tr>\n<td>Surface<\/td>\n<td>Poli, bross\u00e9 ou noir mat<\/td>\n<td>Poli, bross\u00e9 ou noir mat<\/td>\n<\/tr>\n<tr>\n<td>Hauteur<\/td>\n<td>environ 240 cm<\/td>\n<td>environ 240 cm<\/td>\n<\/tr>\n<tr>\n<td>Diam\u00e8tre de la colonne<\/td>\n<td>89 mm<\/td>\n<td>89 mm<\/td>\n<\/tr>\n<tr>\n<td>Douche de t\u00eate<\/td>\n<td>\u00f8 90 mm, int\u00e9gr\u00e9<\/td>\n<td>\u00f8 90 mm, int\u00e9gr\u00e9<\/td>\n<\/tr>\n<tr>\n<td>Douche \u00e0 main<\/td>\n<td>En option<\/td>\n<td>En option<\/td>\n<\/tr>\n<tr>\n<td>Soupape<\/td>\n<td>Vanne d'eau froide<\/td>\n<td>Mitigeur de douche monocommande<\/td>\n<\/tr>\n<tr>\n<td>Pression de l'eau<\/td>\n<td>1-5 bar<\/td>\n<td>1-5 bar<\/td>\n<\/tr>\n<tr>\n<td>Connexion<\/td>\n<td>1\/2\" femelle<\/td>\n<td>1\/2\" femelle<\/td>\n<\/tr>\n<tr>\n<td>Montage<\/td>\n<td>Montage au sol<\/td>\n<td>Montage au sol<\/td>\n<\/tr>\n<tr>\n<td>Antigel<\/td>\n<td>En option jusqu'\u00e0 -20\u00b0C<\/td>\n<td>En option jusqu'\u00e0 -20\u00b0C<\/td>\n<\/tr>\n<\/tbody>\n<\/table>\n<p>Le Fontealta Club C90 allie une esth\u00e9tique de premier ordre \u00e0 une fonctionnalit\u00e9 maximale. C'est la solution parfaite pour les installations ext\u00e9rieures exigeantes, qui allient luxe et long\u00e9vit\u00e9.<\/p>\n<\/div>","protected":false},"excerpt":{"rendered":"<div class=\"_message-content_3ffle_2 _message-content--markdown_3ffle_20\">\n<p>La Fontealta Club C90 est une douche d'ext\u00e9rieur exclusive qui se distingue par son design minimaliste et \u00e9l\u00e9gant et sa finition de premi\u00e8re classe. Fabriqu\u00e9e en acier inoxydable V4A (Inox Aisi 316) de haute qualit\u00e9, elle allie raffinement esth\u00e9tique, robustesse exceptionnelle et r\u00e9sistance \u00e0 la corrosion. Sa silhouette \u00e9l\u00e9gante en forme d'arc s'int\u00e8gre harmonieusement dans les paysages de jardins et de piscines modernes et fait de la Club C90 le choix id\u00e9al pour les espaces ext\u00e9rieurs exigeants tels que les spas, les h\u00f4tels et les jardins priv\u00e9s.<\/p>\n<p><strong>Le design rencontre la fonction :<\/strong><br \/>\nLes lignes claires et la surface polie comme un miroir soulignent l'\u00e9l\u00e9gance intemporelle de cette colonne de douche. La pomme de douche int\u00e9gr\u00e9e sans soudure, avec un jet d'eau g\u00e9n\u00e9reux et conique, assure une exp\u00e9rience de douche luxueuse. Selon la variante, la Club C90 est disponible en tant que douche \u00e0 eau froide ou chaude, compl\u00e9t\u00e9e en option par une douchette \u00e0 main pratique. La robinetterie pr\u00e9cise et sans fioritures rappelle le design italien et le plus haut niveau de l'artisanat.<\/p>\n<p><strong>Le confort toute l'ann\u00e9e :<\/strong><br \/>\nGr\u00e2ce \u00e0 la variante quatre saisons disponible en option avec tra\u00e7age \u00e9lectrique int\u00e9gr\u00e9 et sonde de temp\u00e9rature pr\u00e9cise, la colonne de douche peut \u00eatre utilis\u00e9e en toute s\u00e9curit\u00e9 m\u00eame \u00e0 des temp\u00e9ratures de -20\u00b0C. Vous b\u00e9n\u00e9ficiez ainsi d'un confort incomparable, quelle que soit la saison.<\/p>\n<p><strong>Caract\u00e9ristiques particuli\u00e8res :<\/strong><\/p>\n<ul>\n<li>Nombreuses possibilit\u00e9s d'utilisation dans le jardin, au bord de la piscine, dans les saunas et les centres de bien-\u00eatre ainsi que dans les h\u00f4tels<\/li>\n<li>Options d'\u00e9quipement suppl\u00e9mentaires : Douchette \u00e0 main, douche de pied, valve de temporisation, protection antigel jusqu'\u00e0 -20\u00b0C<\/li>\n<li>Made in Italy : pour une qualit\u00e9 sup\u00e9rieure, une longue dur\u00e9e de vie et une finition exclusive<\/li>\n<\/ul>\n<p><strong>D\u00e9tails techniques :<\/strong><\/p>\n<table>\n<thead>\n<tr>\n<th>Caract\u00e9ristique<\/th>\n<th>Club C90 (eau froide)<\/th>\n<th>Club C90 M (eau chaude &amp; froide)<\/th>\n<\/tr>\n<\/thead>\n<tbody>\n<tr>\n<td>Mat\u00e9riau<\/td>\n<td>Acier inoxydable Inox Aisi 316 (V4A)<\/td>\n<td>Acier inoxydable Inox Aisi 316 (V4A)<\/td>\n<\/tr>\n<tr>\n<td>Surface<\/td>\n<td>Poli, bross\u00e9 ou noir mat<\/td>\n<td>Poli, bross\u00e9 ou noir mat<\/td>\n<\/tr>\n<tr>\n<td>Hauteur<\/td>\n<td>environ 240 cm<\/td>\n<td>environ 240 cm<\/td>\n<\/tr>\n<tr>\n<td>Diam\u00e8tre de la colonne<\/td>\n<td>89 mm<\/td>\n<td>89 mm<\/td>\n<\/tr>\n<tr>\n<td>Douche de t\u00eate<\/td>\n<td>\u00f8 90 mm, int\u00e9gr\u00e9<\/td>\n<td>\u00f8 90 mm, int\u00e9gr\u00e9<\/td>\n<\/tr>\n<tr>\n<td>Douche \u00e0 main<\/td>\n<td>En option<\/td>\n<td>En option<\/td>\n<\/tr>\n<tr>\n<td>Soupape<\/td>\n<td>Vanne d'eau froide<\/td>\n<td>Mitigeur de douche monocommande<\/td>\n<\/tr>\n<tr>\n<td>Pression de l'eau<\/td>\n<td>1-5 bar<\/td>\n<td>1-5 bar<\/td>\n<\/tr>\n<tr>\n<td>Connexion<\/td>\n<td>1\/2\" femelle<\/td>\n<td>1\/2\" femelle<\/td>\n<\/tr>\n<tr>\n<td>Montage<\/td>\n<td>Montage au sol<\/td>\n<td>Montage au sol<\/td>\n<\/tr>\n<tr>\n<td>Antigel<\/td>\n<td>En option jusqu'\u00e0 -20\u00b0C<\/td>\n<td>En option jusqu'\u00e0 -20\u00b0C<\/td>\n<\/tr>\n<\/tbody>\n<\/table>\n<p>Le Fontealta Club C90 allie une esth\u00e9tique de premier ordre \u00e0 une fonctionnalit\u00e9 maximale. C'est la solution parfaite pour les installations ext\u00e9rieures exigeantes, qui allient luxe et durabilit\u00e9.<\/p>\n<\/div>","protected":false},"featured_media":3727,"template":"","meta":[],"product_brand":[],"product_cat":[15,133,126,139,125,127,128],"product_tag":[99,90,91,92,100,94,103,89,102,93,97,96,101,95,98],"class_list":{"0":"post-3732","1":"product","2":"type-product","3":"status-publish","4":"has-post-thumbnail","6":"product_cat-gartenduschen","7":"product_cat-duschsaeule","8":"product_cat-garten-dusche","9":"product_cat-oeffentliche-dusche","10":"product_cat-outdoor-dusche","11":"product_cat-pool-dusche","12":"product_cat-sauna-dusche","13":"product_tag-aisi316","14":"product_tag-aussendusche","15":"product_tag-aussendusche-edelstahl","16":"product_tag-aussendusche-schweiz","17":"product_tag-edelstahl","18":"product_tag-fontealta","19":"product_tag-fontealta-aussenduschen","20":"product_tag-gartendusche","21":"product_tag-gartendusche-fontealta","22":"product_tag-gartendusche-schweiz","23":"product_tag-gartenduschen-schweiz","24":"product_tag-outdoor-duschen","25":"product_tag-spiegelpoliert","26":"product_tag-terrassen-dusche","27":"product_tag-v4a-edelstahl","29":"first","30":"instock","31":"taxable","32":"shipping-taxable","33":"purchasable","34":"product-type-simple"},"_links":{"self":[{"href":"https:\/\/aussenduschen.ch\/fr\/wp-json\/wp\/v2\/product\/3732","targetHints":{"allow":["GET"]}}],"collection":[{"href":"https:\/\/aussenduschen.ch\/fr\/wp-json\/wp\/v2\/product"}],"about":[{"href":"https:\/\/aussenduschen.ch\/fr\/wp-json\/wp\/v2\/types\/product"}],"version-history":[{"count":11,"href":"https:\/\/aussenduschen.ch\/fr\/wp-json\/wp\/v2\/product\/3732\/revisions"}],"predecessor-version":[{"id":8446,"href":"https:\/\/aussenduschen.ch\/fr\/wp-json\/wp\/v2\/product\/3732\/revisions\/8446"}],"wp:featuredmedia":[{"embeddable":true,"href":"https:\/\/aussenduschen.ch\/fr\/wp-json\/wp\/v2\/media\/3727"}],"wp:attachment":[{"href":"https:\/\/aussenduschen.ch\/fr\/wp-json\/wp\/v2\/media?parent=3732"}],"wp:term":[{"taxonomy":"product_brand","embeddable":true,"href":"https:\/\/aussenduschen.ch\/fr\/wp-json\/wp\/v2\/product_brand?post=3732"},{"taxonomy":"product_cat","embeddable":true,"href":"https:\/\/aussenduschen.ch\/fr\/wp-json\/wp\/v2\/product_cat?post=3732"},{"taxonomy":"product_tag","embeddable":true,"href":"https:\/\/aussenduschen.ch\/fr\/wp-json\/wp\/v2\/product_tag?post=3732"}],"curies":[{"name":"wp","href":"https:\/\/api.w.org\/{rel}","templated":true}]}}