{"id":3726,"date":"2020-08-21T15:45:48","date_gmt":"2020-08-21T15:45:48","guid":{"rendered":"https:\/\/aussenduschen.ch\/product\/boss-wide-shower-bw76\/"},"modified":"2025-05-30T13:30:05","modified_gmt":"2025-05-30T13:30:05","slug":"boss-wide-shower-bw76","status":"publish","type":"product","link":"https:\/\/aussenduschen.ch\/fr\/product\/boss-wide-shower-bw76\/","title":{"rendered":"Boss Wide BW76"},"content":{"rendered":"","protected":false},"excerpt":{"rendered":"<p><strong>Boss Wide douche ext\u00e9rieure de Fontealta - luxe et fonctionnalit\u00e9 pour votre espace ext\u00e9rieur<\/strong><\/p>\n<p><strong>L'\u00e9l\u00e9gance styl\u00e9e rencontre l'utilisation pratique<\/strong><br \/>\nLa douche d'ext\u00e9rieur Boss Wide de Fontealta apporte une touche de style au jardin, \u00e0 la piscine ou au sauna. Avec son design clair et minimaliste et sa finition de haute qualit\u00e9, elle red\u00e9finit les exigences en mati\u00e8re d'esth\u00e9tique et de durabilit\u00e9. La grande douche \u00e0 effet de pluie d'un diam\u00e8tre de 400 mm garantit une exp\u00e9rience de douche tout en douceur et \u00e9pargne tout espace ext\u00e9rieur.<\/p>\n<p><strong>Des mat\u00e9riaux de premi\u00e8re qualit\u00e9 pour les exigences les plus \u00e9lev\u00e9es<\/strong><br \/>\nFabriqu\u00e9 en acier inoxydable Aisi 316 (V4A) r\u00e9sistant \u00e0 l'eau de mer, le Boss Wide offre une protection fiable contre la corrosion - id\u00e9al pour les r\u00e9gions c\u00f4ti\u00e8res sal\u00e9es ou l'utilisation intensive de la piscine. La surface est polie ou bross\u00e9e selon les besoins et reste durablement belle et facile \u00e0 entretenir.<\/p>\n<p><strong>Des options individuelles pour un confort maximal<\/strong><\/p>\n<ul>\n<li>Grande douche \u00e0 effet pluie (\u00d8 400 mm) pour une exp\u00e9rience de douche ludique<\/li>\n<li>Douchette en option pour une plus grande flexibilit\u00e9<\/li>\n<li>Disponible en version eau froide ou eau chaude, avec mitigeur ou vanne d'eau froide<\/li>\n<li>montage au sol avec plaque de base stable de 200 mm pour une fixation s\u00fbre sur chaque surface<\/li>\n<li>Hauteur flexible entre 210 et 237 cm environ, s'adapte \u00e0 toutes les tailles d'utilisateurs<\/li>\n<\/ul>\n<p><strong>Utilisation toute l'ann\u00e9e, protection contre le gel incluse<\/strong><br \/>\nGr\u00e2ce \u00e0 la version Four-Season en option avec chauffage de tra\u00e7age int\u00e9gr\u00e9, la douche reste hors gel jusqu'\u00e0 -20\u00b0C. Elle est donc \u00e9galement pr\u00eate \u00e0 \u00eatre utilis\u00e9e en hiver, par exemple comme douche de sauna. La douchette peut \u00eatre facilement retir\u00e9e pour faciliter l'utilisation en hiver.<\/p>\n<p><strong>Made in Italy - qualit\u00e9 et design r\u00e9unis<\/strong><br \/>\nProduit en Italie, le Boss Wide est synonyme d'exigences de qualit\u00e9 \u00e9lev\u00e9es et d'amour du d\u00e9tail. Fontealta combine fonctionnalit\u00e9, design moderne et mat\u00e9riaux durables pour cr\u00e9er des douches ext\u00e9rieures exclusives qui r\u00e9pondent aux exigences les plus \u00e9lev\u00e9es.<\/p>\n<p><strong>Conclusion :<\/strong><br \/>\nLa douche d'ext\u00e9rieur Boss Wide de Fontealta est le choix id\u00e9al pour tous ceux qui recherchent un design exclusif, une qualit\u00e9 sans compromis et un confort maximal. Que ce soit dans un jardin priv\u00e9, au bord d'une piscine ou dans un sauna, elle transforme n'importe quel espace ext\u00e9rieur en une oasis de bien-\u00eatre ludique.<\/p>","protected":false},"featured_media":3722,"template":"","meta":[],"product_brand":[],"product_cat":[15,133,126,139,125,127,135,128],"product_tag":[99,90,91,92,100,94,103,89,102,93,97,96,101,95,98],"class_list":{"0":"post-3726","1":"product","2":"type-product","3":"status-publish","4":"has-post-thumbnail","6":"product_cat-gartenduschen","7":"product_cat-duschsaeule","8":"product_cat-garten-dusche","9":"product_cat-oeffentliche-dusche","10":"product_cat-outdoor-dusche","11":"product_cat-pool-dusche","12":"product_cat-regendusche-outdoor-dusche","13":"product_cat-sauna-dusche","14":"product_tag-aisi316","15":"product_tag-aussendusche","16":"product_tag-aussendusche-edelstahl","17":"product_tag-aussendusche-schweiz","18":"product_tag-edelstahl","19":"product_tag-fontealta","20":"product_tag-fontealta-aussenduschen","21":"product_tag-gartendusche","22":"product_tag-gartendusche-fontealta","23":"product_tag-gartendusche-schweiz","24":"product_tag-gartenduschen-schweiz","25":"product_tag-outdoor-duschen","26":"product_tag-spiegelpoliert","27":"product_tag-terrassen-dusche","28":"product_tag-v4a-edelstahl","30":"first","31":"instock","32":"taxable","33":"shipping-taxable","34":"purchasable","35":"product-type-simple"},"_links":{"self":[{"href":"https:\/\/aussenduschen.ch\/fr\/wp-json\/wp\/v2\/product\/3726","targetHints":{"allow":["GET"]}}],"collection":[{"href":"https:\/\/aussenduschen.ch\/fr\/wp-json\/wp\/v2\/product"}],"about":[{"href":"https:\/\/aussenduschen.ch\/fr\/wp-json\/wp\/v2\/types\/product"}],"version-history":[{"count":2,"href":"https:\/\/aussenduschen.ch\/fr\/wp-json\/wp\/v2\/product\/3726\/revisions"}],"predecessor-version":[{"id":8545,"href":"https:\/\/aussenduschen.ch\/fr\/wp-json\/wp\/v2\/product\/3726\/revisions\/8545"}],"wp:featuredmedia":[{"embeddable":true,"href":"https:\/\/aussenduschen.ch\/fr\/wp-json\/wp\/v2\/media\/3722"}],"wp:attachment":[{"href":"https:\/\/aussenduschen.ch\/fr\/wp-json\/wp\/v2\/media?parent=3726"}],"wp:term":[{"taxonomy":"product_brand","embeddable":true,"href":"https:\/\/aussenduschen.ch\/fr\/wp-json\/wp\/v2\/product_brand?post=3726"},{"taxonomy":"product_cat","embeddable":true,"href":"https:\/\/aussenduschen.ch\/fr\/wp-json\/wp\/v2\/product_cat?post=3726"},{"taxonomy":"product_tag","embeddable":true,"href":"https:\/\/aussenduschen.ch\/fr\/wp-json\/wp\/v2\/product_tag?post=3726"}],"curies":[{"name":"wp","href":"https:\/\/api.w.org\/{rel}","templated":true}]}}