{"id":3721,"date":"2020-08-21T15:45:41","date_gmt":"2020-08-21T15:45:41","guid":{"rendered":"https:\/\/aussenduschen.ch\/product\/boss-shower-b76\/"},"modified":"2026-03-05T07:33:03","modified_gmt":"2026-03-05T07:33:03","slug":"boss-shower-b76","status":"publish","type":"product","link":"https:\/\/aussenduschen.ch\/fr\/product\/boss-shower-b76\/","title":{"rendered":"Boss B76"},"content":{"rendered":"","protected":false},"excerpt":{"rendered":"<p><strong>BOSS B76<\/strong><\/p>\n<div class=\"_message-item__content_16jsp_9\">\n<div class=\"_message-content_1z0qr_2 _message-content-markdown_1z0qr_24\">\n<p>La Boss B76 est une douche d'ext\u00e9rieur innovante, sp\u00e9cialement con\u00e7ue pour le jardin, la piscine et le sauna. Avec ses lignes claires et distinctives, elle combine habilement le design unique de Fontealta avec une \u00e9l\u00e9gance simple et une grande fonctionnalit\u00e9.<\/p>\n<p>Cette douche de jardin exclusive est disponible en deux versions : Boss B76 avec une douche de t\u00eate int\u00e9gr\u00e9e et Boss B76.E avec une douchette \u00e0 main suppl\u00e9mentaire. Cela vous permet de faire un choix individuel qui correspond \u00e0 vos pr\u00e9f\u00e9rences et exigences personnelles.<\/p>\n<p>Pour garantir une qualit\u00e9 et une durabilit\u00e9 maximales \u00e0 l'ext\u00e9rieur, la colonne de douche est fabriqu\u00e9e en acier inoxydable Inox Aisi 316 (V4A) de haute qualit\u00e9. Cet acier V4A sp\u00e9cial offre une r\u00e9sistance absolue \u00e0 la corrosion, m\u00eame dans des conditions m\u00e9t\u00e9orologiques d\u00e9favorables. Vous avez en outre la possibilit\u00e9 de choisir entre une surface polie ou bross\u00e9e pour r\u00e9pondre \u00e0 vos go\u00fbts personnels.<\/p>\n<p>La fixation ext\u00e9rieure du Boss B76 se fait \u00e0 l'aide d'une plaque de base robuste de \u00f8 200 mm. Cela garantit une installation stable et s\u00fbre. Pour l'int\u00e9rieur, Fontealta met \u00e9galement \u00e0 disposition un corps d'encastrement \u00e9tanche afin de permettre une int\u00e9gration parfaite dans votre concept d'espace.<\/p>\n<p>Un point fort particulier du Boss B76 est l'option innovante Four-Saison, qui offre une fonction de protection contre le gel. Gr\u00e2ce \u00e0 un tra\u00e7age intelligent avec sonde de temp\u00e9rature, le gel de la conduite d'eau interne est \u00e9vit\u00e9, m\u00eame lorsque les temp\u00e9ratures ext\u00e9rieures sont extr\u00eamement froides, jusqu'\u00e0 -20\u00b0C. Gr\u00e2ce \u00e0 cette fonction, votre douche ext\u00e9rieure est pr\u00eate \u00e0 l'emploi toute l'ann\u00e9e et b\u00e9n\u00e9ficie d'une protection optimale.<\/p>\n<p>La douche de jardin Boss B76 de Fontealta est donc un choix exceptionnel pour les amateurs de jardinage soucieux de la qualit\u00e9. Avec son design unique, sa fonctionnalit\u00e9 et ses fonctions innovantes, elle offre une exp\u00e9rience de douche incomparable tout en \u00e9tant durable et r\u00e9sistante aux intemp\u00e9ries. Offrez-vous ce luxe et profitez de moments rafra\u00eechissants en plein air avec la Boss B76.<\/p>\n<\/div>\n<\/div>\n<p>Mat\u00e9riau : acier inoxydable V4A<\/p>\n<p>Domaine d'application : jardin, piscine, sauna, wellness, natation<\/p>\n<p>Douche de t\u00eate : \u00f8 76 mm douche de t\u00eate int\u00e9gr\u00e9e<\/p>\n<p>Pression de l'eau : 1-5 bar<\/p>\n<p>Ligne de raccordement : filetage interne 1\/2<\/p>\n<p>Alimentation en eau : Alimentation en eau du sol standard<\/p>","protected":false},"featured_media":3716,"template":"","meta":[],"product_brand":[],"product_cat":[15,133,126,139,125,127,128,159],"product_tag":[99,90,91,92,100,94,103,89,102,93,97,96,101,95,98],"class_list":{"0":"post-3721","1":"product","2":"type-product","3":"status-publish","4":"has-post-thumbnail","6":"product_cat-gartenduschen","7":"product_cat-duschsaeule","8":"product_cat-garten-dusche","9":"product_cat-oeffentliche-dusche","10":"product_cat-outdoor-dusche","11":"product_cat-pool-dusche","12":"product_cat-sauna-dusche","13":"product_cat-vier-jahresezeiten-duschen","14":"product_tag-aisi316","15":"product_tag-aussendusche","16":"product_tag-aussendusche-edelstahl","17":"product_tag-aussendusche-schweiz","18":"product_tag-edelstahl","19":"product_tag-fontealta","20":"product_tag-fontealta-aussenduschen","21":"product_tag-gartendusche","22":"product_tag-gartendusche-fontealta","23":"product_tag-gartendusche-schweiz","24":"product_tag-gartenduschen-schweiz","25":"product_tag-outdoor-duschen","26":"product_tag-spiegelpoliert","27":"product_tag-terrassen-dusche","28":"product_tag-v4a-edelstahl","30":"first","31":"instock","32":"taxable","33":"shipping-taxable","34":"purchasable","35":"product-type-simple"},"_links":{"self":[{"href":"https:\/\/aussenduschen.ch\/fr\/wp-json\/wp\/v2\/product\/3721","targetHints":{"allow":["GET"]}}],"collection":[{"href":"https:\/\/aussenduschen.ch\/fr\/wp-json\/wp\/v2\/product"}],"about":[{"href":"https:\/\/aussenduschen.ch\/fr\/wp-json\/wp\/v2\/types\/product"}],"version-history":[{"count":3,"href":"https:\/\/aussenduschen.ch\/fr\/wp-json\/wp\/v2\/product\/3721\/revisions"}],"predecessor-version":[{"id":6550,"href":"https:\/\/aussenduschen.ch\/fr\/wp-json\/wp\/v2\/product\/3721\/revisions\/6550"}],"wp:featuredmedia":[{"embeddable":true,"href":"https:\/\/aussenduschen.ch\/fr\/wp-json\/wp\/v2\/media\/3716"}],"wp:attachment":[{"href":"https:\/\/aussenduschen.ch\/fr\/wp-json\/wp\/v2\/media?parent=3721"}],"wp:term":[{"taxonomy":"product_brand","embeddable":true,"href":"https:\/\/aussenduschen.ch\/fr\/wp-json\/wp\/v2\/product_brand?post=3721"},{"taxonomy":"product_cat","embeddable":true,"href":"https:\/\/aussenduschen.ch\/fr\/wp-json\/wp\/v2\/product_cat?post=3721"},{"taxonomy":"product_tag","embeddable":true,"href":"https:\/\/aussenduschen.ch\/fr\/wp-json\/wp\/v2\/product_tag?post=3721"}],"curies":[{"name":"wp","href":"https:\/\/api.w.org\/{rel}","templated":true}]}}