{"id":3710,"date":"2020-08-21T15:45:23","date_gmt":"2020-08-21T15:45:23","guid":{"rendered":"https:\/\/aussenduschen.ch\/product\/classy-shower-c40\/"},"modified":"2025-06-02T09:31:50","modified_gmt":"2025-06-02T09:31:50","slug":"classy-shower-c40","status":"publish","type":"product","link":"https:\/\/aussenduschen.ch\/fr\/product\/classy-shower-c40\/","title":{"rendered":"Classe C40"},"content":{"rendered":"","protected":false},"excerpt":{"rendered":"<p><strong>Classy douche sur pied de Fontealta - description du produit<\/strong><br \/>\nLa douche sur pied Classy de Fontealta allie design italien, haute qualit\u00e9 et fonctionnalit\u00e9 pratique. Fabriqu\u00e9e en acier inoxydable durable Inox Aisi 316 (V4A), elle est id\u00e9ale pour une utilisation dans le jardin, au bord de la piscine, sur la terrasse ou m\u00eame \u00e0 l'int\u00e9rieur, par exemple comme douche de sauna. Son profil mince et minimaliste et sa surface polie miroir en font un point de mire architectural qui s'int\u00e8gre harmonieusement dans les environnements modernes.<\/p>\n<p><strong>Design et confort<\/strong><\/p>\n<ul>\n<li>Design \u00e9l\u00e9gant et intemporel aux courbes douces<\/li>\n<li>Grande pomme de douche \u00e0 effet pluie autonettoyante (\u00d8 300 mm) pour une exp\u00e9rience de douche luxueuse<\/li>\n<li>picots en silicone anticalcaire pour un nettoyage facile et un fonctionnement durable<\/li>\n<li>Disponible en option avec une douchette suppl\u00e9mentaire et un flexible de douche (mod\u00e8le C40.ME)<\/li>\n<li>Composants visibles en inox 316 massif, polis miroir, r\u00e9sistants \u00e0 la corrosion et adapt\u00e9s aux r\u00e9gions c\u00f4ti\u00e8res<\/li>\n<\/ul>\n<p><strong>Donn\u00e9es techniques<\/strong><\/p>\n<ul>\n<li>Mat\u00e9riau : acier inoxydable Aisi 316 (V4A), poli<\/li>\n<li>Hauteur : 223,5 cm<\/li>\n<li>Douche de t\u00eate : \u00d8 300 mm, douche \u00e0 effet pluie, autonettoyante<\/li>\n<li>Douchette \u00e0 main (en option) : Avec flexible de douche de 150 cm (mod\u00e8le C40.ME)<\/li>\n<li>Raccord d'eau : 1\/2\u2033 femelle<\/li>\n<li>Pression de l'eau : 1-5 bar<\/li>\n<li>Alimentation en eau : Alimentation en eau du sol standard<\/li>\n<li>robinet : robinet d'eau froide ou mitigeur de douche \u00e0 une main<\/li>\n<li>Montage : montage au sol, mat\u00e9riel de fixation inclus<\/li>\n<li>Domaine d'utilisation : ext\u00e9rieur et int\u00e9rieur, par exemple saunas<\/li>\n<li>Caract\u00e9ristiques particuli\u00e8res : picots anticalcaires, surface polie<\/li>\n<\/ul>\n<p><strong>Variantes<\/strong><\/p>\n<ul>\n<li>Classy C40 : douche \u00e0 eau froide avec pomme de douche<\/li>\n<li>Classy C40.M : Douche chaude avec mitigeur monocommande<\/li>\n<li>Classy C40.ME : douche \u00e0 eau chaude et froide avec douchette suppl\u00e9mentaire<\/li>\n<\/ul>\n<p><strong>Qualit\u00e9 - Made in Italy<\/strong><br \/>\nChaque douche sur pied Classy est fabriqu\u00e9e individuellement selon les souhaits du client et se distingue par sa long\u00e9vit\u00e9, sa facilit\u00e9 d'entretien et son aspect \u00e9l\u00e9gant. Le mat\u00e9riau utilis\u00e9 est insensible \u00e0 l'oxydation, au calcaire et aux salissures - une garantie de brillance durable et de pr\u00e9servation de la valeur.<\/p>\n<p><strong>Conclusion<\/strong><br \/>\nLa douche sur pied Classy de Fontealta est la solution id\u00e9ale pour tous ceux qui attachent de l'importance au design, \u00e0 la qualit\u00e9 et \u00e0 la fonctionnalit\u00e9. Elle permet de vivre une exp\u00e9rience de douche exclusive \u00e0 l'ext\u00e9rieur ou \u00e0 l'int\u00e9rieur et convainc par sa finition et ses mat\u00e9riaux de haute qualit\u00e9 qui garantissent une longue dur\u00e9e de vie. Elle devient ainsi un point fort styl\u00e9 dans une architecture exigeante.<\/p>","protected":false},"featured_media":3706,"template":"","meta":[],"product_brand":[],"product_cat":[15,133,126,139,125,127,135,128],"product_tag":[99,90,91,92,100,94,103,89,102,93,97,96,101,95,98],"class_list":{"0":"post-3710","1":"product","2":"type-product","3":"status-publish","4":"has-post-thumbnail","6":"product_cat-gartenduschen","7":"product_cat-duschsaeule","8":"product_cat-garten-dusche","9":"product_cat-oeffentliche-dusche","10":"product_cat-outdoor-dusche","11":"product_cat-pool-dusche","12":"product_cat-regendusche-outdoor-dusche","13":"product_cat-sauna-dusche","14":"product_tag-aisi316","15":"product_tag-aussendusche","16":"product_tag-aussendusche-edelstahl","17":"product_tag-aussendusche-schweiz","18":"product_tag-edelstahl","19":"product_tag-fontealta","20":"product_tag-fontealta-aussenduschen","21":"product_tag-gartendusche","22":"product_tag-gartendusche-fontealta","23":"product_tag-gartendusche-schweiz","24":"product_tag-gartenduschen-schweiz","25":"product_tag-outdoor-duschen","26":"product_tag-spiegelpoliert","27":"product_tag-terrassen-dusche","28":"product_tag-v4a-edelstahl","30":"first","31":"instock","32":"taxable","33":"shipping-taxable","34":"purchasable","35":"product-type-simple"},"_links":{"self":[{"href":"https:\/\/aussenduschen.ch\/fr\/wp-json\/wp\/v2\/product\/3710","targetHints":{"allow":["GET"]}}],"collection":[{"href":"https:\/\/aussenduschen.ch\/fr\/wp-json\/wp\/v2\/product"}],"about":[{"href":"https:\/\/aussenduschen.ch\/fr\/wp-json\/wp\/v2\/types\/product"}],"version-history":[{"count":4,"href":"https:\/\/aussenduschen.ch\/fr\/wp-json\/wp\/v2\/product\/3710\/revisions"}],"predecessor-version":[{"id":8560,"href":"https:\/\/aussenduschen.ch\/fr\/wp-json\/wp\/v2\/product\/3710\/revisions\/8560"}],"wp:featuredmedia":[{"embeddable":true,"href":"https:\/\/aussenduschen.ch\/fr\/wp-json\/wp\/v2\/media\/3706"}],"wp:attachment":[{"href":"https:\/\/aussenduschen.ch\/fr\/wp-json\/wp\/v2\/media?parent=3710"}],"wp:term":[{"taxonomy":"product_brand","embeddable":true,"href":"https:\/\/aussenduschen.ch\/fr\/wp-json\/wp\/v2\/product_brand?post=3710"},{"taxonomy":"product_cat","embeddable":true,"href":"https:\/\/aussenduschen.ch\/fr\/wp-json\/wp\/v2\/product_cat?post=3710"},{"taxonomy":"product_tag","embeddable":true,"href":"https:\/\/aussenduschen.ch\/fr\/wp-json\/wp\/v2\/product_tag?post=3710"}],"curies":[{"name":"wp","href":"https:\/\/api.w.org\/{rel}","templated":true}]}}