{"id":4450,"date":"2020-10-14T14:00:24","date_gmt":"2020-10-14T14:00:24","guid":{"rendered":"https:\/\/aussenduschen.ch\/?page_id=4450"},"modified":"2020-12-15T16:12:38","modified_gmt":"2020-12-15T16:12:38","slug":"fachpersonal","status":"publish","type":"page","link":"https:\/\/aussenduschen.ch\/fr\/fachpersonal\/","title":{"rendered":"Personnel sp\u00e9cialis\u00e9"},"content":{"rendered":"<div data-elementor-type=\"wp-page\" data-elementor-id=\"4450\" class=\"elementor elementor-4450\" data-elementor-post-type=\"page\">\n\t\t\t\t\t\t<section class=\"elementor-section elementor-top-section elementor-element elementor-element-238833d elementor-section-full_width elementor-section-height-default elementor-section-height-default qodef-elementor-content-no elementor-invisible\" data-id=\"238833d\" data-element_type=\"section\" data-e-type=\"section\" data-settings=\"{&quot;animation&quot;:&quot;fadeInUp&quot;}\">\n\t\t\t\t\t\t<div class=\"elementor-container elementor-column-gap-no\">\n\t\t\t\t\t<div class=\"elementor-column elementor-col-100 elementor-top-column elementor-element elementor-element-683e1cc\" data-id=\"683e1cc\" data-element_type=\"column\" data-e-type=\"column\">\n\t\t\t<div class=\"elementor-widget-wrap elementor-element-populated\">\n\t\t\t\t\t\t<div class=\"elementor-element elementor-element-a37927d elementor-widget elementor-widget-heading\" data-id=\"a37927d\" data-element_type=\"widget\" data-e-type=\"widget\" data-widget_type=\"heading.default\">\n\t\t\t\t<div class=\"elementor-widget-container\">\n\t\t\t\t\t<h4 class=\"elementor-heading-title elementor-size-default\">Acc\u00e8s pour le personnel qualifi\u00e9<\/h4>\t\t\t\t<\/div>\n\t\t\t\t<\/div>\n\t\t\t\t<div class=\"elementor-element elementor-element-6fa150f elementor-widget elementor-widget-heading\" data-id=\"6fa150f\" data-element_type=\"widget\" data-e-type=\"widget\" data-widget_type=\"heading.default\">\n\t\t\t\t<div class=\"elementor-widget-container\">\n\t\t\t\t\t<h2 class=\"elementor-heading-title elementor-size-default\">Nous encourageons la collaboration avec le personnel sp\u00e9cialis\u00e9. Nous nous ferons un plaisir de vous conseiller au +41 44 825 62 62.\n\nRemplissez le formulaire ci-dessous pour demander un acc\u00e8s personnel au magasin en tant que sp\u00e9cialiste et b\u00e9n\u00e9ficier de conditions sp\u00e9ciales.<\/h2>\t\t\t\t<\/div>\n\t\t\t\t<\/div>\n\t\t\t\t<div class=\"elementor-element elementor-element-abd78b7 elementor-widget elementor-widget-text-editor\" data-id=\"abd78b7\" data-element_type=\"widget\" data-e-type=\"widget\" data-widget_type=\"text-editor.default\">\n\t\t\t\t<div class=\"elementor-widget-container\">\n\t\t\t\t\t\t\t\t\t<p><div id=\"erf_form_container_4449\" class=\"erf-container erf-label-top erf-layout-one-column erf-style-rounded-corner\">\n        <div class=\"erf-reg-form-container\" style=\"\">\n            \n        \n             \n                            <div class=\"erf-content-above\">\n                                    <\/div>\n                <form method=\"post\" enctype=\"multipart\/form-data\" class=\"erf-form erf-front-form\" data-parsley-validate=\"\" novalidate=\"true\" autocomplete=\"off\" data-erf-submission-id=\"0\" data-erf-form-id=\"4449\" action=\"\">\n                    <div class=\"erf-form-html\" id=\"erf_form_4449\">\n                        <div class=\"rendered-form\">\n                        <div class=\"erf-text form-group field-field-QKqxjZUE8iyn8xF erf-element-width-12\"><label for=\"field-QKqxjZUE8iyn8xF\" class=\"erf-text-label\">Entreprise<span class=\"erf-required\">*<\/span><\/label><input type='text' data-ref-label='company' class='form-control' name='field-QKqxjZUE8iyn8xF' required='required' id='field-QKqxjZUE8iyn8xF'  \/><\/div><div class=\"erf-text form-group field-text-P2fj6I erf-element-width-12\"><label for=\"text-P2fj6I\" class=\"erf-text-label\">Pr\u00e9nom<span class=\"erf-required\">*<\/span><\/label><input type='text' class='form-control' name='text-P2fj6I' data-ref-label='First_Name' required='required' id='text-P2fj6I'  \/><\/div><div class=\"erf-text form-group field-text-R5iQ0s erf-element-width-12\"><label for=\"text-R5iQ0s\" class=\"erf-text-label\">Nom de famille<span class=\"erf-required\">*<\/span><\/label><input type='text' class='form-control' name='text-R5iQ0s' data-ref-label='Last_Name' required='required' id='text-R5iQ0s'  \/><\/div><div class=\"erf-email form-group field-text-5YuB7v erf-element-width-12\"><label for=\"text-5YuB7v\" class=\"erf-email-label\">Courriel professionnel<span class=\"erf-required\">*<\/span><span class=\"tooltip-element\" tooltip=\"Wir akzeptieren lediglich gesch\u00e4ftliche Adressen (Bluewin, GMX, Hotmail, etc. sind ausgeschlossen)\"><i class=\"fa fa-info\" aria-hidden=\"true\"><\/i><\/span><\/label><input type='email' required='1' class='form-control' name='text-5YuB7v' data-ref-label='User_Email' id='text-5YuB7v'  \/><\/div><div class=\"erf-password form-group field-text-nK2XRq erf-element-width-12\"><label for=\"text-nK2XRq\" class=\"erf-password-label\">Mot de passe<span class=\"erf-required\">*<\/span><\/label><input type='password' required='1' class='form-control' name='text-nK2XRq' data-ref-label='Password' id='text-nK2XRq'  \/><\/div><div class=\"erf-button form-group field-button-jpOWB0 erf-element-width-12\"><button type='submit'class='btn btn-default'name='button-jpOWB0'data-ref-label='Register'id='button-jpOWB0'>Registre<\/button><\/div>                        <\/div>    \n                    <\/div>   \n\n                    <div class=\"erf-external-form-elements\">\n                        \n                        \n\n                        \n                        \n                                                <div class=\"erf-errors\" style=\"display:none\">\n                            <span class=\"erf-errors-head erf-error-row\">Une erreur s'est produite. Veuillez confirmer vos donn\u00e9es et soumettre \u00e0 nouveau :<\/span>\n                            <div class=\"erf-errors-body\">\n                                                            <\/div> \n                        <\/div>    \n                    <\/div>\n\n                    <!-- Contains multipage Next,Previous buttons -->\n                    <div class=\"erf-form-nav clearfix\"><\/div>  \n\n                    <!-- Single page form button -->\n                    <div class=\"erf-submit-button clearfix\"><\/div>\n\n                    <input type=\"hidden\" name=\"erform_id\" value=\"4449\" \/>\n                    <input type=\"hidden\" id=\"erform_submission_nonce\" name=\"erform_submission_nonce\" value=\"06aef0bd1b\" \/><input type=\"hidden\" name=\"_wp_http_referer\" value=\"\/fr\/wp-json\/wp\/v2\/pages\/4450\" \/>                    <input type=\"hidden\" name=\"action\" value=\"erf_submit_form\" \/>\n                    <input type=\"hidden\" name=\"redirect_to\" id=\"erform_redirect_to\" \/>\n\n                    \n                    \n\n                <input type=\"hidden\" name=\"trp-form-language\" value=\"fr\"\/><\/form>\n                        <\/div>\n\n    \n<\/div>\n<\/p>\t\t\t\t\t\t\t\t<\/div>\n\t\t\t\t<\/div>\n\t\t\t\t\t<\/div>\n\t\t<\/div>\n\t\t\t\t\t<\/div>\n\t\t<\/section>\n\t\t\t\t<\/div>","protected":false},"excerpt":{"rendered":"<p>Acc\u00e8s pour le personnel sp\u00e9cialis\u00e9 Nous encourageons la collaboration avec le personnel sp\u00e9cialis\u00e9. Nous nous tenons volontiers \u00e0 votre disposition pour vous conseiller au +41 44 825 62 62. Remplissez le formulaire ci-dessous pour demander un acc\u00e8s personnel \u00e0 la boutique en tant que personnel sp\u00e9cialis\u00e9 et b\u00e9n\u00e9ficier de conditions sp\u00e9ciales.<\/p>","protected":false},"author":1,"featured_media":0,"parent":0,"menu_order":0,"comment_status":"closed","ping_status":"closed","template":"","meta":{"footnotes":""},"class_list":["post-4450","page","type-page","status-publish","hentry"],"_links":{"self":[{"href":"https:\/\/aussenduschen.ch\/fr\/wp-json\/wp\/v2\/pages\/4450","targetHints":{"allow":["GET"]}}],"collection":[{"href":"https:\/\/aussenduschen.ch\/fr\/wp-json\/wp\/v2\/pages"}],"about":[{"href":"https:\/\/aussenduschen.ch\/fr\/wp-json\/wp\/v2\/types\/page"}],"author":[{"embeddable":true,"href":"https:\/\/aussenduschen.ch\/fr\/wp-json\/wp\/v2\/users\/1"}],"replies":[{"embeddable":true,"href":"https:\/\/aussenduschen.ch\/fr\/wp-json\/wp\/v2\/comments?post=4450"}],"version-history":[{"count":24,"href":"https:\/\/aussenduschen.ch\/fr\/wp-json\/wp\/v2\/pages\/4450\/revisions"}],"predecessor-version":[{"id":4651,"href":"https:\/\/aussenduschen.ch\/fr\/wp-json\/wp\/v2\/pages\/4450\/revisions\/4651"}],"wp:attachment":[{"href":"https:\/\/aussenduschen.ch\/fr\/wp-json\/wp\/v2\/media?parent=4450"}],"curies":[{"name":"wp","href":"https:\/\/api.w.org\/{rel}","templated":true}]}}